{"id":105,"date":"2007-02-27T14:46:10","date_gmt":"2007-02-27T12:46:10","guid":{"rendered":"http:\/\/www.fleischwurst.net\/?page_id=105"},"modified":"2015-02-02T14:05:18","modified_gmt":"2015-02-02T14:05:18","slug":"audioart-compilation-03-various-artists","status":"publish","type":"page","link":"https:\/\/www.gruenrekorder.de\/?page_id=105","title":{"rendered":"AudioArt Compilation 03 | Various Artists"},"content":{"rendered":"<p><img decoding=\"async\" title=\"Artwork: Hartmut Wirks\" src=\"https:\/\/www.gruenrekorder.de\/Photos\/audioart3\/audioart3_front.jpg\" alt=\"Artwork: Hartmut Wirks\" border=\"1\" \/><\/p>\n<p>&nbsp;<\/p>\n<p><strong>AudioArt Compilation 03 | Various Artists<\/strong><\/p>\n<p>Gruen 041 | Audio CD &gt; [<span style=\"color: #ff0000;\">Sold Out<\/span>]<\/p>\n<p>MP3 &gt; <a href=\"http:\/\/itunes.apple.com\/WebObjects\/MZStore.woa\/wa\/viewAlbum?id=304039540&amp;s=143443\" target=\"_blank\">iTunes<\/a><br \/>\n<a href=\"#reviews\">Reviews<\/a><\/p>\n<p>&nbsp;<\/p>\n<p><strong>01 Anthea Caddy and Thembi Soddell<\/strong><\/p>\n<p>plait<\/p>\n<p>(P) 2006, Australia<\/p>\n<p>&nbsp;<\/p>\n<p><strong>02 Stefan Funck<\/strong><\/p>\n<p><a title=\"MP3\" href=\"https:\/\/www.gruenrekorder.de\/mp3\/nachtlkw.stefan_funck.gruenrekorder041.mp3\" target=\"_blank\">MP3<\/a><\/p>\n<p>NachtLKw<\/p>\n<p>(P) 2006, Hamburg\/Germany<\/p>\n<p>&nbsp;<\/p>\n<p><strong>03 Budhaditya Chattopadhyay<\/strong><\/p>\n<p>Benaras<\/p>\n<p>(P) 2006, Kolkata, India<\/p>\n<p>&nbsp;<\/p>\n<p><strong>04 Music for one<\/strong><\/p>\n<p><a title=\"MP3\" href=\"https:\/\/www.gruenrekorder.de\/mp3\/beginnings_with_no_ends.music_for_one.gruenrekorder041.mp3\" target=\"_blank\">MP3<\/a><\/p>\n<p>Beginnings With No Ends<\/p>\n<p>Live at The Social, Nottingham,UK (P) 2002, United Kingdom<\/p>\n<p>&nbsp;<\/p>\n<p><strong>05 Costa Gr\u00f6hn<\/strong><\/p>\n<p>Fundacio Antoni Tapies<\/p>\n<p>Field Recording, 28\/07\/2006, 15:00h Barcelona, Catalonia, Spain (P) 2006, Spain<\/p>\n<p>&nbsp;<\/p>\n<p><strong>06 Brandstifter<\/strong><\/p>\n<p>Rauschgiftengelloops<\/p>\n<p>Live at St. Bonifazius Church 05.11.05, Mainz (P) 2005, Mainz\/Germany<\/p>\n<p>&nbsp;<\/p>\n<p><strong>07 Bela Emerson<\/strong><\/p>\n<p><a title=\"MP3\" href=\"https:\/\/www.gruenrekorder.de\/mp3\/subaqua.bela_emerson.gruenrekorder041.mp3\" target=\"_blank\">MP3<\/a><\/p>\n<p>Subaqua<\/p>\n<p>(P) 2006, United Kingdom<\/p>\n<p>&nbsp;<\/p>\n<p><strong>08 Patrick Franke<\/strong><\/p>\n<p>Cospudener See<\/p>\n<p>Field Recording, Markleeberg\/Teichrohrs\u00e4nger (P) 2006 Leipzig, Germany<\/p>\n<p>&nbsp;<\/p>\n<p><strong>09 Suspicion Breeds Confidence<\/strong><\/p>\n<p>Meriten der Begeisterungsresistenz<\/p>\n<p>(P) 2006, T. Bucalic\/T. Schmitt, Germany<\/p>\n<p>&nbsp;<\/p>\n<p><strong>10 Lasse-Marc Riek<\/strong><\/p>\n<p>Nord-Ostdeutschland 2006<\/p>\n<p>Field Recording, Samow, P\u00f6nitz, Grimmen (P) 2006 Frankfurt am Main\/Germany<\/p>\n<p>&nbsp;<\/p>\n<p><strong>11 etzin<\/strong><\/p>\n<p><a title=\"MP3\" href=\"https:\/\/www.gruenrekorder.de\/mp3\/me_and_myself.etzin.gruenrekorder041.mp3\" target=\"_blank\">MP3<\/a><\/p>\n<p>me and myself<\/p>\n<p>(p) 2006, Frankfurt am Main<\/p>\n<p>&nbsp;<\/p>\n<p><strong>12 etzin\/riek<\/strong><\/p>\n<p>unter the bonnet<\/p>\n<p>Field Recording, motorway service area (P) 2003 Frankfurt am Main\/Germany<\/p>\n<p>&nbsp;<\/p>\n<p><strong>13 Martin Moritz<\/strong><\/p>\n<p><a title=\"MP3\" href=\"https:\/\/www.gruenrekorder.de\/mp3\/mitsubishi.martin_moritz.gruenrekorder041.mp3\" target=\"_blank\">MP3<\/a><\/p>\n<p>Mitsubishi<\/p>\n<p>(P) 2006, Hamburg\/Germany<\/p>\n<p>&nbsp;<\/p>\n<p><strong>14 gran o\u00f9 l\u00e9e<\/strong><\/p>\n<p>Klippenkeks<\/p>\n<p>(Study for a live set) (P) 2005 Koblenz, Germany<\/p>\n<p>&nbsp;<\/p>\n<p><strong>15 Carsten Klook<\/strong><\/p>\n<p>In der Diskothek<\/p>\n<p>Taken from &#8222;Halbe Portion Jubel&#8220; (P) 2005 Hamburg, Germany<\/p>\n<p>&nbsp;<\/p>\n<p>&#8212;<\/p>\n<p>&nbsp;<\/p>\n<p>15 Tracks (71&#8217;28&#8220;)<\/p>\n<p>CD (250 copies)<\/p>\n<p>&nbsp;<\/p>\n<p>Compiled by Gruenrekorder\/Frankfurt am Main<\/p>\n<p>\u00a9 By the artists of Gruenrekorder<\/p>\n<p>\u00a9 Photos\/Artwork: Hartmut Wirks\/Frankfurt am Main<\/p>\n<p>Layout: E6<\/p>\n<p>Gruenrekorder \/ Germany \/ 2006 \/ Gruen\u00a0041 \/ LC 09488<\/p>\n<p>&nbsp;<\/p>\n<p><img decoding=\"async\" title=\"Artwork: Hartmut Wirks\" src=\"https:\/\/www.gruenrekorder.de\/Photos\/audioart3\/audioart3_innen.jpg\" alt=\"Artwork: Hartmut Wirks\" border=\"1\" \/><\/p>\n<p>&nbsp;<\/p>\n<hr size=\"2\" width=\"100%\" \/>\n<p>&nbsp;<\/p>\n<p><a name=\"reviews\"><\/a><strong>Reviews<\/strong><\/p>\n<p>&nbsp;<\/p>\n<p><strong>01 Vital Weekly<\/strong><\/p>\n<p>GRUENREKORDER AUDIOART COMPILATION 03 (compilation CD by Gruenrekorder)<\/p>\n<p>Germany&#8217;s Gruenrekorder label releases many CDRs, all dealing with &#8218;experimental&#8216; music in it&#8217;s wide variety of forms. Field recordings play an important role, but also electronics, improvisation and sound poetry. Every once in a while they release &#8218;real&#8216; CDs, usually compilations, filled with their roster. As such &#8218;Audioart Compilation 03&#8216; is nothing new under the sun. Costa Gr\u00fchn, Lasse-Marc Riek, Stefan Funck, Gran Ou Lee, Etzin, Suspicion Breeds Confidence: they are all names we heard before, on &#8218;Audioart Compilation 02&#8216; and the variety works well here again: from the engine of a car to a techno like song, and more adventurous forms of electronica: they are all there. It&#8217;s almost like a nice experimental radio show, except that there is no talking in between. But perhaps after the introduction from before, you could wonder why they need to be introduced again? Most remarkable, and perhaps one of the few non-German contributions is the one by Anthea Caddy and Thembi Soddell. (FdW)<\/p>\n<p><a title=\"Vital Weekly\" href=\"http:\/\/www.vitalweekly.net\/557.html\" target=\"_blank\">link<\/a><\/p>\n<p>&nbsp;<\/p>\n<p><strong>02 textura | Ron Schepper<\/strong><\/p>\n<p>VA: Audio Art Compilation 03 &#8211; Gruenrekorder<\/p>\n<p>Gruenrekorder&#8217;s compilation features soundscapes from India, Australia, Spain, the UK, and primarily Germany. Inhabiting one end of the spectrum are relatively \u2018pure&#8216; field recordings (Budhaditya Chattopadhyay, Lasse-Marc Riek) which build arrangements from \u2018real&#8216; sounds (water ripples, birds, chanting voices, boat creaks, wind), the extreme case etzin\/riek&#8217;s &#8222;under the bonnet,&#8220; four minutes of engine car noise recorded at the Autobahnrastst\u00e4tte; at the other end are more conventionally musical pieces which stand out all the more for being fewer in number. The prettiest is music for one&#8217;s live electric guitar setting, &#8222;Beginnings With No Ends,&#8220; where simple motifs and swooping arcs turn hypnotic as they grow in number. Compelling too is UK cellist Bela Emerson&#8217;s &#8222;Subaqua&#8220; whose loops and effects generate swirling, kinetic rhythms that at times verge on country-techno. Ranging further beyond are Suspicion Breeds Confidence&#8217;s &#8222;Meriten der Begeisterungsresistenz,&#8220; a slow-moving exercise in psychedelic post-rock, and Martin Moritz&#8217;s &#8222;Mitsubishi,&#8220; an anomalous sampling of bleepy techno sputter. More representative of the collection are pieces that straddle multiple realms: Stefan Funck&#8217;s eerie, multi-layered dreamscape &#8222;NachtLKw,&#8220; Brandstifter&#8217;s &#8222;Rauschgiftengelloops,&#8220; which drowns blurry choral voices in ambient noise, and &#8222;plait&#8220; by Australian sound artists Anthea Caddy and Thembi Soddell which layers violent cello scrapes over a nearly inaudible base. AudioArt Compilation 03 offers a good representation, then, of soundscape-related activity dedicated to exploring the \u2018musicality of natural sound&#8216; though now might be as good a time as any to suggest a moratorium on bird and water sounds. January 2007<\/p>\n<p><a title=\"textura | Ron Schepper\" href=\"http:\/\/www.textura.org\/reviews\/audioart3.htm\" target=\"_blank\">link<\/a><\/p>\n<p>&nbsp;<\/p>\n<p><strong>03 Quietnoise | Tobias Bolt<\/strong> 2007-01-24<\/p>\n<p>Review &#8211; \u00bbAudio Art Compilation 03\u00ab Various Artists &#8211; \u00bbAudio Art Compilation 03\u00ab (Gruenrekorder)<\/p>\n<p>Auch mit dem dritten Teil dieser Sampler-Reihe erm\u00f6glicht Gruenrekorder einen sch\u00f6nen Blick auf zumeist recht aktuelle Arbeiten der beteiligten K\u00fcnstler, wobei gleich mal auff\u00e4llt, dass im direkten Vergleich zum Vorg\u00e4nger einige neue Namen im Booklet auftauchen. Inhaltlich geraten die f\u00fcnfzehn Tracks dann erneut zu einer erfreulich widerborstigen Ansammlung von quer \u00fcber den hier schwammig zu denkenden Begriff Soundscape gef\u00e4cherten Beitr\u00e4gen, die von gewitzter Sound Poetry &#8211; Carsten Klook mit dem fantastischen Rausschmei\u00dfer \u00bbIn der Discothek\u00ab &#8211; \u00fcber spr\u00f6de Klangskulpturen, wie beispielsweise \u00bbSubaque\u00ab von Bela Emerson, bis hin zum klassischen Aufgabengebiet Field Recordings reichen. Diese stellen auch den Gro\u00dfteil der Arbeiten, dabei entweder g\u00e4nzlich im Urzustand belassen oder auch mittels lediglich sanften Treatments zu atmosph\u00e4rischen Soundcollagen verstrichen. Ein besonders sch\u00f6nes Beispiel f\u00fcr die zuletzt genannte Kategorie ist \u00bbNachtLKW\u00ab von Stefan Funck, der auf Tausendfuessler bereits eine kopfkinolastige Kurzstudie aus Eis und Schnee entworfen hat, und hier elegant Feldaufnahmen zu schwerelosen Drones \u00fcbereinander schichtet. Brandstifter liefern mit \u00bbRauschgiftengelloops\u00ab einen ebenso gelungenen Live-Mitschnitt aus der St. Bonifaz Kirche in Mainz, in dem Schallplatten-Loops von Chorges\u00e4ngen zu ruppig waberndem, vielschichtigem Ambient verklebt werden. Unbearbeitete Field Recordings steuern unter anderem Budhaditya Chattopadhyay (Indien), Costa Gr\u00f6hn (Barcelona), Patrick Franke (Cospudener See, Markleeberg) und Lasse-Marc Riek (Nord-Ostdeutschland) bei, wogegen man bei \u00bbMeriten der Begeisterungsresistenz\u00ab von Suspicion Breeds Confidence einer sehr entspannten \u00dcbung im Einzugsgebiet von elektronisch generiertem Ambient beiwohnen kann und music for one auf \u00bbBeginnins With No Ends\u00ab einfache Gitarrenfiguren hypnotisch geloopt um sich selbst kreisen lassen. Und auch die weiteren Beitr\u00e4ge bef\u00f6rdern den positiven weil ausgesprochen eigenwilligen Gesamteindruck eines Projekts, das sich als kraftvoller und h\u00f6renswerter Entwurf weit abseits von herk\u00f6mmlichen Anspr\u00fcchen und zugekn\u00f6pften H\u00f6rgewohnheiten pr\u00e4sentiert.<\/p>\n<p><a title=\"Quietnoise | Tobias Bolt\" href=\"http:\/\/www.quietnoise.org\/main.php?mode=r&amp;id=64&amp;arc=curr\" target=\"_blank\">link<\/a><\/p>\n<p>&nbsp;<\/p>\n<p><strong>04 DE:BUG <\/strong> | <a href=\"http:\/\/de-bug.de\/reviews\/30595.html\" target=\"_blank\">link<\/a><\/p>\n<p><a href=\"http:\/\/de-bug.de\/reviews\/30595.html\" target=\"_blank\"><img decoding=\"async\" title=\"DE:BUG\" src=\"https:\/\/www.gruenrekorder.de\/Photos\/debug.jpg\" alt=\"DE:BUG\" \/><\/a><\/p>\n<p>&nbsp;<\/p>\n<p><strong>05 Heathen Harvest<\/strong><\/p>\n<p>Gruenrekorder\u2019s Audio Art Compilation 03, a collection of soundscapes from across the world, provides an excellent accompaniment to a windowed early morning train ride to work. There\u2019s just enough hushed noise of the birds and water variety to create a seamless blend between the cloud-filled, blue sky of the world outside and the interior space of one\u2019s headphones. At first. Then comes the rush of industrial organization, wheels grinding into place, and bells ringing. Throughout the album the artists circulate wildly between these poles, intruding on pacifying moments with bowed screeches and electronic whirs. And, since, hopefully one\u2019s commute to work isn\u2019t as long as this record, the last few tracks provide a pick-me-up, a few danceable beats even, to carry one home after work and over a new threshold entirely.<\/p>\n<p>&nbsp;<\/p>\n<p>Every so often a song interrupts the nature and klaxon mix to introduce a daydreamy concept, a few stolen moments of fading away from one\u2019s fellow commuters. Standing out among these stand outs is Music for One (Canadian guitarist Sherry Ostapovitch)\u2019s charming &#8222;Beginnings With No Ends&#8220;, which sounds like an outtake from Lee Ranaldo\u2019s recent guitarwork at its most lucid, chiming moments. The guitar beats slowly step over the frets, pausing between notes, as if the guitarist is casting her eyes over the surrounding scenery, adding the slow motion time of a visualscape to the soundscape. Whereas Music for One\u2019s guitar drifts oscillates wildly, Bela Emerson\u2019s &#8222;Subaqua&#8220; renders the cello unrecognizable, looping it rapidly, as wider themes circumscribe vicious scrapes of and sawings at the instrument. The density of these two pieces adds a welcome degree of interruption to an album that can occasionally drift into the mesmerizing calm of soundscape beachcombing. Among the tracks that wring unease from soundfields and quiet are Suspicion Breeds Contempt\u2019s &#8222;Meriten der Begeisterungsresistenz&#8220; and Lasse-Marc Riek\u2019s &#8222;Nord-Ostdeutshland 2006,&#8220; both pieces that distend the more ambient forays found elsewhere on the album.<\/p>\n<p>&nbsp;<\/p>\n<p>Gruenrekorder has embarked on a difficult task, collecting soundscapes without sidestepping too far into bird squawks and wind tunnels, and for the most part, they\u2019ve succeeded in a creating an album of sparkly sequencing.<\/p>\n<p><a title=\"Heathen Harvest \" href=\"http:\/\/www.heathenharvest.com\/article.php?story=2007022505184244\" target=\"_blank\">link<\/a><\/p>\n<p>&nbsp;<\/p>\n<p><strong>06 skug &#8211; Journal f\u00fcr Musik | Alfred Pranzl<\/strong><\/p>\n<p>&nbsp;<\/p>\n<p>Dem Ausloten von Klang gibt die \u00bbAudio Art Compilation 03\u00ab (Gruenrekorder) Raum. \u00bbNachtLKW\u00ab von Stefan Funck etwa hat ein b\u00f6ses Bassfrequenzwummern, w\u00e4hrend \u00bbBenares\u00ab von Budhaditya Chattopadhyay ein stimmiges Field Recording aus der indischen Pilgerstadt am Ganges ist. Music For One tr\u00e4gt ein wahres Juwel mit postrockigen Gitarren bei, oder Bela Emerson wundersame repetitive Geigenloopverschr\u00e4nkungen. Eine Vogelstimmencollage von Suspicious Breeds Confidence und ein originelles Mopedsample von Klippenkeks sind weitere Glanzpunkte aus der spannenden Compilation.<\/p>\n<p><a href=\"http:\/\/www.skug.at\/index.php?Art_ID=4256\" target=\"_blank\">link<\/a><\/p>\n<p>&nbsp;<\/p>\n<p><strong>07 EAR\/Rational | Don Poe<\/strong><\/p>\n<p>Wow, the artwork on this folded\/opening digipack is really eye-catching. Nice job! Let&#8217;s start with Track 4 by Beginnings with No Ends &#8222;Music for One.&#8220; This is a delicate piece with slight electronics and (maybe) a guitar. Very mellow and happy making. Cool glissandos in this one. A different track sounds like a race car getting started and gunning around town. Damn, some poor gear shifting in there, though! benaras hasa track titled &#8222;Budhaditya Chattopadhyay&#8220; that sounds like it was recorded in Tibet. It strings together, smoothly, kids singing, a man chanting, bells and all things Buddhist sounding. Klippenkeks provides a windy sounding tortured electronics and buzzers piece. There are many more here!<\/p>\n<p><a href=\"http:\/\/www.ear-rational.com\/detail.php?id=39631&amp;searchparm=gruenrekorder&amp;order=&amp;offset=20\" target=\"_blank\">link<\/a><\/p>\n","protected":false},"excerpt":{"rendered":"<p>&nbsp; AudioArt Compilation 03 | Various Artists Gruen 041 | Audio CD &gt; [Sold Out] MP3 &gt; iTunes Reviews &nbsp; 01 Anthea Caddy and Thembi Soddell plait (P) 2006, Australia &nbsp; 02 Stefan Funck MP3 NachtLKw (P) 2006, Hamburg\/Germany &nbsp; 03 Budhaditya Chattopadhyay Benaras (P) 2006, Kolkata, India &nbsp; 04 Music for one MP3 Beginnings [&hellip;]<\/p>\n","protected":false},"author":3,"featured_media":0,"parent":0,"menu_order":0,"comment_status":"open","ping_status":"open","template":"","meta":{"ngg_post_thumbnail":0,"footnotes":""},"class_list":["post-105","page","type-page","status-publish","hentry"],"_links":{"self":[{"href":"https:\/\/www.gruenrekorder.de\/index.php?rest_route=\/wp\/v2\/pages\/105","targetHints":{"allow":["GET"]}}],"collection":[{"href":"https:\/\/www.gruenrekorder.de\/index.php?rest_route=\/wp\/v2\/pages"}],"about":[{"href":"https:\/\/www.gruenrekorder.de\/index.php?rest_route=\/wp\/v2\/types\/page"}],"author":[{"embeddable":true,"href":"https:\/\/www.gruenrekorder.de\/index.php?rest_route=\/wp\/v2\/users\/3"}],"replies":[{"embeddable":true,"href":"https:\/\/www.gruenrekorder.de\/index.php?rest_route=%2Fwp%2Fv2%2Fcomments&post=105"}],"version-history":[{"count":3,"href":"https:\/\/www.gruenrekorder.de\/index.php?rest_route=\/wp\/v2\/pages\/105\/revisions"}],"predecessor-version":[{"id":13519,"href":"https:\/\/www.gruenrekorder.de\/index.php?rest_route=\/wp\/v2\/pages\/105\/revisions\/13519"}],"wp:attachment":[{"href":"https:\/\/www.gruenrekorder.de\/index.php?rest_route=%2Fwp%2Fv2%2Fmedia&parent=105"}],"curies":[{"name":"wp","href":"https:\/\/api.w.org\/{rel}","templated":true}]}}