{"id":10987,"date":"2013-12-10T13:24:11","date_gmt":"2013-12-10T13:24:11","guid":{"rendered":"http:\/\/www.gruenrekorder.de\/?page_id=10987"},"modified":"2023-03-25T21:46:59","modified_gmt":"2023-03-25T21:46:59","slug":"series-invisible-christoph-korn-lasse-marc-riek-2","status":"publish","type":"page","link":"https:\/\/www.gruenrekorder.de\/?page_id=10987","title":{"rendered":"Series Invisible &#8211; Collection 2 | Christoph Korn &#038; Lasse-Marc Riek"},"content":{"rendered":"<p><img decoding=\"async\" title=\"Series Invisible | Christoph Korn &amp; Lasse-Marc Riek\" src=\"https:\/\/www.gruenrekorder.de\/Photos\/099_cover.jpg\" alt=\"Series Invisible | Christoph Korn &amp; Lasse-Marc Riek\" border=\"1\" \/><\/p>\n<p>&nbsp;<\/p>\n<p><strong>Series Invisible &#8211;\u00a0Collection 2 | <a href=\"https:\/\/www.gruenrekorder.de\/?page_id=370\">Christoph Korn<\/a> &amp; <a href=\"https:\/\/www.gruenrekorder.de\/?page_id=21\">Lasse-Marc Riek<\/a><\/strong><br \/>\nGruen 099 | BOOK\u00a0&gt; [<a href=\"https:\/\/shop.gruenrekorder.de\/?full#Gruen_099\" target=\"_blank\" rel=\"noopener\">order<\/a>]<br \/>\nCollection 2<\/p>\n<p><a href=\"https:\/\/www.gruenrekorder.de\/?page_id=344\">Collection 1<\/a><\/p>\n<p><a href=\"#reviews\">Reviews<\/a><\/p>\nngg_shortcode_0_placeholder\n<p>&nbsp;<\/p>\n<p>The book contains a detailed list of recordings and a detailed list of date and location of the erasure of these recodings!<\/p>\n<p>&nbsp;<\/p>\n<p>The sound of selected locations or specific sound phenomena have been recorded using a digital audio recording device. Later on these recordings were deleted. This process of finding a location, recording and deleting is then captured textually. The result is an audio-event noted and transformed into script. The choice of the locations is purely subjective and does not follow any systematic interest.<br \/>\n( Korn \/ Riek )<\/p>\n<p>&nbsp;<\/p>\n<p>Introduction by <a href=\"http:\/\/www.kunstakademie-muenster.de\/kunstwissenschaftliche-professur\/\" target=\"_blank\" rel=\"noopener\">Georg Imdahl<\/a><br \/>\nIn photography, Roland Barthes writes, \u00bbit cannot be denied that the thing existed\u00ab. In Austerlitz, W.G. Sebald has his protagonist report that something dissolves exactly where he \u00bbmakes the effort to remember\u00ab \u2212 \u00bbthe darkness does not lift but becomes yet heavier as I think how little we can hold in mind, how everything is constantly lapsing into oblivion with every extinguished life, how the world is, as it were, draining itself, in that the history of countless places and objects which themselves have no power of memory is never heard, never described or passed on\u00ab.<br \/>\nThe logs of recording and deletion of \u00bbseries invisible\u00ab testify with very little data \u2013 location, recording, deletion, duration \u2013 that something happened. They are sounds that were recorded and deleted, not images. And yet does the invisible in the series title come full circle toward photography ? Concretely, the notes remind us of locations, persons, events, not least of the self-emptying of the world, of life annihilated, oblivion, which, partially and paradigmatically, is snatched from itself, of the process of recording and deleting, of memory itself.<\/p>\n<p>&nbsp;<\/p>\n<hr size=\"2\" width=\"100%\" \/>\n<p>&nbsp;<\/p>\n<p>\u00a9 2013 <a href=\"http:\/\/www.christophkorn.de\/\" target=\"_blank\" rel=\"noopener\">Christoph Korn<\/a> \/ <a href=\"http:\/\/lasse-marc-riek.de\/\" target=\"_blank\" rel=\"noopener\">Lasse-Marc Riek<\/a>\u00a0 &amp; <a href=\"http:\/\/www.onomato.de\/buch\/radix.html\" target=\"_blank\" rel=\"noopener\">RADIX<\/a><br \/>\nAll rights reserved. Reprints, including excerpts, are permitted only with the express permission of the publisher.<\/p>\n<p>&nbsp;<\/p>\n<p>Phonurgia Nova Award, distinction, in the category Intermedia, Paris 2008.<br \/>\n\u201eSeries Invisible\u201c is an ongoing project. Collection 3 is planned to be released in autumn 2015.<\/p>\n<p>&nbsp;<\/p>\n<p>Graphic Design: <a href=\"http:\/\/www.u9.net\/\" target=\"_blank\" rel=\"noopener\">U9 visuelle Allianz<\/a><br \/>\nTranslation: Bruce Carnevale<br \/>\nProduced by Gruenrekorder, RADIX and Christoph Korn \/ Lasse-Marc Riek<br \/>\nPublished by RADIX and Gruenrekorder<\/p>\n<p>&nbsp;<\/p>\n<p>Thanks to the kind assistance of U9 visuelle Allianz<br \/>\nRADIX Kunstbuch \/ imprint bei <a href=\"http:\/\/www.onomato.de\/buch\/radix.html\" target=\"_blank\" rel=\"noopener\">onomato Verlag KG<\/a><br \/>\nISBN 978-3-942864-24-4<br \/>\n50 Tracks (0\u203200\u2033) \/ Book (500 copies)<\/p>\n<p>&nbsp;<\/p>\n<p><a href=\"http:\/\/www.series-invisible.de\/\" target=\"_blank\" rel=\"noopener\">www.series-invisible.de<\/a><\/p>\n<p>&nbsp;<\/p>\n<p>Sound Art Series by Gruenrekorder<br \/>\nGermany \/ 2013 \/ Gruen 099 \/ LC 09488<\/p>\n<p>&nbsp;<\/p>\n<hr size=\"2\" width=\"100%\" \/>\n<p>&nbsp;<\/p>\n<p><a name=\"reviews\"><\/a><strong>Reviews<\/strong><\/p>\n<p>&nbsp;<\/p>\n<p><strong><a href=\"http:\/\/idwalfisher.blogspot.de\" target=\"_blank\" rel=\"noopener\">IDWAL FISHER &#8211; an antimacassar for the hearing<\/a><\/strong><br \/>\nThe black square you see above is in fact a small booklet containing a list of locations where Lasse-Marc Riek and Christoph Korn captured a series of 50 field recordings. Dates, times, location and notes such as \u2018recorded from a row of bushes\u2019 are dutifully reproduced. More importantly they also note the date and time these recordings were deleted. For these recordings now exist only as words on pages and nothing else. The Roland Barthes quote \u2018it cannot be denied that the thing existed\u2019 as reproduced courtesy of Georg Imdahl\u2019s introduction says it all.<br \/>\nThankfully for the rest of us, and my aching brain, the remaining releases haven\u2019t been deleted. [<a href=\"http:\/\/idwalfisher.blogspot.de\/2014\/02\/gruenrekorder.html\" target=\"_blank\" rel=\"noopener\">&#8230;<\/a>]<br \/>\n<a href=\"http:\/\/idwalfisher.blogspot.de\/2014\/02\/gruenrekorder.html\" target=\"_blank\" rel=\"noopener\">link<\/a><\/p>\n<p>&nbsp;<\/p>\n<p><strong>Ian Holloway | <a href=\"http:\/\/ian-quietworld.blogspot.de\" target=\"_blank\" rel=\"noopener\">Quiet World &#038; Wonderful Wooden Reasons<\/a><\/strong><br \/>\nBooklet<br \/>\n<em>Location<\/em> Swansea (UK). Typed on an out of date PC on a sideboard masquerading as a desk. <em>Written<\/em> 02.05.14, 1.23 PM <em>Deleted<\/em> 02.05.14 6.10 PM <em>Duration<\/em> 193 words<br \/>\n<a href=\"http:\/\/ian-quietworld.blogspot.de\/2014\/05\/music-review-christoph-korn-lasse-marc.html\" target=\"_blank\" rel=\"noopener\">link<\/a><\/p>\n<p>&nbsp;<\/p>\n<p><strong>Aurelio Cianciotta | <a href=\"http:\/\/neural.it\" target=\"_blank\" rel=\"noopener\">Neural<\/a><\/strong><br \/>\nIn almost twenty years of reviewing audio art and experimental music for Neural I have run into several extremely \u2018tough\u2019 projects that cross a broad range of styles, formats and media. In the newsroom was the prevailing belief that we were ready for anything. It seems we were not \u2013 in fact, we never imagined we could encounter an album such as this \u2013 one that cannot but produce a wry grin in response. The project consists of only descriptions of the locations and times of the recordings captured, their duration and information regarding their subsequent deletion. Over time we have come across many very odd projects (some perhaps more terrifying and radical than this one). What remains here is an elegant booklet, proof of the procedure of recording certain spatio-temporal locations and the destruction of audio material ultimately transmuted into script. The authors point out that the choice of locations was purely personal and did not follow any systematic interests. In light of this, the stressing of the correct name of Franz Kafka as opposed to Frank Kafka on the paper of rectification, seems to us a bit suspicious and cryptic, seemingly referring to some extreme and paradoxical situation. In the introduction notes Georg Imdahl underlines that \u201csomething has happened\u201d and concretely the \u201clogs\u201d of Series Invisible remind us of the places, people, events, \u201cnot last the self-emptying of the world and of the defeated life\u201d: a kind of oblivion that is in some part detached from existence.<br \/>\n<a href=\"http:\/\/neural.it\/2014\/05\/christoph-korn-lasse-marc-riek-series-invisible-collection-2\/\" target=\"_blank\" rel=\"noopener\">link<\/a><\/p>\n<p>&nbsp;<\/p>\n<p><strong>Guillaume Belhomme | <a href=\"http:\/\/grisli.canalblog.com\" target=\"_blank\" rel=\"noopener\">Le son du grisli<\/a><\/strong><br \/>\nA leur collection de field recordings inaudibles mais quand m\u00eame retranscrits sur papiers (date d\u2019enregistrement et localisation, date d\u2019effacement et localisation, enfin, dur\u00e9e de la chose effac\u00e9e), Christoph Korn et Lasse-Marc Riek ajoutent aujourd\u2019hui un second tome : Series Invisible Collection 2.<br \/>\nComme hier \u2013 le premier volume peut \u00eatre consult\u00e9 ici \u2013, un petit livre noir atteste la br\u00e8ve existence d\u2019une cinquantaine de captations interdites de conservation : un CD, qui aurait pu \u00eatre vierge, aurait-il donn\u00e9 la preuve qu\u2019il n\u2019y avait d\u00e9sormais l\u00e0 \u2013 c\u2019est-\u00e0-dire pr\u00e8s de la mer \u00e0 Cascais ou \u00e0 la Baie des Tr\u00e9pass\u00e9s, dans un appartement priv\u00e9 de D\u00fcsseldorf ou sur la tombe de Kafka \u00e0 Prague\u2026 \u2013 plus rien \u00e0 entendre, m\u00eame pas la preuve de ce rien-l\u00e0 ?<br \/>\nAlors, les traces de ces sons perdus sont d\u2019encre, et si Barthes et Sebald servent au duo \u00e0 expliquer son geste, on osera, pour excuser leurs vains transports, le Beckett de Cap au pire : \u00ab A force de long vouloir \/ Tout vouloir envol\u00e9 \u00bb.<br \/>\n<a href=\"http:\/\/grisli.canalblog.com\/archives\/2014\/05\/13\/29865380.html\" target=\"_blank\" rel=\"noopener\">link<\/a> &#8211; <a href=\"http:\/\/augrisliclandestin.tumblr.com\/post\/85629140462\" target=\"_blank\" rel=\"noopener\">pictures<\/a><\/p>\n<p>&nbsp;<\/p>\n<p><strong>Tina Manske | <a href=\"http:\/\/culturmag.de\/musik\" target=\"_blank\" rel=\"noopener\">Musikmag<\/a><\/strong><br \/>\nPostmoderne Field Recordings<br \/>\nUnd zum Schluss noch eine ganz besonders sch\u00f6ne Idee: in der \u201eSeries Invisible\u201c haben sich Christoph Korn und Lasse-Marc Riek zum zweiten Mal den Spa\u00df gemacht, eigene Feldaufnahmen schriftlich zu kartografieren, um sie danach zu l\u00f6schen und auch das L\u00f6schdatum mit in den Karteikarteneintrag hineinzuschreiben. Man liest in diesem sch\u00f6n schwarz gehaltenen Booklet also Dinge wie: \u201eLocation: Train Station, Record: 03.09.12, 2:15 PM, Bad Kleinen (D), Delete 03.09.12, 8:56 PM, Duration: 4\u201940\u201d\u201c (die politische Konnotation des Ortes ist beabsichtigt).<\/p>\n<p>&nbsp;<\/p>\n<p>Und es funktioniert tats\u00e4chlich, man beginnt als Nichth\u00f6rer, sich die Szenerie selbst im Kopf und im Geh\u00f6rgang auszumalen, ebenso wie Sounds der British Library in London kurz vor Mittag oder am Grab von Franz Kafka in Prag. Postmoderner geht\u2019s wohl nimmer.<br \/>\n<a href=\"http:\/\/culturmag.de\/musik\/soundcollage-neue-feldaufnahmen\/79491\" target=\"_blank\" rel=\"noopener\">link<\/a><\/p>\n<p>&nbsp;<\/p>\n<p><strong>Brian Olewnick | <a href=\"http:\/\/olewnick.blogspot.fr\" target=\"_blank\" rel=\"noopener\">Just outside<\/a><\/strong><br \/>\nTrack 31 &#8211; Location- Grave of Franz Kafka; Record- 28.03.11, 3.54 PM, New Jewish Cemetery, Prague (CZ) Delete- 01.04.11, 12.21 PM, Duration- 2&#8217;15&#8220;<\/p>\n<p>&nbsp;<\/p>\n<p>One of fifty entries in this collection, made up of similarly formatted descriptions of site recordings realized by Korn and Riek from 2005 to 2012, subsequently erased. The CD-sized book devotes two pages to the procedure and some of the ideas behind it (notes by Georg Imdahl), then lists each recording, in blue text, one per page, in chronological order. The reader (the would-be listener) forms a mental image, visual certainly, perhaps aural, even olfactory of the place and time and imagines what the pair experienced. This is the second such collection, the first, published in 2007, follows the same structure, though with more notes.<\/p>\n<p>&nbsp;<\/p>\n<p>It&#8217;s a bit akin to Manfred Werder&#8217;s works, I think, of which I&#8217;ve questioned the need to actually record them rather than &#8222;doing it yourself&#8220; and experiencing them directly. Here again, you&#8217;re at a remove from the action, simply thinking about what Korn and Riek heard and felt on these occasions and then chose to hide. There&#8217;s something magical about that. I dont suppose you&#8217;d want everyone doing it, but I&#8217;m very happy someone has. I like it a lot.<br \/>\n<a href=\"http:\/\/olewnick.blogspot.fr\/2014\/01\/christoph-kornlasse-marc-riek.html\" target=\"_blank\" rel=\"noopener\">link<\/a><\/p>\n<p>&nbsp;<\/p>\n<p><strong>Frans de Waard | <a href=\"http:\/\/www.vitalweekly.net\" target=\"_blank\" rel=\"noopener\">VITAL WEEKLY<\/a><\/strong><br \/>\nThe other release by Gruenrekorder is an odd ball. It&#8217;s a small booklet, roughly CD sized and it contains a list of recordings made by Christoph Korn and Gruenrekorder boss Lasse-Marc Riek and a list when these recordings were erased. Yes, exactly, I was thinking the same thing. &#8222;The sound of selected locations or specific sound phenomena have been recorded using a digital audio recording device. Later on these recordings were deleted. This process of finding a location, recording and deleting is then captured textually. The result is an audio-event noted and transformed into script. The choice of the locations is purely subjective and does not follow any systematic interest.&#8220; Apparently this is number two in a series, collection 3 &#8222;is planned to be released in autumn 2015&#8220;. Yes, I failed to see the relevance here too.<br \/>\n<a href=\"http:\/\/www.vitalweekly.net\/912.html\" target=\"_blank\" rel=\"noopener\">link<\/a><\/p>\n<p>&nbsp;<\/p>\n<p><strong>Series Invisible | <a href=\"https:\/\/www.gruenrekorder.de\/?page_id=370\">Christoph Korn<\/a> &amp; <a href=\"https:\/\/www.gruenrekorder.de\/?page_id=21\">Lasse-Marc Riek<\/a> <\/strong><br \/>\n<strong>@ Curt Cuisine | <a href=\"https:\/\/www.gruenrekorder.de\/?page_id=12999\">skug \u2013 Journal f\u00fcr Musik<\/a><\/strong><br \/>\nHail to the Sound!<br \/>\nEine kurze W\u00fcrdigung des deutschen Gruenrekorder-Labels.<\/p>\n","protected":false},"excerpt":{"rendered":"<p>&nbsp; Series Invisible &#8211;\u00a0Collection 2 | Christoph Korn &amp; Lasse-Marc Riek Gruen 099 | BOOK\u00a0&gt; [order] Collection 2 Collection 1 Reviews &nbsp; The book contains a detailed list of recordings and a detailed list of date and location of the erasure of these recodings! &nbsp; The sound of selected locations or specific sound phenomena have [&hellip;]<\/p>\n","protected":false},"author":3,"featured_media":0,"parent":0,"menu_order":0,"comment_status":"closed","ping_status":"open","template":"","meta":{"ngg_post_thumbnail":0,"footnotes":""},"class_list":["post-10987","page","type-page","status-publish","hentry"],"_links":{"self":[{"href":"https:\/\/www.gruenrekorder.de\/index.php?rest_route=\/wp\/v2\/pages\/10987","targetHints":{"allow":["GET"]}}],"collection":[{"href":"https:\/\/www.gruenrekorder.de\/index.php?rest_route=\/wp\/v2\/pages"}],"about":[{"href":"https:\/\/www.gruenrekorder.de\/index.php?rest_route=\/wp\/v2\/types\/page"}],"author":[{"embeddable":true,"href":"https:\/\/www.gruenrekorder.de\/index.php?rest_route=\/wp\/v2\/users\/3"}],"replies":[{"embeddable":true,"href":"https:\/\/www.gruenrekorder.de\/index.php?rest_route=%2Fwp%2Fv2%2Fcomments&post=10987"}],"version-history":[{"count":40,"href":"https:\/\/www.gruenrekorder.de\/index.php?rest_route=\/wp\/v2\/pages\/10987\/revisions"}],"predecessor-version":[{"id":20415,"href":"https:\/\/www.gruenrekorder.de\/index.php?rest_route=\/wp\/v2\/pages\/10987\/revisions\/20415"}],"wp:attachment":[{"href":"https:\/\/www.gruenrekorder.de\/index.php?rest_route=%2Fwp%2Fv2%2Fmedia&parent=10987"}],"curies":[{"name":"wp","href":"https:\/\/api.w.org\/{rel}","templated":true}]}}