{"id":12600,"date":"2014-11-05T00:01:59","date_gmt":"2014-11-05T00:01:59","guid":{"rendered":"http:\/\/www.gruenrekorder.de\/?page_id=12600"},"modified":"2014-11-05T00:20:57","modified_gmt":"2014-11-05T00:20:57","slug":"juan-manuel-castrillo","status":"publish","type":"page","link":"https:\/\/www.gruenrekorder.de\/?page_id=12600","title":{"rendered":"Juan Manuel Castrillo"},"content":{"rendered":"<p><img decoding=\"async\" title=\"Juan Manuel Castrillo\" src=\"https:\/\/www.gruenrekorder.de\/Photos\/juan_manuel_castrillo.jpg\" alt=\"Juan Manuel Castrillo\" border=\"1\" \/><\/p>\n<p>&nbsp;<\/p>\n<p><strong>Juan Manuel Castrillo<\/strong><br \/>\n(b. 1979, Argentina) He graduated as Superior Sound Technician at Escuela de Comunicaci\u00f3n Audiovisual La Metro (Cordoba, Argentina). Mostly works in the field of phonography, soundscape composition, sound installation, and also for films, documentaries and tv.<\/p>\n<p>&nbsp;<\/p>\n<p>Performed and exhibited in venues and festivals such as:<br \/>\nSanto Noise IV &amp; V Festival de Ruido, Experimentaci\u00f3n Sonora e Improvisaci\u00f3n, (Universidad Nacional de C\u00f3rdoba, C\u00f3rdoba, Argentina); Monte S\u00f3nico: Festival de<br \/>\nGrabaciones de Campo y Experimentos Sonoros (Casona Municipal. C\u00f3rdoba, Argentina); Mercado de Arte Eggo: Feria de Galer\u00edas de Arte de Argentina (La C\u00fapula Galer\u00eda de Arte\/Media Lab, C\u00f3rdoba, Argentina); Active Crossover Cordoba, In collaboration with Simon Whetham (UK), (La C\u00fapula Galer\u00eda de Arte\/ Media Lab, C\u00f3rdoba, Argentina); VII Cologne OFF Video Art International Festival (CeC Carnival of Creativity,The Academy of Electronic Arts. Uttarakhand, India); Docta Cine 2012: Muestra de Cine Nacional, Cordob\u00e9s y Nuevas Tendencias (Espacio INCAA, Ciudad de las Artes, C\u00f3rdoba, Argentina); Habeas Corpus II Performance Festival (Chateau Centro de Arte Contempor\u00e1neo. C\u00f3rdoba, Argentina), VI Cologne OFF Video Art International Festival (Culture and Arts Project NOASS. Riga, Latvia); Tsonami Encuentro Internacional de Arte Sonoro y Nuevas M\u00fasicas (Centro Cultural Recoleta, Buenos Aires, Argentina); Free Improvisation Performance, in collaboration with Marcelo Armani (BRA) &amp; Fernando Perales (ARG) (Una Casa, Buenos Aires, Argentina).<\/p>\n<p>&nbsp;<\/p>\n<p><strong>Gruenrekorder:<\/strong><br \/>\nJuan Manuel Castrillo: &#8222;<a href=\"https:\/\/www.gruenrekorder.de\/?page_id=12593\">El Coro de Arasy<\/a>&#8220; (GrDl 151\/14)<\/p>\n","protected":false},"excerpt":{"rendered":"<p>&nbsp; Juan Manuel Castrillo (b. 1979, Argentina) He graduated as Superior Sound Technician at Escuela de Comunicaci\u00f3n Audiovisual La Metro (Cordoba, Argentina). Mostly works in the field of phonography, soundscape composition, sound installation, and also for films, documentaries and tv. &nbsp; Performed and exhibited in venues and festivals such as: Santo Noise IV &amp; V [&hellip;]<\/p>\n","protected":false},"author":3,"featured_media":0,"parent":0,"menu_order":0,"comment_status":"closed","ping_status":"open","template":"","meta":{"ngg_post_thumbnail":0,"footnotes":""},"class_list":["post-12600","page","type-page","status-publish","hentry"],"_links":{"self":[{"href":"https:\/\/www.gruenrekorder.de\/index.php?rest_route=\/wp\/v2\/pages\/12600","targetHints":{"allow":["GET"]}}],"collection":[{"href":"https:\/\/www.gruenrekorder.de\/index.php?rest_route=\/wp\/v2\/pages"}],"about":[{"href":"https:\/\/www.gruenrekorder.de\/index.php?rest_route=\/wp\/v2\/types\/page"}],"author":[{"embeddable":true,"href":"https:\/\/www.gruenrekorder.de\/index.php?rest_route=\/wp\/v2\/users\/3"}],"replies":[{"embeddable":true,"href":"https:\/\/www.gruenrekorder.de\/index.php?rest_route=%2Fwp%2Fv2%2Fcomments&post=12600"}],"version-history":[{"count":4,"href":"https:\/\/www.gruenrekorder.de\/index.php?rest_route=\/wp\/v2\/pages\/12600\/revisions"}],"predecessor-version":[{"id":12607,"href":"https:\/\/www.gruenrekorder.de\/index.php?rest_route=\/wp\/v2\/pages\/12600\/revisions\/12607"}],"wp:attachment":[{"href":"https:\/\/www.gruenrekorder.de\/index.php?rest_route=%2Fwp%2Fv2%2Fmedia&parent=12600"}],"curies":[{"name":"wp","href":"https:\/\/api.w.org\/{rel}","templated":true}]}}