{"id":12608,"date":"2014-11-05T10:46:54","date_gmt":"2014-11-05T10:46:54","guid":{"rendered":"http:\/\/www.gruenrekorder.de\/?page_id=12608"},"modified":"2015-01-14T15:51:06","modified_gmt":"2015-01-14T15:51:06","slug":"sound-sites-tropical-far-north-queensland-david-prescott-steed","status":"publish","type":"page","link":"https:\/\/www.gruenrekorder.de\/?page_id=12608","title":{"rendered":"Sound Sites: Tropical Far North Queensland | David Prescott-Steed"},"content":{"rendered":"<p><img loading=\"lazy\" decoding=\"async\" style=\"border: 1px solid black;\" title=\"Sound Sites: Tropical Far North Queensland | David Prescott-Steed\" src=\"https:\/\/www.gruenrekorder.de\/Photos\/steed_soundsites_grdl_145.jpg\" alt=\"Sound Sites: Tropical Far North Queensland | David Prescott-Steed\" width=\"320\" height=\"320\" \/><\/p>\n<p>&nbsp;<\/p>\n<p><strong>Sound Sites: Tropical Far North Queensland | <a href=\"https:\/\/www.gruenrekorder.de\/?page_id=12615\">David Prescott-Steed<\/a><\/strong><br \/>\nGrDl 145 | Gruen Digital &gt; [<a href=\"https:\/\/shop.gruenrekorder.de\/?full#Gruen_145\" target=\"_blank\">order<\/a>]<br \/>\nMP3 &amp; FLAC<br \/>\n<a href=\"#reviews\">Reviews<\/a><\/p>\n<p>&nbsp;<\/p>\n<p>The Tropical Far North of Queensland is home to the Daintree Forest, a World Heritage region that covers an area of 1,200 km2 and includes 95 kilometres of coastal forest. Home to rare species of birds, bats, frogs, and over 12,000 species of insects, the Daintree comprises Australia&#8217;s most diverse ecosystem and, at over 135,000 million years, it is the oldest rainforest on earth.<br \/>\nCrossing the Daintree River by car ferry gets you to Cape Tribulation at the heart of the forest, where there are no phone networks or mainstream electricity. There are no shopping centres or billboards, though visitors will see signs everywhere warning them as to the presence of crocodiles; this is particularly the case around the vast mangroves that lead onto picturesque beaches and views of the Coral Sea.<br \/>\nMy wife, 15 month old daughter and I flew up to the tropical north for a ten day break from busy Melbourne. Staying in Glengarry, surrounded by sugar cane crops, we did the rounds of the tourist friendly locations, adding three more human bodies to the amorphous crowds that augmented the already busy sights and soundscapes of the forest with holiday chatter, footsteps on boardwalks, car engines and electric windows, as well as noises emanating from an entire spectrum of cultural paraphernalia. It is not surprising that the most commonly seen devices were digital cameras, operated by different walks of life who were all looking at the same things, from the same designated vantage points,\u00a0many people appearing to be readying their cameras for the moment when bobbing heads move out of the frame, as if in an attempt to\u00a0take a photo with nobody in it. At other times, the photographer&#8217;s requests for his or her subjects to smile for the camera means that holiday snaps function less as a record of the trip than they do an archive of similarly contrived non-events. My wife and I found ourselves participating in this game and, with it, the collective confirmation that the visual image is the dominant mode of holiday documentation.<br \/>\nI was just another tourist, but used my Sony PCM-D50 to listen to the Daintree forest and its environs as if with the ears of a curious alien. There were no other audio recorders in sight; in this sense, field recording seemed to provide me with a context of authenticity wherein the scopophilic gaze was replaced by an alternative, post-tourist aesthetic. Field recording, in general, is less discerning in that it is increasingly possible to hear sounds that would be inaccessible to the unaided ear; furthermore, the listening experience is defamiliarised when the field recordist listens through headphones to a soundscape during the process of its recording, technologically detached from the majority-tourist experience. There is far more information entering the auditory canals to sort through. I am reminded of R. Murray Schafer&#8217;s insight that &#8222;The eye points outward; the ear draws inward. It soaks up information\u2026.The ear is also an erotic orifice. Listening to beautiful sounds\u2026is like the tongue of a lover in your ear&#8220; (Soundscape, 1977, pp. 11-12). I had never been to Queensland before; exploring it as a sound-tourist, equipped with digitally enhanced hearing, meant that my experience was characterised by an estrangement and artificial intimacy.<br \/>\nPart of my dedication to close, prolonged, listening stems from a culturally-driven sentimentalism around pure ecology. I am not intent on stepping outside of my industrialised idealisms regarding the value of natural environments; such a transgression would make little difference in practice, given that the sheer density and topography of Queensland&#8217;s tropical far north makes it inaccessible\u2014protected from people. The tourist&#8217;s gaze is always at a distance from the true world of the Daintree, governed by aesthetic criteria and confined to the spaces that are inhabited by other tourists. My decision to concentrate on field recording was a strategy for disrupting the rules of the tourist&#8217;s game (looking, but also listening to the lookers), resulting in a kind of audio portrait that is sincere in its offering of an inherently incomplete representation of a remarkable part of the country.<\/p>\n<p>&nbsp;<\/p>\n<p>Track list:<\/p>\n<p>&nbsp;<\/p>\n<p>01. Ellis Beach Waves at Night \/ 05:04<br \/>\n02. Four Mile Beach \/ 09:23<br \/>\n03. Mossman Gorge, Daintree Forest \/ 02:04<br \/>\n04. Cape Tribulation, Rainforest \/ 02:03<br \/>\n05. Cape Tribulation, Thornton Beach Carpark \/01:01<br \/>\n06. Cape Tribulation, Path, Plants, Birds and Fungus \/ 02:15<br \/>\n07. Cape Tribulation \/ 01:06<br \/>\n08. Cape Tribulation, Car Ferry Crossing \/ 03:52<br \/>\n09. Glengarry Sugar Cane, Mowbray River Road \/ 03:38<br \/>\n10. Glengarry, Connolly Road, Birds Talking \/ 02:59<br \/>\n11. Glengarry, Connolly Road, One Wooden Bridge and Two Cars \/ 00:37<br \/>\n12. Cape Tribulation, Daintree Ferry Crossing and Electric Car Window \/ 06:31<br \/>\n13. Cape Tribulation, Daintree Ferry Crossing, Steel Wheel and Cable \/ 02:33<br \/>\n14. Glengarry Chalet Front Porch, Late Evening Rain \/ 08:38<\/p>\n<p>&nbsp;<\/p>\n<p>Excerpts:<\/p>\n<p>&nbsp;<\/p>\n<p>01<br \/>\n<a href=\"https:\/\/www.gruenrekorder.de\/mp3\/excerpt 1_ellis_beach_waves_at_night.mp3\">MP3<\/a><br \/>\n08<br \/>\n<a href=\"https:\/\/www.gruenrekorder.de\/mp3\/excerpt_2_cape_tribulation_car_ferry_crossing.mp3\">MP3<\/a><br \/>\n09<br \/>\n<a href=\"https:\/\/www.gruenrekorder.de\/mp3\/excerpt_3_glengarry_sugar_cane_mowbray_river_road.mp3\">MP3<\/a><\/p>\n<p>&nbsp;<\/p>\n<p>14 Tracks (51\u203249\u2033)<br \/>\nngg_shortcode_0_placeholder<\/p>\n<p>&nbsp;<\/p>\n<p>Field Recording Series by Gruenrekorder<br \/>\nGruenrekorder \/ Germany \/ 2014 \/ GrDl 145 \/ LC 09488<\/p>\n<p>&nbsp;<\/p>\n<hr size=\"2\" width=\"100%\" \/>\n<p>&nbsp;<\/p>\n<p><a name=\"reviews\"><\/a><strong>Reviews<\/strong><\/p>\n<p>&nbsp;<\/p>\n<p><strong>\u0141ukasz Kom\u0142a | <a href=\"http:\/\/polyphonia.pl\" target=\"_blank\">polyphonia.pl<\/a><\/strong><br \/>\nNowo\u015bci p\u0142ytowe z Gruenrekorder<br \/>\nW\u0142a\u015bnie ukaza\u0142y si\u0119 cztery nowe albumy w wersji cyfrowej w katalogu oficyny Gruenrekorder. Niemiecka wytw\u00f3rnia Gruenrekorder to bez w\u0105tpienia jeden z najciekawszych europejskich labeli. Wiosn\u0105 tego roku opisywa\u0142em na \u0142amach Polyphonii kr\u0105\u017cek opublikowany przez Gruenrekorder, a by\u0142 to album \u201eMosa\u00efque Mosaic\u201d duetu Christina Kubisch &amp; Eckehard G\u00fcther. W ostatnich dniach pojawi\u0142y si\u0119 cztery nowe pozycje, kt\u00f3re gor\u0105co polecam.<\/p>\n<p>&nbsp;<\/p>\n<p>David Prescott-Steed | Sound Sites: Tropical Far North Queensland<br \/>\nTen materia\u0142 przenosi nas do Australii, gdzie mieszka i tworzy David Prescott-Steed. Artysta wybra\u0142 si\u0119 wraz ze swoj\u0105 rodzin\u0105 do las\u00f3w Daintree i tak\u017ce innych miejsc znajduj\u0105cych si\u0119 w obszarze Queensland. To w\u0142a\u015bnie tam mo\u017cna podziwia\u0107 wyj\u0105tkowe gatunki ptak\u00f3w, nietoperzy, \u017cab czy owad\u00f3w. Daintree to przyk\u0142ad najstarszych las\u00f3w deszczowych na \u015bwiecie.<br \/>\n<a href=\"http:\/\/polyphonia.pl\/2014\/12\/nowosci-plytowe-z-gruenrekorder\/\" target=\"_blank\">link<\/a><\/p>\n","protected":false},"excerpt":{"rendered":"<p>&nbsp; Sound Sites: Tropical Far North Queensland | David Prescott-Steed GrDl 145 | Gruen Digital &gt; [order] MP3 &amp; FLAC Reviews &nbsp; The Tropical Far North of Queensland is home to the Daintree Forest, a World Heritage region that covers an area of 1,200 km2 and includes 95 kilometres of coastal forest. Home to rare [&hellip;]<\/p>\n","protected":false},"author":3,"featured_media":0,"parent":0,"menu_order":0,"comment_status":"closed","ping_status":"open","template":"","meta":{"ngg_post_thumbnail":0,"footnotes":""},"class_list":["post-12608","page","type-page","status-publish","hentry"],"_links":{"self":[{"href":"https:\/\/www.gruenrekorder.de\/index.php?rest_route=\/wp\/v2\/pages\/12608","targetHints":{"allow":["GET"]}}],"collection":[{"href":"https:\/\/www.gruenrekorder.de\/index.php?rest_route=\/wp\/v2\/pages"}],"about":[{"href":"https:\/\/www.gruenrekorder.de\/index.php?rest_route=\/wp\/v2\/types\/page"}],"author":[{"embeddable":true,"href":"https:\/\/www.gruenrekorder.de\/index.php?rest_route=\/wp\/v2\/users\/3"}],"replies":[{"embeddable":true,"href":"https:\/\/www.gruenrekorder.de\/index.php?rest_route=%2Fwp%2Fv2%2Fcomments&post=12608"}],"version-history":[{"count":15,"href":"https:\/\/www.gruenrekorder.de\/index.php?rest_route=\/wp\/v2\/pages\/12608\/revisions"}],"predecessor-version":[{"id":13486,"href":"https:\/\/www.gruenrekorder.de\/index.php?rest_route=\/wp\/v2\/pages\/12608\/revisions\/13486"}],"wp:attachment":[{"href":"https:\/\/www.gruenrekorder.de\/index.php?rest_route=%2Fwp%2Fv2%2Fmedia&parent=12608"}],"curies":[{"name":"wp","href":"https:\/\/api.w.org\/{rel}","templated":true}]}}