{"id":1341,"date":"2009-12-07T22:07:04","date_gmt":"2009-12-07T21:07:04","guid":{"rendered":"http:\/\/www.gruenrekorder.de\/?page_id=1341"},"modified":"2015-01-13T08:52:26","modified_gmt":"2015-01-13T08:52:26","slug":"two-ben-owen","status":"publish","type":"page","link":"https:\/\/www.gruenrekorder.de\/?page_id=1341","title":{"rendered":"two | Ben Owen"},"content":{"rendered":"<p><img decoding=\"async\" title=\"two | Ben Owen\" src=\"https:\/\/www.gruenrekorder.de\/Photos\/ben-owen\/owen-front-2f-4.jpg\" alt=\"two | Ben Owen\" border=\"1\" \/><\/p>\n<p>&nbsp;<\/p>\n<p><strong>two | <a href=\"https:\/\/www.gruenrekorder.de\/?page_id=280\">Ben Owen<\/a><\/strong><br \/>\nGr 070 | <a href=\"https:\/\/shop.gruenrekorder.de\/?info#grueneditions\" target=\"_blank\">Gruen CD-R<\/a> &gt; [<span style=\"color: #ff0000;\">Sold Out<\/span>]<br \/>\nMP3 &amp; FLAC &gt; [<a href=\"https:\/\/shop.gruenrekorder.de\/?full#Gruen_070\" target=\"_blank\">order<\/a>]<br \/>\n<a href=\"#Reviews\">Reviews<\/a><\/p>\n<p>&nbsp;<\/p>\n<p>a friend once commented how many of my recordings are from a perspective up close. for me it is this perspective that I return to and find is important, an audible view of a situation &#8211; in this case a continuous event &#8211; that is not readily audible, or at least is greatly enhanced through amplification from the contact mic surface. for this release movement of water in two forms become the basis of exploration. one active one passive. each revealing some inherent noise, compression, hum and tension of existence.<\/p>\n<p>&nbsp;<\/p>\n<p>1. soft magnetic se\u00a0 00&#8217;40<\/p>\n<p>2. n2 &#8211; tide\u00a0 07&#8217;23<\/p>\n<p><a href=\"https:\/\/www.gruenrekorder.de\/mp3\/two-ben_owen-2.mp3\" target=\"_blank\">MP3<\/a><\/p>\n<p>3. atlantic jetty &#8211; s n-1\u00a0 07&#8217;20<\/p>\n<p><a href=\"https:\/\/www.gruenrekorder.de\/mp3\/two-ben_owen-3.mp3\" target=\"_blank\">MP3<\/a><\/p>\n<p>4. atlantic jetty &#8211; s n-2\u00a0 03&#8217;26<\/p>\n<p>5. gowanus-1\u00a0 10&#8217;01<\/p>\n<p>6. gowanus-2\u00a0 09&#8217;50<\/p>\n<p><a href=\"https:\/\/www.gruenrekorder.de\/mp3\/two-ben_owen-6.mp3\" target=\"_blank\">MP3<\/a><\/p>\n<p>&nbsp;<\/p>\n<p>1-4 recorded on the coast of jacob riis park, far rockaway, queens ny. 20060910<\/p>\n<p>5-6 recorded from the carroll street bridge, gowanus canal, brooklyn ny. 20060911<\/p>\n<p>&nbsp;<\/p>\n<p><a href=\"https:\/\/www.gruenrekorder.de\/Photos\/ben-owen\/1661-jr.jpg\" rel=\"lightbox\"><img decoding=\"async\" src=\"https:\/\/www.gruenrekorder.de\/Photos\/ben-owen\/1661-jr.jpg\" alt=\"\" width=\"150\" border=\"1\" \/><\/a><\/p>\n<p>&nbsp;<\/p>\n<p><a href=\"https:\/\/www.gruenrekorder.de\/Photos\/ben-owen\/1668-jr.jpg\" rel=\"lightbox\"><img decoding=\"async\" src=\"https:\/\/www.gruenrekorder.de\/Photos\/ben-owen\/1668-jr.jpg\" alt=\"\" width=\"150\" border=\"1\" \/><\/a><\/p>\n<p>&nbsp;<\/p>\n<p><a href=\"https:\/\/www.gruenrekorder.de\/Photos\/ben-owen\/1673-jr.jpg\" rel=\"lightbox\"><img decoding=\"async\" src=\"https:\/\/www.gruenrekorder.de\/Photos\/ben-owen\/1673-jr.jpg\" alt=\"\" width=\"150\" border=\"1\" \/><\/a><\/p>\n<p>&nbsp;<\/p>\n<p><a href=\"https:\/\/www.gruenrekorder.de\/Photos\/ben-owen\/1679-jr.jpg\" rel=\"lightbox\"><img decoding=\"async\" src=\"https:\/\/www.gruenrekorder.de\/Photos\/ben-owen\/1679-jr.jpg\" alt=\"\" width=\"150\" border=\"1\" \/><\/a><\/p>\n<p>&nbsp;<\/p>\n<p><a href=\"https:\/\/www.gruenrekorder.de\/Photos\/ben-owen\/1718-jrb.jpg\" rel=\"lightbox\"><img decoding=\"async\" src=\"https:\/\/www.gruenrekorder.de\/Photos\/ben-owen\/1718-jrb.jpg\" alt=\"\" width=\"150\" border=\"1\" \/><\/a><\/p>\n<p>&nbsp;<\/p>\n<p><a href=\"https:\/\/www.gruenrekorder.de\/Photos\/ben-owen\/1738-cb.jpg\" rel=\"lightbox\"><img decoding=\"async\" src=\"https:\/\/www.gruenrekorder.de\/Photos\/ben-owen\/1738-cb.jpg\" alt=\"\" width=\"150\" border=\"1\" \/><\/a><\/p>\n<p>&nbsp;<\/p>\n<p><a href=\"https:\/\/www.gruenrekorder.de\/Photos\/ben-owen\/1743-cb.jpg\" rel=\"lightbox\"><img decoding=\"async\" src=\"https:\/\/www.gruenrekorder.de\/Photos\/ben-owen\/1743-cb.jpg\" alt=\"\" width=\"150\" border=\"1\" \/><\/a><\/p>\n<p>&nbsp;<\/p>\n<p>6 Tracks (38\u203249&#8243;)<\/p>\n<p>CD-R (50 copies)<\/p>\n<p>(c) Artwork \/ Audio \/ Photos by Ben Owen<\/p>\n<p>Field Recording Series by Gruenrekorder<\/p>\n<p>Gruenrekorder \/ Germany \/ 2009 \/ Gr 070 \/ LC 09488<\/p>\n<p>&nbsp;<\/p>\n<hr size=\"2\" width=\"100%\" \/>\n<p>&nbsp;<\/p>\n<p><a name=\"Reviews\"><\/a><strong>Reviews<\/strong><\/p>\n<p>&nbsp;<\/p>\n<p><strong>Guillermo Escudero | <a href=\"http:\/\/www.loop.cl\" target=\"_blank\">LOOP<\/a><\/strong><\/p>\n<p>The Gruenrekorder German label founded in 2003 by Lasse-Marc Riek and Roland Etzin has released last year among other discs, Ben Owen\u2019s \u201cTwo\u201d album which consist of field recordings taken from the coast of Jacob Riis Park, Queens and the Carroll Street Bridge, Gowanus Canal, Brooklyn, New York. The source sounds are streams of water, rain, crackles that seem stones moved by the force of the water, wind blowing and birds. All of these sounds produced rich tones and a fine soundtrack for a natural landscape.<\/p>\n<p>&#8211;<\/p>\n<p>Gruenrekorder es el sello alem\u00e1n fundado en 2003 por Lasse-Marc Riek y Roland Etzin que edit\u00f3 el pasado a\u00f1o, entre otros discos, al artista sonoro Ben Owen y su obra \u201dTwo\u201d que consiste en grabaciones de campo tomadas en la costa del parque Jacob Riis, Queens y de Carroll Street Bridge, Gowanus Canal, Brooklyn, Nueva York.\u00a0 La fuente de sonidos son corrientes de agua, lluvia, crujidos que parecen ser piedras movidas por la fuerza del agua, vientos y aves. Todos estos sonidos producen ricos tonos y una perfecta bnada sonora para un paisaje natural.<\/p>\n<p><a href=\"http:\/\/www.loop.cl\/index.php?option=com_content&amp;task=view&amp;id=667&amp;Itemid=27\" target=\"_blank\">link<\/a><\/p>\n<p>&nbsp;<\/p>\n<p><strong>Frans de Waard | <a href=\"http:\/\/www.vitalweekly.net\/\" target=\"_blank\">VITAL WEEKLY<\/a><\/strong><\/p>\n<p>So far we came across the name Ben Owen as the person behind the Winds Measure Recordings label, but sometimes he records his own music. Here on Gruenrekorder he deals with field recordings. The first four tracks were recorded on the coast of Jacob Riss Park, Far Rockaway, Queens, NY and the last two at the Caroll Street Bridge, Gowanus Canal in Brooklyn, New York. The title &#8218;Two&#8216; probably refers to these locations. Its hard to tell what exactly he recorded in these locations, but it surely sounds quite fascinating. The microphone comes very close to whatever the events are that are captured here, as think they are events. Winds blowing through a pipe in the &#8218;Gowanus 2&#8216;, maybe rain drops upon contact microphones in &#8218;Soft Magnetic Se&#8216;? Since I don&#8217;t know what it is, its hard to guess, but its also were the beauty of the recording lies I think. Beyond the &#8218;ordinary&#8216; capturing of recordings out there, this is quite a fascinating release of crackles, cuts, hiss, almost electro-acoustic in execution, like a turntable left outside in &#8218;Atlantic Jetty S-N 1&#8216;. An excellent release! Totally captivating! (FdW)<\/p>\n<p><a href=\"http:\/\/www.vitalweekly.net\/711.html\" target=\"_blank\">link<\/a><\/p>\n<p>&nbsp;<\/p>\n<p><strong>Oreshkin Sergey | <a href=\"http:\/\/maeror3.livejournal.com\/\" target=\"_blank\">maeror3.livejournal<\/a><\/strong><\/p>\n<p>\u0410\u043b\u044c\u0431\u043e\u043c \u0411\u0435\u043d\u0430 \u041e\u0443\u044d\u043d\u0430 \u043d\u0430\u0437\u044b\u0432\u0430\u0435\u0442\u0441\u044f \u00abTwo\u00bb \u043d\u0435 \u043f\u0440\u043e\u0441\u0442\u043e \u0442\u0430\u043a \u2013 \u043c\u0430\u0442\u0435\u0440\u0438\u0430\u043b, \u0432\u043e\u0448\u0435\u0434\u0448\u0438\u0439 \u043d\u0430 \u0434\u0438\u0441\u043a, \u043f\u043e\u0441\u0432\u044f\u0449\u0435\u043d \u0434\u0432\u0443\u0445 \u0441\u043e\u0441\u0442\u043e\u044f\u043d\u0438\u044f\u043c \u0432\u043e\u0434\u044b, \u0430\u043a\u0442\u0438\u0432\u043d\u043e\u043c\u0443 \u0438 \u043f\u0430\u0441\u0441\u0438\u0432\u043d\u043e\u043c\u0443. \u042d\u0442\u043e, \u043a\u043e\u043d\u0435\u0447\u043d\u043e, \u043d\u0435 \u0434\u043e\u043f\u043e\u043b\u043d\u0435\u043d\u0438\u0435 \u043a \u0444\u0443\u043d\u0434\u0430\u043c\u0435\u043d\u0442\u0430\u043b\u044c\u043d\u044b\u043c \u0437\u0430\u043a\u043e\u043d\u0430\u043c \u0444\u0438\u0437\u0438\u043a\u0438 \u043e \u0442\u0440\u0435\u0445 \u0430\u0433\u0440\u0435\u0433\u0430\u0442\u043d\u044b\u0445 \u0441\u043e\u0441\u0442\u043e\u044f\u043d\u0438\u044f\u0445 \u0432\u043e\u0434\u044b, \u044d\u0442\u043e, \u0441\u043a\u043e\u0440\u0435\u0435, \u043f\u043e\u043f\u044b\u0442\u043a\u0430 \u0437\u0430\u0444\u0438\u043a\u0441\u0438\u0440\u043e\u0432\u0430\u0442\u044c \u043f\u0440\u0438 \u043f\u043e\u043c\u043e\u0449\u0438 \u043c\u0438\u043a\u0440\u043e\u0444\u043e\u043d\u0430 \u0441\u043e\u0441\u0442\u043e\u044f\u043d\u0438\u0435 \u043f\u043e\u043a\u043e\u044f \u044d\u0442\u043e\u0439 \u0441\u0443\u0431\u0441\u0442\u0430\u043d\u0446\u0438\u0438 (\u043d\u0430\u043f\u0440\u0438\u043c\u0435\u0440, \u043b\u0443\u0436\u0443, \u043d\u0430 \u0433\u043b\u0430\u0434\u043a\u043e\u0439 \u043f\u043e\u0432\u0435\u0440\u0445\u043d\u043e\u0441\u0442\u0438 \u043a\u043e\u0442\u043e\u0440\u043e\u0439 \u0442\u0430\u043a \u043a\u0440\u0430\u0441\u0438\u0432\u043e \u043e\u0442\u0440\u0430\u0436\u0430\u044e\u0442\u0441\u044f \u043e\u0431\u043b\u0430\u043a\u0430) \u0438 \u0435\u0435 \u043d\u0435\u043e\u0431\u0443\u0437\u0434\u0430\u043d\u043d\u0443\u044e \u044d\u043d\u0435\u0440\u0433\u0438\u044e (\u0441\u043c. \u043e\u0431\u043b\u043e\u0436\u043a\u0443 \u0438 \u043b\u044e\u0431\u043e\u0435 \u043f\u043e\u0431\u0435\u0440\u0435\u0436\u044c\u0435 \u043d\u0430 \u044d\u0442\u043e\u0439 \u043f\u043b\u0430\u043d\u0435\u0442\u0435 \u0432 \u043d\u0435\u043d\u0430\u0441\u0442\u043d\u0443\u044e \u043f\u043e\u0433\u043e\u0434\u0443). \u0414\u0432\u043e\u0439\u0441\u0442\u0432\u0435\u043d\u043d\u043e\u0441\u0442\u044c \u043f\u0440\u043e\u044f\u0432\u043b\u044f\u0435\u0442\u0441\u044f \u0438 \u0432 \u0437\u0432\u0443\u0447\u0430\u043d\u0438\u0438 \u0430\u043b\u044c\u0431\u043e\u043c\u0430. \u041f\u0435\u0440\u0432\u0430\u044f \u043f\u043e\u043b\u043e\u0432\u0438\u043d\u0430 \u00abTwo\u00bb \u043f\u0440\u0435\u0434\u0441\u0442\u0430\u0432\u043b\u044f\u0435\u0442 \u0441\u043e\u0431\u043e\u0439 \u043d\u0430\u0433\u0440\u043e\u043c\u043e\u0436\u0434\u0435\u043d\u0438\u0435 \u0441\u0430\u043c\u044b\u0445 \u0440\u0430\u0437\u043d\u044b\u0445 \u0437\u0432\u0443\u043a\u043e\u0432 \u2013 \u0444\u0430\u043d\u0442\u0430\u0437\u0438\u044f \u0438 \u0441\u043b\u0443\u0445 \u043f\u043e\u0434\u0441\u043a\u0430\u0437\u044b\u0432\u0430\u044e\u0442, \u0447\u0442\u043e \u0434\u043b\u044f \u0441\u043e\u0437\u0434\u0430\u043d\u0438\u044f \u043f\u043e\u0434\u043e\u0431\u043d\u043e\u0433\u043e \u0441\u0430\u0443\u043d\u0434\u0442\u0440\u0435\u043a\u0430 \u043d\u0435\u043e\u0431\u0445\u043e\u0434\u0438\u043c\u043e \u043f\u043e\u043c\u0435\u0441\u0442\u0438\u0442\u044c \u043c\u0438\u043a\u0440\u043e\u0444\u043e\u043d \u0432 \u0432\u043e\u0434\u043e\u043d\u0435\u043f\u0440\u043e\u043d\u0438\u0446\u0430\u0435\u043c\u0443\u044e \u0431\u0443\u0442\u044b\u043b\u043a\u0443 \u0438 \u0431\u0440\u043e\u0441\u0438\u0442\u044c \u0432 \u0432\u043e\u0434\u0443 \u043d\u0435\u0434\u0430\u043b\u0435\u043a\u043e \u043e\u0442 \u0431\u0435\u0440\u0435\u0433\u0430, \u043f\u0440\u0438\u0447\u0435\u043c \u0436\u0435\u043b\u0430\u0442\u0435\u043b\u044c\u043d\u043e, \u0447\u0442\u043e\u0431\u044b \u0432 \u044d\u0442\u043e\u0439 \u043f\u043e\u043b\u043e\u0441\u0435 \u043f\u0440\u0438\u0431\u043e\u044f \u043f\u043b\u0430\u0432\u0430\u043b\u043e \u0435\u0449\u0435 \u043c\u043d\u043e\u0436\u0435\u0441\u0442\u0432\u043e \u0441\u0430\u043c\u044b\u0445 \u0440\u0430\u0437\u043d\u044b\u0445 \u0432\u0435\u0449\u0435\u0439, \u043d\u0430\u0437\u044b\u0432\u0430\u0435\u043c\u044b\u0445 \u0441\u043b\u043e\u0432\u043e\u043c \u00ab\u043c\u0443\u0441\u043e\u0440\u00bb. \u041f\u043b\u0435\u0441\u043a \u0432\u043e\u0434\u044b, \u0440\u0430\u0441\u043a\u0430\u0442\u044b \u0433\u0440\u043e\u043c\u0430 \u0434\u043e\u043d\u043e\u0441\u044f\u0442\u0441\u044f \u0441\u043b\u043e\u0432\u043d\u043e \u0438\u0437\u0434\u0430\u043b\u0435\u043a\u0430, \u043d\u0430\u0434\u0435\u0436\u043d\u043e \u0443\u043a\u0440\u044b\u0432\u0430\u0435\u043c\u044b\u0435 \u0432\u0430\u0442\u043e\u0439 \u0441\u043f\u0435\u0446\u044d\u0444\u0444\u0435\u043a\u0442\u043e\u0432, \u043d\u0430 \u043f\u0435\u0440\u0432\u044b\u0439 \u043f\u043b\u0430\u043d \u0437\u0430\u0447\u0430\u0441\u0442\u0443\u044e \u0432\u044b\u0445\u043e\u0434\u044f\u0442 \u043a\u0430\u043a \u0440\u0430\u0437 \u0437\u0432\u0443\u043a\u0438 \u0441\u043e\u043f\u0443\u0442\u0441\u0442\u0432\u0443\u044e\u0449\u0438\u0435 \u2013 \u043f\u043e\u0441\u0442\u0443\u043a\u0438\u0432\u0430\u043d\u0438\u044f, \u0448\u0443\u0440\u0448\u0430\u043d\u0438\u044f, \u0448\u043e\u0440\u043e\u0445 \u0438 \u0442\u0440\u0435\u0441\u043a. \u0412\u0441\u0435 \u044d\u0442\u043e \u043a \u0442\u043e\u043c\u0443 \u0436\u0435 \u0438\u0437\u043c\u0435\u043b\u044c\u0447\u0435\u043d\u043e \u0432 \u0433\u0440\u0430\u043d\u0443\u043b\u044b, \u0434\u043e\u0432\u043e\u043b\u044c\u043d\u043e \u0445\u0430\u043e\u0442\u0438\u0447\u043d\u043e \u043f\u0435\u0440\u0435\u043c\u0435\u0448\u0430\u043d\u043d\u044b\u0435 \u043c\u0435\u0436\u0434\u0443 \u0441\u043e\u0431\u043e\u0439. \u041f\u0440\u0438 \u043f\u0440\u043e\u0441\u043b\u0443\u0448\u0438\u0432\u0430\u043d\u0438\u0438 \u0434\u0438\u0441\u043a\u0430 \u0432 \u043d\u0430\u0443\u0448\u043d\u0438\u043a\u0430\u0445 \u0438\u043d\u043e\u0433\u0434\u0430 \u043c\u043e\u0436\u0435\u0442 \u043f\u043e\u043a\u0430\u0437\u0430\u0442\u044c\u0441\u044f, \u0447\u0442\u043e \u0432 \u0443\u0448\u0438 \u0441\u044b\u043f\u0435\u0442\u0441\u044f \u043d\u0430\u0442\u0443\u0440\u0430\u043b\u044c\u043d\u044b\u0439 \u043f\u0435\u0441\u043e\u043a. \u042d\u0442\u043e\u0442 \u0436\u0435 \u043f\u0435\u0441\u043e\u043a \u0432\u0435\u0442\u0435\u0440 \u0431\u0440\u043e\u0441\u0430\u0435\u0442 \u0432 \u043c\u0438\u043a\u0440\u043e\u0444\u043e\u043d, \u043a\u043e\u0442\u043e\u0440\u044b\u0439, \u043f\u0435\u0440\u0438\u043e\u0434\u0438\u0447\u0435\u0441\u043a\u0438 \u0433\u043e\u0442\u043e\u0432\u0438\u0442\u0441\u044f \u0432\u044b\u0439\u0442\u0438 \u0438\u0437 \u0441\u0442\u0440\u043e\u044f \u0438 \u043d\u0430\u0447\u0438\u043d\u0430\u0435\u0442 \u0441\u0438\u043b\u044c\u043d\u043e \u0438\u0441\u043a\u0430\u0436\u0430\u0442\u044c \u0438 \u0431\u0435\u0437 \u0442\u043e\u0433\u043e \u043d\u0435\u043f\u0440\u043e\u0441\u0442\u0443\u044e \u043c\u0435\u0448\u0430\u043d\u0438\u043d\u0443 \u0437\u0432\u0443\u043a\u043e\u0432. \u0412\u0442\u043e\u0440\u0430\u044f \u0447\u0430\u0441\u0442\u044c \u0430\u043b\u044c\u0431\u043e\u043c\u0430 \u0441\u043e\u0441\u0442\u043e\u0438\u0442 \u0432 \u0446\u0435\u043b\u043e\u043c \u0438\u0437 \u0442\u0438\u0448\u0438\u043d\u044b \u2013 \u0442\u043e\u0439 \u0442\u0438\u0448\u0438\u043d\u044b, \u043a\u043e\u0442\u043e\u0440\u0443\u044e \u0438\u043d\u043e\u0433\u0434\u0430 \u043c\u043e\u0436\u043d\u043e \u0432\u043e\u0441\u0441\u043e\u0437\u0434\u0430\u0442\u044c (\u043d\u043e \u043a\u0440\u0430\u0439\u043d\u0435 \u0440\u0435\u0434\u043a\u043e) \u0432 \u043e\u0431\u044b\u0447\u043d\u043e\u0439 \u0433\u043e\u0440\u043e\u0434\u0441\u043a\u043e\u0439 \u043a\u0432\u0430\u0440\u0442\u0438\u0440\u0435. \u0422\u043e\u0439 \u0442\u0438\u0448\u0438\u043d\u044b, \u043a\u043e\u0442\u043e\u0440\u0430\u044f \u043f\u043e\u0437\u0432\u043e\u043b\u044f\u0435\u0442 \u0443\u0441\u043b\u044b\u0448\u0430\u0442\u044c \u0446\u0438\u0440\u043a\u0443\u043b\u044f\u0446\u0438\u044e \u0432\u043e\u0434\u044b \u043f\u043e \u043c\u043d\u043e\u0433\u043e\u0447\u0438\u0441\u043b\u0435\u043d\u043d\u044b\u043c \u0442\u0440\u0443\u0431\u0430\u043c, \u0438\u043b\u0438 \u0443\u043b\u043e\u0432\u0438\u0442\u044c \u0442\u043e\u043d\u043a\u0438\u0439 \u0437\u0432\u043e\u043d \u043a\u0430\u043f\u0435\u043b\u044c, \u043f\u0430\u0434\u0430\u044e\u0449\u0438\u0445 \u0438\u0437 \u043a\u0440\u0430\u043d\u0430. \u041e\u0443\u044d\u043d, \u043a\u043e\u043d\u0435\u0447\u043d\u043e, \u043d\u0435 \u043d\u043e\u0432\u0438\u0447\u043e\u043a \u0432 \u0440\u0430\u0431\u043e\u0442\u0435 \u0441 \u00ab\u043f\u043e\u043b\u0435\u0432\u044b\u043c\u0438 \u0437\u0430\u043f\u0438\u0441\u044f\u043c\u0438\u00bb, \u0441\u0432\u043e\u0435 \u0434\u0435\u043b\u043e \u043e\u043d \u0437\u043d\u0430\u0435\u0442 \u0438 \u0432\u044b\u043f\u043e\u043b\u043d\u044f\u0435\u0442 \u0445\u043e\u0440\u043e\u0448\u043e, \u0432 \u0441\u0432\u044f\u0437\u0438 \u0441 \u0447\u0435\u043c\u00a0 \u044d\u0442\u043e\u0442 \u0435\u0433\u043e \u0430\u043b\u044c\u0431\u043e\u043c \u0432\u043f\u043e\u043b\u043d\u0435 \u043c\u043e\u0436\u043d\u043e \u0440\u0435\u043a\u043e\u043c\u0435\u043d\u0434\u043e\u0432\u0430\u0442\u044c \u043a \u043f\u0440\u043e\u0441\u043b\u0443\u0448\u0438\u0432\u0430\u043d\u0438\u044e. \u041a\u043e\u043d\u0435\u0447\u043d\u043e \u0436\u0435, \u0442\u0435\u043c \u043b\u044e\u0434\u044f\u043c, \u043a\u043e\u0442\u043e\u0440\u044b\u0435 \u043b\u044e\u0431\u044f\u0442 \u0441\u043b\u0443\u0448\u0430\u0442\u044c \u0437\u0432\u0443\u043a\u0438 \u043e\u043a\u0440\u0443\u0436\u0430\u044e\u0449\u0435\u0433\u043e \u043c\u0438\u0440\u0430, \u043d\u0430\u0441\u043b\u0430\u0436\u0434\u0430\u044f\u0441\u044c \u044d\u0442\u043e\u0439 \u00ab\u043e\u0440\u0433\u0430\u043d\u0438\u0447\u0435\u0441\u043a\u043e\u0439 \u043c\u0443\u0437\u044b\u043a\u043e\u0439\u00bb \u0438, \u043c\u043e\u0436\u0435\u0442 \u0431\u044b\u0442\u044c, \u043e\u0442\u043a\u0440\u044b\u0432\u0430\u0442\u044c \u0434\u043b\u044f \u0441\u0435\u0431\u044f \u0447\u0442\u043e-\u0442\u043e \u043d\u043e\u0432\u043e\u0435 \u0432 \u043f\u0440\u0438\u0432\u044b\u0447\u043d\u044b\u0445 \u0432\u0435\u0449\u0430\u0445.<\/p>\n<p><a href=\"http:\/\/maeror3.livejournal.com\/141498.html\" target=\"_blank\">link<\/a><\/p>\n","protected":false},"excerpt":{"rendered":"<p>&nbsp; two | Ben Owen Gr 070 | Gruen CD-R &gt; [Sold Out] MP3 &amp; FLAC &gt; [order] Reviews &nbsp; a friend once commented how many of my recordings are from a perspective up close. for me it is this perspective that I return to and find is important, an audible view of a situation [&hellip;]<\/p>\n","protected":false},"author":3,"featured_media":0,"parent":0,"menu_order":0,"comment_status":"open","ping_status":"open","template":"","meta":{"ngg_post_thumbnail":0,"footnotes":""},"class_list":["post-1341","page","type-page","status-publish","hentry"],"_links":{"self":[{"href":"https:\/\/www.gruenrekorder.de\/index.php?rest_route=\/wp\/v2\/pages\/1341","targetHints":{"allow":["GET"]}}],"collection":[{"href":"https:\/\/www.gruenrekorder.de\/index.php?rest_route=\/wp\/v2\/pages"}],"about":[{"href":"https:\/\/www.gruenrekorder.de\/index.php?rest_route=\/wp\/v2\/types\/page"}],"author":[{"embeddable":true,"href":"https:\/\/www.gruenrekorder.de\/index.php?rest_route=\/wp\/v2\/users\/3"}],"replies":[{"embeddable":true,"href":"https:\/\/www.gruenrekorder.de\/index.php?rest_route=%2Fwp%2Fv2%2Fcomments&post=1341"}],"version-history":[{"count":2,"href":"https:\/\/www.gruenrekorder.de\/index.php?rest_route=\/wp\/v2\/pages\/1341\/revisions"}],"predecessor-version":[{"id":13307,"href":"https:\/\/www.gruenrekorder.de\/index.php?rest_route=\/wp\/v2\/pages\/1341\/revisions\/13307"}],"wp:attachment":[{"href":"https:\/\/www.gruenrekorder.de\/index.php?rest_route=%2Fwp%2Fv2%2Fmedia&parent=1341"}],"curies":[{"name":"wp","href":"https:\/\/api.w.org\/{rel}","templated":true}]}}