{"id":13650,"date":"2015-03-24T21:10:08","date_gmt":"2015-03-24T21:10:08","guid":{"rendered":"http:\/\/www.gruenrekorder.de\/?page_id=13650"},"modified":"2015-03-24T21:20:05","modified_gmt":"2015-03-24T21:20:05","slug":"hafdis-bjarnadottir","status":"publish","type":"page","link":"https:\/\/www.gruenrekorder.de\/?page_id=13650","title":{"rendered":"Hafd\u00eds Bjarnad\u00f3ttir"},"content":{"rendered":"<p><img decoding=\"async\" title=\"Hafd\u00eds Bjarnad\u00f3ttir - Photo by Dagn\u00fd Bjarnad\u00f3ttir\" src=\"https:\/\/www.gruenrekorder.de\/Photos\/hafdis_bjarnadottir.jpg\" alt=\"Hafd\u00eds Bjarnad\u00f3ttir - Photo by Dagn\u00fd Bjarnad\u00f3ttir\" border=\"1\" \/><\/p>\n<p>&nbsp;<\/p>\n<p><strong>Hafd\u00eds Bjarnad\u00f3ttir<\/strong><br \/>\nA native of Reykjav\u00edk, Iceland, Hafd\u00eds Bjarnad\u00f3ttir started playing electric guitar at the age of 12. She was soon performing in bands and writing her own music, with an initial focus on rock and folk. In 2002, she graduated in jazz guitar performance from the F\u00cdH School of Music. Keen to develop her compositional voice, she earned a bachelor\u2019s degree in contemporary composition from the Iceland Academy of the Arts in 2007 and a master\u2019s degree from the Royal Danish Academy of Music in 2009.<\/p>\n<p>&nbsp;<\/p>\n<p>With a reputation for breaking down barriers between different genres of music, her past projects include a sound installation for the Nordic Lighthouse at the 2010 World Expo in Shanghai; an orchestral piece based on knitting instructions; two solo albums mixing different genres and instruments from different traditions; an ensemble piece based on financial graphs and charts from Iceland\u2019s 2008 banking crisis; various commissioned pieces for solo instruments or chamber ensembles; and a piece for a mixed choir and electric guitar. Her second solo album, J\u00c6JA, received critical acclaim and was nominated for the 2009 Iceland Music Awards. Her piece for accordion and halldorophone, \u201cA Day in February\u201d, was nominated by the Icelandic National Broadcasting Service for the 58th International Rostrum of Composers in Vienna in 2011. She lives and works in Reykjav\u00edk.<\/p>\n<p>&nbsp;<\/p>\n<p><a href=\"http:\/\/www.hafdisbjarnadottir.com\" target=\"_blank\">www.hafdisbjarnadottir.com<\/a><\/p>\n<p>&nbsp;<\/p>\n<p><strong>Gruenrekorder:<\/strong><br \/>\nHafd\u00eds Bjarnad\u00f3ttir: &#8222;<a href=\"https:\/\/www.gruenrekorder.de\/?page_id=13628\">Sounds of Iceland \u2013 field recordings by Hafd\u00eds Bjarnad\u00f3ttir<\/a>&#8220; (Gruen 157\/15)<\/p>\n","protected":false},"excerpt":{"rendered":"<p>&nbsp; Hafd\u00eds Bjarnad\u00f3ttir A native of Reykjav\u00edk, Iceland, Hafd\u00eds Bjarnad\u00f3ttir started playing electric guitar at the age of 12. She was soon performing in bands and writing her own music, with an initial focus on rock and folk. In 2002, she graduated in jazz guitar performance from the F\u00cdH School of Music. Keen to develop [&hellip;]<\/p>\n","protected":false},"author":3,"featured_media":0,"parent":0,"menu_order":0,"comment_status":"closed","ping_status":"open","template":"","meta":{"ngg_post_thumbnail":0,"footnotes":""},"class_list":["post-13650","page","type-page","status-publish","hentry"],"_links":{"self":[{"href":"https:\/\/www.gruenrekorder.de\/index.php?rest_route=\/wp\/v2\/pages\/13650","targetHints":{"allow":["GET"]}}],"collection":[{"href":"https:\/\/www.gruenrekorder.de\/index.php?rest_route=\/wp\/v2\/pages"}],"about":[{"href":"https:\/\/www.gruenrekorder.de\/index.php?rest_route=\/wp\/v2\/types\/page"}],"author":[{"embeddable":true,"href":"https:\/\/www.gruenrekorder.de\/index.php?rest_route=\/wp\/v2\/users\/3"}],"replies":[{"embeddable":true,"href":"https:\/\/www.gruenrekorder.de\/index.php?rest_route=%2Fwp%2Fv2%2Fcomments&post=13650"}],"version-history":[{"count":6,"href":"https:\/\/www.gruenrekorder.de\/index.php?rest_route=\/wp\/v2\/pages\/13650\/revisions"}],"predecessor-version":[{"id":13656,"href":"https:\/\/www.gruenrekorder.de\/index.php?rest_route=\/wp\/v2\/pages\/13650\/revisions\/13656"}],"wp:attachment":[{"href":"https:\/\/www.gruenrekorder.de\/index.php?rest_route=%2Fwp%2Fv2%2Fmedia&parent=13650"}],"curies":[{"name":"wp","href":"https:\/\/api.w.org\/{rel}","templated":true}]}}