{"id":15546,"date":"2016-11-29T23:55:13","date_gmt":"2016-11-29T23:55:13","guid":{"rendered":"http:\/\/www.gruenrekorder.de\/?page_id=15546"},"modified":"2017-08-25T09:40:54","modified_gmt":"2017-08-25T09:40:54","slug":"darkasianenergy-singacore-album-clubbleu","status":"publish","type":"page","link":"https:\/\/www.gruenrekorder.de\/?page_id=15546","title":{"rendered":"DARK~asian~ENERGY [singa~core album] | CLUBbleu"},"content":{"rendered":"<p><img decoding=\"async\" title=\"DARK~asian~ENERGY [singa~core album] | CLUBbleu\" src=\"https:\/\/www.gruenrekorder.de\/Photos\/Cover_CLUBbleu_320pix.jpg\" alt=\"DARK~asian~ENERGY [singa~core album] | CLUBbleu\" border=\"1\" \/><\/p>\n<p>&nbsp;<\/p>\n<p><strong>DARK~asian~ENERGY [singa~core album] | <a href=\"https:\/\/www.gruenrekorder.de\/?page_id=15561\">CLUBbleu<\/a><\/strong><br \/>\nGruen 165 |\u00a0Audio CD\u00a0(+ Digital) | Digital &gt; [<a href=\"https:\/\/shop.gruenrekorder.de\/?full#Gruen_165\" target=\"_blank\">order<\/a>]<br \/>\n<a href=\"#reviews\">Reviews<\/a><br \/>\nngg_shortcode_0_placeholder<\/p>\n<p>&nbsp;<\/p>\n<p>while field recording in autumn 2014, CLUBbleu dived into the pulsating multi-cultural metropolis of Singapore, trying to catch the most characteristic urban sound scapes. CLUBbleu translated their overwhelming impressions of this city into 10 compositions at the border of electroacoustic music and electronica, a style they simply name bu\u029eitpantroni\u029e.<\/p>\n<p>&nbsp;<\/p>\n<hr size=\"2\" width=\"100%\" \/>\n<p>&nbsp;<\/p>\n<p>1 bambi died of lung cancer (3:14)<br \/>\nBambi died near Marina Bay during a glamorous night race. What a pity!<\/p>\n<p>&nbsp;<\/p>\n<p>2 charsiewbao (4:57)<br \/>\nCantonese BBQ buns. Ingredients: small pieces of clattering dishes mixed with opening MRT doors, spiced up with the beeping of traffic lights and a pinch of ATM machine sounds. A teaspoon of chirping cicadas refined with organically grown car horns, thin slices of sea waves covered with a dash of road dust. Preparation: Heat some oil in a wok, add all ingredients and cook them until the mixture starts to bubble. Prepare the dough, roll it into a long tube and divide it into 8 equal pieces. Press each piece into a disc about 7 1\/19 inches in diameter. Add the filling and and steam each bun in a bamboo steamer for 4:57 minutes over high heat.<br \/>\n<a href=\"https:\/\/www.gruenrekorder.de\/mp3\/charsiewbao_excerpt.mp3\">MP3<\/a><\/p>\n<p>&nbsp;<\/p>\n<p>3 singacore sling (3:40)<br \/>\nHappy hour! Try the cocktail that contains a juicy mixture of Indian Deepavali tunes, Chinese pop music, delicate analogue synths and an extraordinary collection of percussive sounds recorded from all over Singapore.<\/p>\n<p>&nbsp;<\/p>\n<p>4 restricted area (9:10)<br \/>\nThrow your microphone as high and as far as you can over a barb wire fence. In case security catches you, forget the microphone, run as fast you can. Don\u2019t get distracted by the policemen\u2019s whistles. Don\u2019t get caught!<\/p>\n<p>&nbsp;<\/p>\n<p>5 chicken feet and durian 1 (4:09)<br \/>\nIt is all about Singaporean artists introducing some highlights of local cuisine such as chicken feet and durian ice cream. Featuring samples by Felix Phang, Jeremy Goh from IMBA Interactive, Pete Kellock and Kayleigh Beard.<\/p>\n<p>&nbsp;<\/p>\n<p>6 snap to grid (3:10)<br \/>\nA question of attitude! Snap to grid or snap to objects? Two artists, one MAX patch. Jean-Paul Sartre would have loved this. #huisclos<\/p>\n<p>&nbsp;<\/p>\n<p>7 marilou\u2019s dream (4:26)<br \/>\nOn Christmas Eve, she is allowed to sit at the table.<br \/>\n<a href=\"https:\/\/www.gruenrekorder.de\/mp3\/marilou_excerpt.mp3\">MP3<\/a><\/p>\n<p>&nbsp;<\/p>\n<p>8 #fuckyourselfie &#8211; ethnology of solitude (4:57)<br \/>\nDedicated to all isolated digital addicts consuming their daily dose of brain conditioner, gaming, selfie-ing, social media-ing.<br \/>\n<a href=\"https:\/\/www.gruenrekorder.de\/mp3\/fuckyourselfie_excerpt.mp3\">MP3<\/a><\/p>\n<p>&nbsp;<\/p>\n<p>9 chicken feet and durian 2 (3:36)<br \/>\nIt is all about accessing an unknown culture and the art of playing the most exquisite Asiatic music instruments. Featuring samples by Jip de Beer, Pete Kellock, Joyce Beetuan Koh and DJ Kliplev.<\/p>\n<p>&nbsp;<\/p>\n<p>10 toxi timah (5:33)<br \/>\nThe survival of the last South East Asian rain forest pulse generators on an increasingly domestic playground.<br \/>\n<a href=\"https:\/\/www.gruenrekorder.de\/mp3\/toxitimah_excerpt.mp3\">MP3<\/a><\/p>\n<p>&nbsp;<\/p>\n<p>10 Tracks (45\u203232\u2033)<br \/>\nCD (500 copies)<\/p>\n<p>&nbsp;<\/p>\n<hr size=\"2\" width=\"100%\" \/>\n<p>&nbsp;<\/p>\nngg_shortcode_1_placeholder\n<p>&nbsp;<\/p>\n<hr size=\"2\" width=\"100%\" \/>\n<p>&nbsp;<\/p>\n<p>julia: game controllers, toy instruments, analogue synthesizers, live-electronics and field recordings felix: e-drums, live-electronics and field recordings<\/p>\n<p>&nbsp;<\/p>\n<p>special thanks to: marilou, stella, permagnus, alison the moral supporter, yun qi, felix &amp; dawn, ela, tosh, tianyuan, dj kliplev<\/p>\n<p>&nbsp;<\/p>\n<p>all tracks composed by CLUBbleu (felix leuschner &amp; julia mih\u00e1ly)<br \/>\nrecorded, mixed and mastered by CLUBbleu @ orange bubble studio frankfurt<br \/>\n\u00a9 2016 <a href=\"http:\/\/www.clubbleu.de\" target=\"_blank\">www.clubbleu.de<\/a><\/p>\n<p>&nbsp;<\/p>\n<p>digital graphics &amp; design: sebastian ristow<br \/>\nfluent graphics: ren\u00e9 seifert<br \/>\n<a href=\"http:\/\/www.flatlab.biz\" target=\"_blank\">www.flatlab.biz<\/a> \/ <a href=\"http:\/\/www.reneseifert.de\" target=\"_blank\">www.reneseifert.de<\/a><\/p>\n<p>&nbsp;<\/p>\n<p>Sound Art Series by Gruenrekorder<br \/>\nGermany \/ 2016 \/ Gruen 165 \/ LC 09488 \/ GEMA \/ EAN 4050486973615<\/p>\n<p>&nbsp;<\/p>\n<hr size=\"2\" width=\"100%\" \/>\n<p>&nbsp;<\/p>\n<p><a name=\"reviews\"><\/a><strong>Reviews<\/strong><\/p>\n<p>&nbsp;<\/p>\n<p><strong><a href=\"http:\/\/textura.org\" target=\"_blank\">textura<\/a><\/strong><br \/>\nGruenrekorder has probably never before released anything as weird and playful as DARK~asian~ENERGY [singa~core album], though the move is hardly unwelcome; if anything, it&#8217;s refreshing to see the label making room for material of a wilder nature. Issued as part of its Sound Art Series, the forty-five-minute collection is the brainchild of CLUBbleu members Felix Leuschner and Julia Mih\u00e1ly, the former a classically trained drummer with experience composing for music theatre, chamber music, and vocal-electronic pieces and the latter a composer-performer with backgrounds in classical singing and electronic composition.<\/p>\n<p>&nbsp;<\/p>\n<p>For their collaboration, Leuschner generates real-time sound synthesis from e-drums, field recordings, and electronics connected to Max\/MSP whereas Mih\u00e1ly works with Max\/MSP-connected analogue synths, game controllers, and toy instruments. The material for the album came about when the two were gathering field recordings in 2014 and decided to transmute the sound barrage emanating out of urban Singapore into ten mashups rooted in everything from computer game music and trashy pop tunes to electro-acoustic music and site-based field recordings.<\/p>\n<p>&nbsp;<\/p>\n<p>The material calls to mind the early days of electronica when artists like Oval, Terre Thaemlitz, and Matmos were resetting experimental music&#8217;s boundaries with bold, sometimes glitch-ridden explorations. CLUBbleu&#8217;s release is similar in playful spirit to the kind of clicks-and-cuts material artists of that time (many of them Mille Plateaux associates) were creating. A mere scan of the track titles reflects the irreverent spirit of the project, with the tone-setting opener \u201cBambi Died of Lung Cancer\u201d joined by \u201cChicken Feet and Durian 1\u201d (Durian a kind of ice cream) and \u201cCharsiewbao\u201d (Char Siu Bao a recipe for steamed BBQ pork buns); track details provided by the pair also capture the playful spirit of the project: \u201cRestricted Area,\u201d for instance, includes the following: \u201cThrow your microphone as high and as far as you can over a barb wire fence. In case security catches you, forget the microphone, run as fast you can. Don&#8217;t get distracted by the policemen&#8217;s whistles. Don&#8217;t get caught!\u201d<br \/>\nHow&#8217;s it sound? Think punishing beats endlessly stuttering and battered by chattering gameboy noises, sputtering synths, dental drills, mangled product pitches, and intercom announcements. In two of the more coherent constructions, Indian Deepavali tunes and Chinese pop music surface within \u201cSingacore Sling\u201d to give the cocktail a woozy twist, and slow, electronics-grounding pulsations in \u201cToxi Timah\u201d cap the album with five minutes of relative calm. Though many of its glitch-drenched collages threaten to spin out of control, CLUBbleu generally keeps the madness in check, and with heavily manipulated voice samples of Singaporean artists folded into \u201cChicken Feet and Durian 1,\u201d DARK~asian~ENERGY [singa~core album] even starts to sound a bit like Matmos&#8217;s A Chance to Cut Is a Chance to Cure\u2014certainly not bad company to be in.<br \/>\n<a href=\"http:\/\/textura.org\/archives\/c\/clubbleu_darkasianenergy.htm\" target=\"_blank\">link<\/a><\/p>\n<p>&nbsp;<\/p>\n<p><strong>\u0141ukasz Kom\u0142a | <a href=\"http:\/\/www.nowamuzyka.pl\" target=\"_blank\">Nowamuzyka.pl<\/a><\/strong><br \/>\nTo ju\u017c trzecie wydawnictwo w dyskografii niemieckiego duetu CLUBbleu (Felix Leuschner, Julia Mih\u00e1ly). Oboje s\u0105 klasycznie wykszta\u0142conymi muzykami: Leuschner jest perkusist\u0105, kompozytorem a Mih\u00e1ly studiowa\u0142a \u015bpiew i kompozycj\u0119 elektroniczn\u0105. Ich albumy mo\u017cna okre\u015bli\u0107 jako seri\u0119 portret\u00f3w miejskich \u2013 uwzgl\u0119dniaj\u0105c przy tym architektur\u0119, struktury spo\u0142eczne i t\u0142o kulturowe danego miejsca. Dwa poprzednie kr\u0105\u017cki duetu ukaza\u0142y nam Monachium i Augsburg. Na tej najnowszej p\u0142ycie odwiedzamy Singapur, gdzie arty\u015bci zarejestrowali nagrania terenowe poddaj\u0105c je rozmaitym odkszta\u0142ceniom i deformacjom.<\/p>\n<p>&nbsp;<\/p>\n<p>Cz\u0142onkowie CLUBbleu wykorzystuj\u0105 szereg r\u00f3\u017cnych proces\u00f3w i instrument\u00f3w: kontrolery gier, czujniki ruchu, perkusj\u0119 elektroniczn\u0105 (zintegrowan\u0105 ze \u015brodowiskiem Max\/MSP) czy syntezatory analogowe. Dodatkowo nieustannie tw\u00f3rcy pracuj\u0105 nad w\u0142asnym oprogramowaniem, a tak\u017ce innowacyjnymi metodami syntezy d\u017awi\u0119ku, co w przypadku drugiego zagadnienia najlepiej przedstawia zawarto\u015b\u0107 \u201eDARK~asian~ENERGY [singa~core album]\u201d. Te dziesi\u0119\u0107 kompozycji wyrastaj\u0105cych z sound art\u2019owych korzeni tworz\u0105 ca\u0142o\u015bciowo przedziwn\u0105 machin\u0119, obezw\u0142adniaj\u0105c\u0105 swoimi d\u017awi\u0119kowymi receptorami nasz umys\u0142, przenosz\u0105c go w obszar niczym niepohamowanych abstrakcji.<br \/>\n<a href=\"http:\/\/www.nowamuzyka.pl\/2017\/01\/17\/nowosci-z-gruenrekorder-3\/\" target=\"_blank\">link<\/a><\/p>\n<p>&nbsp;<\/p>\n<p><strong>Frans de Waard | <a href=\"http:\/\/www.vitalweekly.net\" target=\"_blank\">VITAL WEEKLY<\/a><\/strong><br \/>\nRight by the looks of this release, one realizes this something different, unusual in the world of Gruenrekorder. The cover and booklet shows us distorted digital images, and also the titles of the pieces make you raise an eyebrow; &#8218;Bambi Died Of Lung Cancer&#8216;, &#8218;Singacore Sling&#8216; or &#8222;#fuckyourselfie &#8211; ethnology of solitude&#8216; aren&#8217;t ones we see a lot in this label&#8217;s catalogue. The back cover has this little text: &#8222;while field recording in autumn 2014, CLUBbleu dived into the pulsating multi-cultural metropolis of Singapore, trying to catch the most characteristic urban sound scapes. CLUBbleu translated their overwhelming impressions of this city into 10 compositions at the border of electroacoustic music and electronica, a style they simply name bu\u029eitpantroni\u029e&#8220; and that CLUBblue, as they spell it, is Julia (fame controllers, toy instruments, analogue synthesizers, live-electronics and field recordings) and Felix (e-drums, live-electronics and field recordings). So then what is this about? Beats me if I knew, but here&#8217;s what I think. CLUBblue is a duo of improvisers, who use a lot of electronic music machines that can hold samples, and these samples contain field recordings of Singapore, which they, for once, not carefully construct into a finely woven collage of sounds, but bend and re-shape along the lines of improvised electronic music, full of power and energy; maybe even along the lines of techno? Not that this is in anyway a dance record, as there are no 4\/4 beats, hi-hats or synths. But there are fast pulsating rhythms, samples flying about, cutting in and out of the mix, usually of a very abstract nature, but as in &#8218;Singapore Sling&#8216; they can also be taped inside a nightclub with singing and ethnic music. Stretched out, chopped up; it works best when CLUBblue maintains their speed; if the pieces become longer, they tend to meander about which is not always helpful. Especially the three tracks at the beginning work very well, as it has energy, speed and aggression, but a piece like &#8218;Snap To Grid&#8216; is more spacious but seems not to have enough sound material in it to be interesting all the time. It doesn&#8217;t make the CD very strong on the whole, but in parts it is quite powerful, and perhaps leaves some room to breathe in between; of course if you are looking for such things. (FdW)<br \/>\n<a href=\"http:\/\/www.vitalweekly.net\/1063.html\" target=\"_blank\">link<\/a><\/p>\n<p>&nbsp;<\/p>\n<p><strong>Holger Adam | <a href=\"http:\/\/www.testcard.de\" target=\"_blank\">testcard #25: Kritik<\/a> <\/strong><br \/>\nDraussen vor der T\u00fcr: Field-Recordings und Sound-Art von  Gruenrekorder<br \/>\nIn der letzten Gruenrekorder-Kolumne war ja bereits die Rede davon, dass man ziemlich herum kommt mit den Ohren, wenn man sich mit den CDs des Labels besch\u00e4ftigt, und das war nat\u00fcrlich ausschlie\u00dflich positiv gemeint. Die Aufnahmen, die Gruenrekorder ver\u00f6ffentlicht, werden ansprechend pr\u00e4sentiert und sind ein Abenteuer f\u00fcr die Ohren. So auch dieses Mal.  <\/p>\n<p>&nbsp;<\/p>\n<p>RODOLPHE ALEXIS entf\u00fchrt mit The Glittering Thing On The Mountain erneut auf ferne tropische Inseln, wo V\u00f6gel wie Synthesizer klingen und mitunter auch b\u00fchnentaugliche<br \/>\nNamen wie Ruddy Kingfisher tragen! Es zirpt Tag und Nacht, und noch viele andere Ger\u00e4usche dringen aus dem Urwald ans Ohr. Wie immer atemberaubend, spannend und entspannend. Noch relaxter geht es bei  HAFIS BJARNAD\u00d3TTIR  zu, deren Sounds Of Iceland \u00fcberraschend reduziert r\u00fcberkommen. Es pl\u00e4tschert, taut, blubbert, rauscht und kocht &#8211; je nachdem ob das Mikrophon vor B\u00e4che, Gletscher, hei\u00dfe Quellen, Wasserf\u00e4lle oder Lavastr\u00f6me gehalten wurde. Wasser, Gezeiten, Naturgewalten und gigantische Naturschauspiele, die \u00fcberraschend intime Sounds generieren. Trotzdem wird es beizeiten recht kalt oder hei\u00df gewesen sein, wobei es sich in angemessener Funktionskleidung sicher neben dem Mikrophon hat aushalten lassen. Die Aufnahmen selbst machen wenig fr\u00f6steln, im Gegenteil, sie w\u00e4rmen eher &#8211; auch wenn einem der Wind um die Ohren bzw. aus den Kopfh\u00f6rern pfeift. Gro\u00dfes Kopfkino liefert auch, man mag es nicht meinen, der Rhein. Es muss nicht immer Island sein, Karlsruhe hat es auch in sich. Das Duo RHEIN _ STROM  bestehend aus Lasse-Marc Riek (Aufnahmen) und Thomas M. Siefert (Location Scout), dokumentiert den Klang des Rheines und seiner nahen Umgebung Von der Rheinquelle bis Hafen Karlsruhe auf der ebenso benannten CD. Das sind ein paar Hundert Kilometer, festgehalten in 21 Ausschnitten. Und &#8211; im Unterschied zur zivilisationsfernen Wildnis einer tropischen Insel oder der relativen Unber\u00fchrtheit Islands &#8211; um den Rhein herum menschelt es, Flugzeuge \u00fcberfliegen den Fluss und Schiffe befahren ihn, Autos und Z\u00fcge begleiten ihn. Auch das h\u00f6rt man. Und so stellt das Booklet zur CD die Frage: \u00bbWie k\u00f6nnen wir als heutige Menschen zu diesem Fluss in Beziehung treten, ohne in der Begegnung mit seiner an manchen Stellen erhaltenen Sch\u00f6nheit wieder einem Romantizismus zu verfallen bzw. im Konfrontiertsein mit den irreparablen Eingriffen sich frustriert und desillusioniert abzuwenden?\u00ab Eine Audio-Aufnahme des Flusses und seiner nicht nur nat\u00fcrlichen Ger\u00e4uschkulisse mag da einen weniger voreingenommenen Zugang gew\u00e4hren. Der Rhein als Fluss und von Mensch und Maschine geformte und genutzte Ressource klingt hier und da wie eine elektro-akustische Komposition (im Hafen Karlsruhe etwa, wenn sich unter Wasser aufgenommene Schifffahrtsger\u00e4usche in der Aufnahme wiederfinden). Das klingt alles recht spannend und wirft anregende mithin schwerwiegende Fragen auf, die nach Umweltschutz beispielsweise. Eine \u00f6kologische Frage, auch f\u00fcr die Ohren. Was muss man nicht alles h\u00f6ren, tagein tagaus! Und was will man nicht h\u00f6ren bzw. was h\u00f6rt man \u00fcberhaupt, wenn es zirpt und raschelt? So harmlos geht es nicht zu, so unber\u00fchrt ist die Natur nicht. Wie (drohende) Umweltverschmutzung als Field-Recording klingt, diese Erfahrung kann man sich am Beispiel von  MIKEL R. NIETO und seinem Dark Sound eindr\u00fccklich vor Augen bzw. Ohren f\u00fchren. Die Aufnahmen kommen zusammen mit einem pechschwarzen Buch und dokumentieren Naturaufnahmen aus dem Yasuni-Nationalpark in Equador, dessen indigene Bev\u00f6lkerung und tierischer Artenreichtum durch Bohrungen nach einem \u00d6lvorkommen tief unter dem Naturschutzgebiet nicht mehr nur bedroht ist &#8211; die Zerst\u00f6rung und Vertreibung ist bereits in vollem Gange. So stellt sich beim Zuh\u00f6ren die Frage, ob der Tropenregen schon auf aufgew\u00fchlte Erde f\u00e4llt, die von Roh\u00f6l verschmutzt ist, und es knattern auch die F\u00f6rdermaschinen auf der CD, die dem schwarzen Buch beigelegt ist. Man k\u00f6nnte fragen, ob nicht mit dem schwarzen Buch (schwarzer Druck auf schwarzem Papier) der p\u00e4dagogische Holzhammer herausgeholt wurde &#8211; andererseits entspricht das schwarze, beinahe unlesbare Buch in seinem Aussehen den \u00f6lverklebten V\u00f6geln und Meerestieren, deren Bilder in Europa noch am ehesten mit \u00d6lkatastrophen assoziiert werden, und insofern ist die Aufmachung genau passend. Dark Sound zeigt eindr\u00fccklich die politische und unbequeme Seite dessen, was Field-Recordings auch sein k\u00f6nnen. \u00c4hnlich unheimlich auch die Aufnahmen von  CHRISTINA KUBISCH \/ ECKEHARD G\u00dcTHER , die auf Unter Grund Grubenwasser zu Geh\u00f6r bringen, das sich in stillgelegten Untertagebausch\u00e4chten sammelt und dort abgepumpt und umgeleitet werden muss, damit es das Trinkwasser in der Region nicht verunreinigt und den Grundwasserspiegel nicht derart anhebt, dass sich das Ruhrgebiet mit der Zeit in \u00bbeine riesige Sumpflandschaft\u00ab (so ein Zitat aus dem Beiheft zur CD) verwandelt. Langzeitfolgen des Kohlebergbaus, gruselig, hier nachzuh\u00f6ren. Verlassen wir diesen Horror und wenden uns noch kurz der Field-Recording basierten Klangkunst und Musik zu.  KG AUGENSTERN sind per Kanalschifffahrt von Berlin bis Maguelone am Mittelmeer gelangt. Das scheint zu gehen und sie haben auf Tentacles ein Klangexperiment festgehalten, das sich wie folgt erkl\u00e4ren l\u00e4sst: Lange Stangen auf dem Kahn kitzelten bei jeder Durchfahrt unter einer Br\u00fccke deren Eisenkonstruktion und der dabei entstehende jeweils spezifische Sound wurde festgehalten und im Rahmen von Klanginstallationen in diversen Museen zug\u00e4nglich gemacht. Das klingt aufwendig und phantasievoll, es scheppert auch ordentlich, aber auf der Reise stelle ich mir das Spektakel interessanter vor, als das konservierte Ergebnis klingt. Das je eigene Klangprofil der Br\u00fccken, von dem KG Augenstern im Booklet zur CD schreiben, es kommt nicht so recht r\u00fcber. Kommen wir zu DAVID ROTHENBERG \/ KORHAN EREL. Rothenberg hat ja schon mit Zikaden musiziert, und auf Berlin B\u00fclb\u00fcl spielt er zu Field-Recordings von Nachtigallen Klarinette. Das ist nach all dem Rauschen und den \u00f6kologisch katastrophalen Perspektiven je nach Geschmack l\u00e4ppisch oder erholsam. Es ist beides, lang lebe der Zwiespalt. Ganz unzweideutig Nerven zerfetzend ist das Ergebnis von  CLUB BLEU , die auf Dark- Asian- Energy Field-Recordings der Stadt Singapur elektronisch erg\u00e4nzen, verfremden und bis zur Unkenntlichkeit verzerren. Heraus kommt dabei ein elektro-akustischer H\u00f6llenritt. Mir zu stressig, aber m\u00f6glicherweise hervorragend geeignet, morgens statt mit Kaffee mit dieser Musik in die G\u00e4nge zu kommen. Lieber greife ich abschlie\u00dfend zu Sonic Drawings von  ROLAND ETZIN , die CD liefert auch nicht gerade Easy-Listening, aber das Soundmaterial ist weniger chaotisch organisiert. Etzin kombiniert Field-Recordings unterschiedlicher Herkunft und verfremdet sie ebenfalls elektronisch. Das geht, um es mal etwas flapsig zu formulieren, bei ihm eher in Richtung Nurse With Wound und nicht &#8211; wie bei Club Bleu &#8211; in Richtung Atari Teenage Riot. Das mal als lahmer Vergleich zum Abschluss.<br \/>\n<a href=\"http:\/\/www.testcard.de\/titel\/1647\/testcard-25-kritik\" target=\"_blank\">link<\/a><\/p>\n","protected":false},"excerpt":{"rendered":"<p>&nbsp; DARK~asian~ENERGY [singa~core album] | CLUBbleu Gruen 165 |\u00a0Audio CD\u00a0(+ Digital) | Digital &gt; [order] Reviews &nbsp; while field recording in autumn 2014, CLUBbleu dived into the pulsating multi-cultural metropolis of Singapore, trying to catch the most characteristic urban sound scapes. CLUBbleu translated their overwhelming impressions of this city into 10 compositions at the border [&hellip;]<\/p>\n","protected":false},"author":3,"featured_media":0,"parent":0,"menu_order":0,"comment_status":"closed","ping_status":"closed","template":"","meta":{"ngg_post_thumbnail":0,"footnotes":""},"class_list":["post-15546","page","type-page","status-publish","hentry"],"_links":{"self":[{"href":"https:\/\/www.gruenrekorder.de\/index.php?rest_route=\/wp\/v2\/pages\/15546","targetHints":{"allow":["GET"]}}],"collection":[{"href":"https:\/\/www.gruenrekorder.de\/index.php?rest_route=\/wp\/v2\/pages"}],"about":[{"href":"https:\/\/www.gruenrekorder.de\/index.php?rest_route=\/wp\/v2\/types\/page"}],"author":[{"embeddable":true,"href":"https:\/\/www.gruenrekorder.de\/index.php?rest_route=\/wp\/v2\/users\/3"}],"replies":[{"embeddable":true,"href":"https:\/\/www.gruenrekorder.de\/index.php?rest_route=%2Fwp%2Fv2%2Fcomments&post=15546"}],"version-history":[{"count":30,"href":"https:\/\/www.gruenrekorder.de\/index.php?rest_route=\/wp\/v2\/pages\/15546\/revisions"}],"predecessor-version":[{"id":16247,"href":"https:\/\/www.gruenrekorder.de\/index.php?rest_route=\/wp\/v2\/pages\/15546\/revisions\/16247"}],"wp:attachment":[{"href":"https:\/\/www.gruenrekorder.de\/index.php?rest_route=%2Fwp%2Fv2%2Fmedia&parent=15546"}],"curies":[{"name":"wp","href":"https:\/\/api.w.org\/{rel}","templated":true}]}}