{"id":16292,"date":"2017-11-08T09:27:02","date_gmt":"2017-11-08T09:27:02","guid":{"rendered":"http:\/\/www.gruenrekorder.de\/?page_id=16292"},"modified":"2018-11-18T17:07:08","modified_gmt":"2018-11-18T17:07:08","slug":"parvenu-szmt","status":"publish","type":"page","link":"https:\/\/www.gruenrekorder.de\/?page_id=16292","title":{"rendered":"PARVENU | szmt"},"content":{"rendered":"<p><img decoding=\"async\" style=\"border: 1px solid black;\" title=\"PARVENU | szmt\" src=\"https:\/\/www.gruenrekorder.de\/Photos\/gruen_178_320px.jpg\" alt=\"PARVENU | szmt\" border=\"1\" \/><\/p>\n<p>&nbsp;<\/p>\n<p><strong>PARVENU | <a href=\"https:\/\/www.gruenrekorder.de\/?page_id=33\">szmt<\/a><\/strong><br \/>\nGruen 178 | Audio CD &gt; [<a href=\"https:\/\/shop.gruenrekorder.de\/?full#Gruen_178\" target=\"_blank\" rel=\"noopener\">order<\/a>]<br \/>\n<a href=\"#reviews\">Reviews<\/a><br \/>\nngg_shortcode_0_placeholder<\/p>\n<p>&nbsp;<\/p>\n<p>Parvenu is a work about authoritarian structures and developments.<br \/>\nThe narrative is abstract, all sounds are concrete. Every single sound on this recording is based on recordings from three bee hives.<\/p>\n<p>&nbsp;<\/p>\n<hr size=\"2\" width=\"100%\" \/>\n<p>&nbsp;<\/p>\n<p><em>Track List:<\/em><\/p>\n<p>&nbsp;<\/p>\n<p>Sometimes She Had Melancholic Memories of Her Larval Stage &#8211; 11:48<br \/>\n<a href=\"https:\/\/www.gruenrekorder.de\/mp3\/gruen_178_4.mp3\">MP3<\/a><br \/>\nHis Primary Role Was to Mate with the Fertile Queen &#8211; 9:04<br \/>\n<a href=\"https:\/\/www.gruenrekorder.de\/mp3\/gruen_178_2.mp3\">MP3<\/a><br \/>\nThe General Skepticism of the Constitutional Monarchy Was Justified as New Forms of Authority Surfaced &#8211; 15:11<br \/>\nThe Surviving Virgin Queen Hid in the Shadows of Her Former Kingdom &#8211; 11:37<br \/>\n<a href=\"https:\/\/www.gruenrekorder.de\/mp3\/gruen_178_4.mp3\">MP3<\/a><\/p>\n<p>&nbsp;<\/p>\n<p>4 Tracks (47\u203200\u2033)<br \/>\nCD (300 copies)<\/p>\n<p>&nbsp;<\/p>\n<hr size=\"2\" width=\"100%\" \/>\n<p>&nbsp;<\/p>\n<p>szmt: Tobias Schmitt<br \/>\nAll sounds are based on recordings of bees taken at Senckenberg Institut, Frankfurt.<br \/>\nMastering: Tomislav Bucalic<br \/>\nThanks:<br \/>\nDiana Bowler (Bee Mistress)<br \/>\nRoland Etzin (Recording Equipment, Gruenrekorder)<br \/>\nLasse-Marc Riek (Gruenrekorder)<\/p>\n<p>&nbsp;<\/p>\n<p>Soundscape Series by Gruenrekorder<br \/>\nGermany \/ 2017 \/ Gruen 178 \/ LC 09488 \/ GEMA \/ EAN: 4050486125984<\/p>\n<p>&nbsp;<\/p>\n<hr size=\"2\" width=\"100%\" \/>\n<p>&nbsp;<\/p>\n<p><a name=\"reviews\"><\/a><strong>Reviews<\/strong><\/p>\n<p>&nbsp;<\/p>\n<p><strong>Ed Pinsent | <a href=\"http:\/\/www.thesoundprojector.com\" rel=\"noopener\" target=\"_blank\">The Sound Projector<\/a><\/strong><br \/>\nDolcis Concordiae Fructus<br \/>\nParvenu (GRUENREKORDER GRUEN 178) is an interesting sound-construction piece put together by szmt, the new alias for German Tobias Schmitt, an electronic shrieker who may be familiar to fans of the Attenuation Circuit label (we like that label but were not sent any of his 2016 releases). Parvenu isn\u2019t electronic music exactly but is based on field recordings of bees. More specifically he took the recordings from three beehives found in the Senckenberg Institut in Frankfurt, right where the bees are thickest. He\u2019s given the four suites quite lengthy and loaded titles, each one like the chapter of a book, and he intends the package as social commentary \u2013 it\u2019s a \u201cwork about authoritarian structures\u201d. So once again the insect world becomes a microcosm of office buildings or business operations, or civil service departments.<\/p>\n<p>&nbsp;<\/p>\n<p>As to making bee recordings, that\u2019s a good thing to do, and as long as ago as 2011 I was wondering why more people don\u2019t do it. I harboured this fatuous notion in reference to \u2018The Bee Symphony\u2019, a composition by Chris Watson and Marcus Davidson for the Touch label \u2013 a compelling blend of a vocal choir (The Bee Choir, so called) with field recordings of bees. 1 There\u2019s also Eric La Casa and his Zone Sensible record \u2013 Olivier Darn\u00e9 apparently keeps hives in a suburb of Paris and La Casa couldn\u2019t wait to insert himself, and his microphones, into that situation. Well, both of those are nudged into a slightly different angle by szmt\u2019s unusual work \u2013 he\u2019s not interested in giving us recognisable buzzy sounds as you might expect, and instead is all about heavy processing and editing. What emerges are alien sounds, cold and distant drones, and mechanical repetitions appearing as needed.<\/p>\n<p>&nbsp;<\/p>\n<p>I assume all of this is to project his troubled fears about the authoritarian structures that surround us \u2013 unseen, unaccountable, almost unstoppable in their colonisation of everyday life. As already hinted, this critique could be made to apply to politics, capitalism, casino banking, online shopping empires, social media platforms, or indeed anything where there\u2019s an evil power structure at play. Tough luck to the poor old bees who have to be the ones to carry this pessimistic metaphor, but I would like to think Tobias bears no grudge against our little stripey friends. Contrast and compare with the Ant-themed record by Big Blood which we <a href=\"http:\/\/www.thesoundprojector.com\/2016\/12\/26\/them\/\" rel=\"noopener\" target=\"_blank\">noted some time ago<\/a>, which takes a far more antagonistic view of the insect kingdom (and rightly so). On the other hand, what are to we make of szmt\u2019s titles such as \u2018The General Skepticism of the Constitutional Monarchy Was Justified as New Forms of Authority Surfaced\u2019, a sentence which has many twists and turns, to the point where it\u2019s not really clear which particular power-base szmt is intent on undermining. Then we have the track titled \u2018His Primary Role Was to Mate with the Fertile Queen\u2019, a phrase which is also quite the double-edged sword, implying something about conventional male power structures bound up with expectations of sexual prowess, but where all displays of healthy masculinity are undercut by the iron rules of some grim totalitarian regime.<\/p>\n<p>&nbsp;<\/p>\n<p>All of this dystopian horror is delivered, as already mentioned, by music which is distant and chillingly precise, its implacable surface only occasionally disrupted by the humming of alien wings. szmt appears to have found another world by peering through his microscope, and doesn\u2019t like what he sees; it\u2019s far from being a pleasant environment and the populace are downtrodden, brought low in spite of their aerial ways. From 4th December 2017.<br \/>\n<a href=\"http:\/\/www.thesoundprojector.com\/2018\/08\/01\/dolcis-concordiae-fructus\/\" rel=\"noopener\" target=\"_blank\">link<\/a><\/p>\n<p>&nbsp;<\/p>\n<p><strong>Duncan Simpson | <a href=\"https:\/\/www.musiquemachine.com\" rel=\"noopener\" target=\"_blank\">Musique Machine<\/a><\/strong><br \/>\nThe organicist metaphor of society as like that of bees has a long history in Western thought, predating the better known bodily metaphor &#8211; which is the foundation of modern corporational doctrine &#8211; by several centuries. Originating in Antiquity, the notion that human society should imitate nature as best it can slowly came into question during the later European middle ages, under pressure from developing mercantile economy and advances in legal and political organisation. In the modern era the hive metaphor was increasing viewed as anti-democratic, suppressive of the individual and hive-like societies almost inevitably malevolent; think of the Borg in Star Trek or caricatures of Communism (particularly Chinese) during the Cold War. Nevertheless the beehive society metaphor never entirely vanished and in the Modern period was most often invoked as an embellishment to holistic economic thought. George Cruikshank&#8217;s remarkable British Beehive image is paradigmatic in this respect, not least in its overall schematic similarity to medieval overviews of the hierarchical world such as those of Honorius of Autun. Tobias Schmitt&#8217;s intriguing Parvenu appears to be an attempt to capture something of these ideas and their continuing relevance for modernity. Schmitt has form for this kind of leftfield enterprise with his previous Gruenrekorder release being the suitably labyrinthine Fauna and Flora of the Vatican City , put out in 2008 under his Suspicion Breeds Confidence moniker.<\/p>\n<p>&nbsp;<\/p>\n<p>The record &#8211; as the gatefold packaging states &#8211; is entirely composed of material recorded from beehives at the Senckenberg Institut, Frankfurt which Schmitt has heavily treated and recomposed into four dense and fairly abstract pieces. Each has a long descriptive title which could be a statement lifted from either a work of political theory or a manual on bee husbandry. The ambiguity here seems to be part of the game.<\/p>\n<p>&nbsp;<\/p>\n<p>First piece Sometimes she had melancholic memories of her larval stage brings us in nose to nose with the hive. Close recordings of crackling, clicking sounds lead us into the anti-chamber of the swarm. And when it comes &#8211; all too briefly here &#8211; the expected buzzing is a deep, bass heavy throb. But this is a record that wears its tendency to abstraction proudly and after only a few seconds the naturalistic sounds end and heavily treated, almost mechanical element take over. Over the next few minutes we&#8217;re flung between glitchy, almost minimal techno passages and the most glacial of musique concrete. The material has been so warped and treated that the unsuspecting listener might well mistake the clicking edits and wafts of static to be emanations of a modular synth. More recognisable insect sounds do appear from time to time but they&#8217;re often paired with amped up mechanical counterparts that almost seem to parody the fuzzy sounds of the bees.<\/p>\n<p>&nbsp;<\/p>\n<p>And what of the concept? Of the idea of the hive society? With the exception of the second track, His primary role was to mate with the Fertile Queen, each title signals a certain loss or dethronement by other forces. Take track three, The general skepticism of the constitutional monarchy was justified as new forms of Authority surfaced, which could have been lifted from a lecture of Michel Foucault (but doesn&#8217;t appear to have been). The same formula is found here; drones, natural sounds alienated, mechanised, rendered strange and impersonal. Several ambient passages give the insect sounds more space and acoustic dynamics, hinting towards the architecture of their origin. But the bees seem to have been assimilated by a more powerful collective. The local organic whole is radicalised into a relentlessly machinic and unfamiliar thing. The term drone is a virtual pejorative when applied to a person and in the age of remote asymmetric warfare it also conjures images of bombed out villages in far flung corners of the &#8218;war on terror&#8216;. Here again is that fearful side of the hive collective that led to the rejection of the organicist metaphor in early Modernity.<\/p>\n<p>&nbsp;<\/p>\n<p>The final track The surviving Virgin Queen hid in the shadows of her former kingdom is suitably evocative, matching its title with scratching, scraping sounds as if the Queen was dragging her bulky body through the underworld of her Kingdom overthrown. A low base sound begins to rise and fall while what could be the intermittent sweeping of an electronic surveillance system begins to whir and hum. The feeling is tense, anxious and confusing, perfectly capturing the sense of alienation felt by the modern neo-Liberal drone within the globalised economy.<\/p>\n<p>&nbsp;<\/p>\n<p>This is certainly one of the least accessible records I have encountered from Gruenrekorder and those who appreciate their more naturalistic sounding releases will likely be perplexed. Nevertheless it&#8217;s a record that rewards replaying and a good degree of thought. The weightiness of the subject matter is perhaps not well matched by the abstract and somewhat academic quality of the music. It&#8217;s not an easy marriage to get one&#8217;s head around, although if you do then repeated listens bring to mind up suggestive motifs of overthrown sovereign insects, biomechanical hives and humanity rendered as an ant hill by the relentless forces of global capitalism. A hierarchy of drones without a Queen.<br \/>\n<a href=\"https:\/\/www.musiquemachine.com\/reviews\/reviews_template.php?id=6705\" rel=\"noopener\" target=\"_blank\">link<\/a><\/p>\n<p>&nbsp;<\/p>\n<p><strong>\u0141ukasz Kom\u0142a | <a href=\"http:\/\/www.nowamuzyka.pl\" rel=\"noopener\" target=\"_blank\">Nowamuzyka.pl<\/a><\/strong><br \/>\nOdg\u0142osy uli \u017ar\u00f3d\u0142em eksperymentalnych przetworze\u0144? A mo\u017ce d\u017awi\u0119kowy spacer po nieistniej\u0105cej d\u017cungli? Sprawd\u017acie nowe wydawnictwa z Gruenrekorder. [&#8230;]<\/p>\n<p>&nbsp;<\/p>\n<p>Tobias Schmitt kieruje projektami szmt oraz Suspicion Breeds Confidence. Jest r\u00f3wnie\u017c wsp\u00f3\u0142za\u0142o\u017cycielem inicjatywy pod nazw\u0105 Xerox Exotique \u2013 wydarzenia w ramach tego przedsi\u0119wzi\u0119cia odbywaj\u0105 si\u0119 cyklicznie we Frankfurcie, ale zawsze w innym miejscu. Pozw\u00f3lcie, \u017ce przytocz\u0119 opis dzia\u0142ania XE w j\u0119zyku angielskim: \u201eA group of slightly deranged individuals with an interest in arson, arts &#038; apple wine\u201d. \u201ePARVENU\u201d to przyk\u0142ad soundscape\u2019u rozbudzaj\u0105cego wyobra\u017ani\u0119. Schmitt miesza ze sob\u0105 zar\u00f3wno improwizacj\u0119, jak i kompozycj\u0119. Jego abstrakcyjny konceptualizm \u201ekaza\u0142\u201d mu w\u0142o\u017cy\u0107 rejestrator do \u015brodka trzech r\u00f3\u017cnych uli.<\/p>\n<p>&nbsp;<\/p>\n<p>Nie tylko plamy d\u017awi\u0119kowe u szmta przybieraj\u0105 niezwyk\u0142e formy, podobnie dziej\u0119 si\u0119 w przypadku samych tytu\u0142\u00f3w utwor\u00f3w. Jednym z takich przyk\u0142ad\u00f3w jest \u201eThe General Skepticism of the Constitutional Monarchy Was Justified as New Forms of Authority Surfaced\u201d (w wolnym t\u0142umaczeniu: \u201eOg\u00f3lny sceptycyzm monarchii konstytucyjnej zosta\u0142 uzasadniony jako nowa forma w\u0142adzy\u201d). To nagranie brzmi mniej wi\u0119cej tak, jakby wsi\u0105\u015b\u0107 na olbrzymi\u0105 pszczo\u0142\u0119 i odby\u0107 na jej grzbiecie lot w kosmos albo skoczy\u0107 z Felixem Baumhartnerem z jego s\u0142ynnego balonu. W \u201eThe General Skepticism\u2026\u201d ambientowe wi\u0105zki d\u017awi\u0119ku z czasem nabieraj\u0105 tempa i przenosz\u0105 nas w przestrze\u0144 osobnych istot muzycznych. Wskoczcie z \u201ePARVENU\u201d w zupe\u0142nie inny obszar eksperymentalnej narracji.<br \/>\n<a href=\"http:\/\/www.nowamuzyka.pl\/2018\/03\/07\/nowosci-gruenrekorder-szmt-robert-schwarz\/\" rel=\"noopener\" target=\"_blank\">link<\/a><\/p>\n<p>&nbsp;<\/p>\n<p><strong><a href=\"http:\/\/textura.org\" rel=\"noopener\" target=\"_blank\">textura<\/a><\/strong><br \/>\nGruenrekorder recordings are often filled with surprises, and szmt&#8217;s Parvenu is no exception: the brainchild of Tobias Schmitt, the forty-eight-minute release was created entirely using sounds derived from three bee hives. Given the szmt description provided, Schmitt, who also issues material under the Suspicion Breeds Confidence alias (e.g., The Fauna and Flora of the Vatican City) and has contributed to a number of releases on the label over the years, would appear to be somewhat of a provocateur. szmt, we&#8217;re told, \u201ccontextualizes seemingly contradictory material and techniques\u201d such that all input is \u201cformed into a coherent but nevertheless open-to-misinterpretation result by means of improvisation and composition.\u201d<\/p>\n<p>&nbsp;<\/p>\n<p>In the case of Parvenu, four long-form explorations are presented, each carrying with it a wordy title, the lengthiest \u201cThe General Skepticism of the Constitutional Monarchy Was Justified as New Forms of Authority Surfaced.\u201d The material&#8217;s predictably abstract and amenable to interpretation, the listener free to conjure any number of possible interpretations in response. Occasional moments of insect swarm and buzzing do surface, but for the most part Schmitt&#8217;s treated the original recordings like so much raw material ready to be liberally shaped and transformed.<\/p>\n<p>&nbsp;<\/p>\n<p>As the recording plays, it&#8217;s impossible to predict what direction it&#8217;ll take; at one juncture, a writhing, industrial-inflected rhythm pattern begins to assert itself before a swathe of smears abruptly takes its place. Elsewhere, amplified chirping, grinding, and warbling noises suggest a microphone moving in closely on the hive and its inhabitants, with rutting sounds of indeterminate origin implying activity of some (re)productive kind occurring within. Tinged with sci-fi bleeps, a few ambient-like episodes arise that one would perhaps misidentify as synth-generated were one unaware of the production methodology involved, and strange though it might sound, that aforementioned track, especially when it features clattering beat elements, threads sequences into its fifteen-minute frame that aren&#8217;t unlike what one might encounter in an early Autechre experiment.<br \/>\nA number of possible descriptions come to mind, but experimental soundsculpting might be the best and simplest fit for what&#8217;s going on here. Such experimentation is business as usual at Gruenrekorder central, of course, as long-time followers of the label already know. As strange to outsiders as Parvenu will be, to Gruenrekorder fans such weirdness is nothing more than standard operating procedure.<br \/>\n<a href=\"http:\/\/textura.org\/archives\/s\/szmt_parvenu.htm\" rel=\"noopener\" target=\"_blank\">link<\/a><\/p>\n<p>&nbsp;<\/p>\n<p><strong>Frans de Waard | <a href=\"http:\/\/www.vitalweekly.net\" rel=\"noopener\" target=\"_blank\">VITAL WEEKLY<\/a><\/strong><br \/>\nBehind szmt (no capitals needed) is Tobias Schmitt, better know, I think, as Suspicion Breeds Confidence, but also an improviser and organiser of concerts. As szmt he \u201ccontextualizes seemingly contradictory material and techniques. All input is equal and will be formed into a coherent but nevertheless open to misinterpretation result by means of improvisation and composition\u201d and for \u2018Parvenu\u2019 we read that it is a \u201cwork about authoritarian structures and developments. The narrative is abstract, all sounds are concrete. Every single sound on this recording is based on recordings from three bee hives\u201d, in which context I guess the whole authoritarian structures becomes funny. When I played this yesterday for the first time I didn\u2019t look any of this up, nor could I really decipher the font on the cover and decided to give it another try, another day, which turned out to be today. Now that I know I am hearing the processed sound of bees, it sounds like something very obvious, but I guess that\u2019s always the case. I assume that Schmitt is armed with a laptop and sound processing tools that lie within those machines to compose the four pieces on this CD. It is shimmering, quiet, sometimes loud, sometimes very processed, beyond recognition and then sometimes it seems to be fairly close to what is really a recording of a bee. Most of the times it sounds like the work of microsound, that active music force from a decade ago, but in the case of szmt that is perhaps 2\/3 of the story. In \u201cThe General Skepticism of the Constitutional Monarchy Was Justified as New Forms of Authority Surfaced\u201d (all four titles are that weird, indeed), Schmitt let\u2019s his bees do a dance, and while not really techno music, or perhaps something we could or should dance too, there is surely some kind of groove to be detected. Schmitt\u2019s work reminded me of Roel Meelkop, Marc Behrens and that posse, but he added his own twist by allowing a more loop based structure, working his processing around those, calling for minimalist developments within each piece. It\u2019s these perhaps not so big differences that actually made it stand out from the microsound as it was before and made it into something he can call his.<br \/>\n<a href=\"http:\/\/www.vitalweekly.net\/1110.html\" rel=\"noopener\" target=\"_blank\">link<\/a><\/p>\n<p>&nbsp;<\/p>\n<p><strong>Guillermo Escudero | <a href=\"http:\/\/www.loop.cl\" rel=\"noopener\" target=\"_blank\">Loop<\/a><\/strong><br \/>\nSzmt aka Tobias Schmitt is a german sound artist based in Francfurt Am Main who has released four albums and a couple of singles for Attenuation Circuit, Acrylnimbus and Murmure Intemporel. He has participe a several groups, solo works and collaborations with other artists. &#8222;Parvenu&#8220; is a work on structures and all sounds are concrete. Each sound in this release is based on recordings of three beehives. Some of the sounds are inaudible and all of them electronically processed allow to configure an abstraction of those innumerable actions that nature allows in beehives. Repetitive and structured actions that insinuate an established order and hierarchy as in a society like ours. \u201cThe General Skepticism of the Constitutional Monarchy Was Justified as New Forms of Authority Surfaced\u201d proposes brittle and mechanical rhythms, differentiating from the album abstract sounds.<br \/>\n<a href=\"http:\/\/www.loop.cl\/index.php?option=com_content&#038;task=view&#038;id=1389&#038;Itemid=27\" rel=\"noopener\" target=\"_blank\">link<\/a><\/p>\n","protected":false},"excerpt":{"rendered":"<p>&nbsp; PARVENU | szmt Gruen 178 | Audio CD &gt; [order] Reviews &nbsp; Parvenu is a work about authoritarian structures and developments. The narrative is abstract, all sounds are concrete. Every single sound on this recording is based on recordings from three bee hives. &nbsp; &nbsp; Track List: &nbsp; Sometimes She Had Melancholic Memories of [&hellip;]<\/p>\n","protected":false},"author":3,"featured_media":0,"parent":0,"menu_order":0,"comment_status":"closed","ping_status":"closed","template":"","meta":{"ngg_post_thumbnail":0,"footnotes":""},"class_list":["post-16292","page","type-page","status-publish","hentry"],"_links":{"self":[{"href":"https:\/\/www.gruenrekorder.de\/index.php?rest_route=\/wp\/v2\/pages\/16292","targetHints":{"allow":["GET"]}}],"collection":[{"href":"https:\/\/www.gruenrekorder.de\/index.php?rest_route=\/wp\/v2\/pages"}],"about":[{"href":"https:\/\/www.gruenrekorder.de\/index.php?rest_route=\/wp\/v2\/types\/page"}],"author":[{"embeddable":true,"href":"https:\/\/www.gruenrekorder.de\/index.php?rest_route=\/wp\/v2\/users\/3"}],"replies":[{"embeddable":true,"href":"https:\/\/www.gruenrekorder.de\/index.php?rest_route=%2Fwp%2Fv2%2Fcomments&post=16292"}],"version-history":[{"count":20,"href":"https:\/\/www.gruenrekorder.de\/index.php?rest_route=\/wp\/v2\/pages\/16292\/revisions"}],"predecessor-version":[{"id":16850,"href":"https:\/\/www.gruenrekorder.de\/index.php?rest_route=\/wp\/v2\/pages\/16292\/revisions\/16850"}],"wp:attachment":[{"href":"https:\/\/www.gruenrekorder.de\/index.php?rest_route=%2Fwp%2Fv2%2Fmedia&parent=16292"}],"curies":[{"name":"wp","href":"https:\/\/api.w.org\/{rel}","templated":true}]}}