{"id":18028,"date":"2020-01-11T20:45:38","date_gmt":"2020-01-11T20:45:38","guid":{"rendered":"https:\/\/www.gruenrekorder.de\/?page_id=18028"},"modified":"2021-02-01T13:47:51","modified_gmt":"2021-02-01T13:47:51","slug":"ring-road-ring-michael-lightborne","status":"publish","type":"page","link":"https:\/\/www.gruenrekorder.de\/?page_id=18028","title":{"rendered":"Ring Road Ring | Michael Lightborne"},"content":{"rendered":"<p><img decoding=\"async\" style=\"border: 1px solid black;\" title=\"Ring Road Ring | Michael Lightborne\" src=\"https:\/\/www.gruenrekorder.de\/Photos\/gruen_195.jpg\" alt=\"Ring Road Ring | Michael Lightborne\" border=\"1\" \/><\/p>\n<p>&nbsp;<\/p>\n<p><strong>Ring Road Ring | <a href=\"https:\/\/www.gruenrekorder.de\/?page_id=16716\">Michael Lightborne<\/a><\/strong><br \/>\nGruen 195 | Vinyl (+ Digital) | Digital &gt; [<a href=\"https:\/\/shop.gruenrekorder.de\/?full#Gruen_195\" target=\"_blank\" rel=\"noopener noreferrer\">order<\/a>]<br \/>\n<a href=\"#reviews\">Reviews<\/a><br \/>\nngg_shortcode_0_placeholder<\/p>\n<p>&nbsp;<\/p>\n<p>This album features sound recordings of the low-level vibrations pulsing through the megastructure that is the Coventry Ring Road. Built between the 1950s and 70s, it was a key part of the plan to rebuild Coventry after the devastation of World war II. The Ring Road was intended to keep traffic out of the city centre and form the basis for a radical vision of a modern pedestrian-focussed city. However, politics, economics and the contingencies of history combined to produce a situation in which the plan was compromised in a number of ways. Nowadays, the Ring Road has come to be seen as a misguided Modernist project that ended up deterring pedestrians and killing the city centre. The process of disassembling, mitigating, and repurposing the structure is already under way.<\/p>\n<p>&nbsp;<\/p>\n<p>To capture these sounds I used contact microphones attached to the concrete pylons that support the road, at various points around its circumference. I was immediately surprised by how melancholy the ring-road sounds. The first track is a collage of field recordings from around the Ring Road. Most of the subsequent tracks take these recordings as raw material from which to build a series of poetic interpretations of the lifeworld of the Ring Road. The final track adds induction coil recordings of the electromagnetic fields that surround and emanate from the structure, including the flittering fragments of the EM fields dragged around by traffic passing above.<\/p>\n<p>&nbsp;<\/p>\n<p>1. Ring Road Ring<br \/>\n<a href=\"https:\/\/www.gruenrekorder.de\/mp3\/01-Ring_Road_Ring-sample2.mp3\">MP3<\/a><br \/>\n2. Fortran<br \/>\n<a href=\"https:\/\/www.gruenrekorder.de\/mp3\/02-Fortran-sample.mp3\">MP3<\/a><br \/>\n3. Ring Road Reprise<br \/>\n4. Moebius Loop<br \/>\n<a href=\"https:\/\/www.gruenrekorder.de\/mp3\/04-Moebius_Loop-sample.mp3\">MP3<\/a><br \/>\n5. Gordian Knot<br \/>\n6. Shepherd Tone<br \/>\n7. Ring Cycles<br \/>\n<a href=\"https:\/\/www.gruenrekorder.de\/mp3\/07-Ring_Cycles-sample.mp3\">MP3<\/a><\/p>\n<p>&nbsp;<\/p>\n<p>7 Tracks (32\u203247\u2033)<br \/>\nVinyl (300 copies)<\/p>\n<p>&nbsp;<\/p>\nngg_shortcode_1_placeholder\n<p>&nbsp;<\/p>\n<hr size=\"2\" width=\"100%\" \/>\n<p>&nbsp;<\/p>\n<p>This album was produced as part of Sensing the City, an Arts and Humanities Research Council funded project that investigates the urban space of Coventry City (<a href=\"http:\/\/warwick.ac.uk\/sensingthecity\" target=\"_blank\" rel=\"noopener noreferrer\">warwick.ac.uk\/sensingthecity<\/a>).<\/p>\n<p>&nbsp;<\/p>\n<p>Thanks to: Nicolas Whybrow, Natalie Garrett Brown, Emma Meehan, Carolyn Deby, Nese Tosun, Sarah Shalgosky, Fiona Venables, Rachel Moseley, Pete Ashton, Roland and Lasse at Gruenrekorder, Denise Pigott, and Ezra Gene.<\/p>\n<p>&nbsp;<\/p>\n<p>All recordings made by Michael Lightborne in the city of Coventry.<br \/>\nArtwork and photography by Michael Lightborne.<\/p>\n<p>&nbsp;<\/p>\n<p>Field Recording Series by Gruenrekorder<br \/>\nGermany \/ 2020 \/ Gruen 195 \/ LC 09488<\/p>\n<p>&nbsp;<\/p>\n<hr size=\"2\" width=\"100%\" \/>\n<p>&nbsp;<\/p>\n<p><a name=\"reviews\"><\/a><strong>Reviews<\/strong><\/p>\n<p>&nbsp;<\/p>\n<p><strong>Ed Pinsent | <a href=\"http:\/\/www.thesoundprojector.com\" rel=\"noopener\" target=\"_blank\">The Sound Projector<\/a><\/strong><br \/>\n[&#8230;] Michael Lightborne\u2018s previous record for this label was the excellent Sounds Of The Projection Box, released in 2018 as a <a href=\"http:\/\/www.thesoundprojector.com\/2019\/04\/06\/projecting-into-the-past\/\" rel=\"noopener\" target=\"_blank\">beautifully packaged LP record<\/a> with plenty of photographic illustrations of his theme. He made documentary recordings of the sounds of projection booths in UK cinemas, but also contextualised the work with his detailed, well-considered annotations and observations. That rigour is much in evidence on today\u2019s record, Ring Road Ring (GRUEN 195). He made recordings of the ring road in Coventry, a structure that was built after the war in the hopes of allowing traffic to bypass the city, so the council could make good on its plan to build a pedestrianised centre. There are numerous concrete pillars supporting this road, and this is where Lightborne attached his microphones to collect his field recordings. These are presented on the record; first as a long (10:53) piece, the title track in fact, which collages and layers a number of the original recordings together into a mini-symphony of grey, droning sounds. There follow a number of shorter pieces, with titles such as \u2018Fortran\u2019, \u2018Moebius Loop\u2019 and \u2018Shepherd Tone\u2019, which use the original recordings but subjected to the imaginative processes of the composer; his aim is \u201cto build a series of poetic interpretations of the lifeworld of the Ring Road\u201d, which I find very poignant. The long track has a compelling, industrial bleakness which is hard to beat, but the shorter \u201cpoetic\u201d tracks are just glorious; barely recognisable as traffic sound, what emerges is mostly the sense of constant vibrations and the shifting of inert building materials, transformed by the composer\u2019s art into a form of droning process music.<\/p>\n<p>&nbsp;<\/p>\n<p>Michael Lightborne evidently intends a critical side to his work, much like Enrico Coniglio above; he points out how the Ring Road project failed, and failed the city; \u201cthe Ring Road has come to be seen as a misguided Modernist project that ended up deterring pedestrians and killing the city centre.\u201d I can personally testify to this, having spent three years in Coventry in the 1980s; as a pedestrian, I often wondered what was causing this nameless sense of dread and despair in my bones, and the Ring Road could well have been a part of it. Ironically, the project (as shown in Lightborne\u2019s research) was full of optimism at the time, even regarded as futuristic \u2013 the design was computer-assisted, hence the Fortran reference, and full of the same spirit of adventure that led our society to build other Brutalist erections, such as the numerous tower blocks that sprung up under the Labour government in the 1960s. Lightborne\u2019s gloomy prognosis was, he found, confirmed as soon as he heard a playback of the field recordings he had made; it sounded \u201cmelancholy\u201d. It\u2019s as though the architecture itself was in revolt, protesting the weight of traffic that has been passing over its surfaces for 50 years; the whole LP emerges as a Dantean portrait of a modern urban Hell, a bleak image of futility.<\/p>\n<p>&nbsp;<\/p>\n<p>How many other such destructive and deleterious town planning projects are there in the UK? We need more sound artists like Lightborne to point out and express these failures, and I would argue the statements are all the more powerful for being expressed as art, instead of 200pp surveyor reports or misguided sociological studies that will never get read. Lightborne\u2019s critique is more clearly articulated than the rather vague murmurs of Teredo Navalis, and arguably more integrated as a site-specific work; however, both artists are coming from a similar place. [&#8230;]<br \/>\n<a href=\"http:\/\/www.thesoundprojector.com\/2020\/12\/05\/three-acoustical-surveys\/\" rel=\"noopener\" target=\"_blank\">link<\/a><\/p>\n<p>&nbsp;<\/p>\n<p><strong>\u0141ukasz Kom\u0142a | <a href=\"https:\/\/www.nowamuzyka.pl\" target=\"_blank\" rel=\"noopener noreferrer\">Nowamuzyka.pl<\/a><\/strong><br \/>\nD\u017awi\u0119kowy \u015bwiat obwodnicy w Coventry.<br \/>\nPowy\u017cszy lead mo\u017ce wydawa\u0107 si\u0119 absurdalny, nieatrakcyjny i wcale niezach\u0119caj\u0105cy do odkrycia brzmie\u0144 betonowej konstrukcji obwodnicy otaczaj\u0105cej angielskie miasto Coventry po\u0142o\u017cone w \u015brodkowej cz\u0119\u015bci kraju, w hrabstwie West Midlands. Mo\u017ce jednak dacie si\u0119 nam\u00f3wi\u0107?<\/p>\n<p>&nbsp;<\/p>\n<p>Dwa lata temu pisa\u0142em o innym wydawnictwie Michaela Lightborne\u2019a \u2013 brytyjskiego artysty audiowizualnego \u2013 zatytu\u0142owanym Sounds of the Projection Box, na kt\u00f3rym dokumentowa\u0142 zmieniaj\u0105c\u0105 si\u0119 struktur\u0119 d\u017awi\u0119kow\u0105 wn\u0119trza projektora kinowego.<\/p>\n<p>&nbsp;<\/p>\n<p>Ring Road Ring to z kolei podr\u00f3\u017c w g\u0142\u0105b betonowych konstrukcji generuj\u0105cych niemal industrialne pasma o do\u015b\u0107 niskich cz\u0119stotliwo\u015bciach. Budowa tego obiektu rozpocz\u0119\u0142a si\u0119 pod koniec lat 50. XX wieku, a zako\u0144czy\u0142a w 1974 roku. Projektowi przy\u015bwieca\u0142y g\u00f3rnolotne pomys\u0142y, dotycz\u0105ce mi\u0119dzy innymi nowoczesnego rozwoju miasta i zadbania o pieszych. W wyniku wielu aspekt\u00f3w ekonomicznych i politycznych, obwodnica jest postrzegana jako b\u0142\u0119dne zjawisko architektoniczne, w dodatku odstraszaj\u0105ce pieszych. Wyczyta\u0142em, \u017ce w\u0142adze uruchomi\u0142y proces przekszta\u0142cania obwodnicy.<\/p>\n<p>&nbsp;<\/p>\n<p>Lightborne wi\u0119c czym pr\u0119dzej chwyci\u0142 za mikrofony kontaktowe, by zd\u0105\u017cy\u0107 przed modernizacj\u0105. Mikrofony przymocowa\u0142 do betonowych element\u00f3w podtrzymuj\u0105cych drog\u0119 w r\u00f3\u017cnych jej punktach. Tytu\u0142owy Ring Road Ring to kola\u017c sk\u0142adaj\u0105cy si\u0119 wy\u0142\u0105cznie z nagra\u0144 terenowych. Sam autor podkre\u015bla, \u017ce by\u0142 zaskoczony brzmieniow\u0105 melancholi\u0105, jak\u0105 odkry\u0142 nas\u0142uchuj\u0105c mur\u00f3w obwodnicy. Pozosta\u0142e fragmenty powsta\u0142y ju\u017c z przetworzonego field recordingu, a stylistycznie lokuj\u0105 si\u0119 w obszarze dark ambientu o strukturze g\u0119stych, masywnych i lepkich drone\u2019\u00f3w, co chyba najlepiej s\u0142ycha\u0107 w znakomitej kompozycji Fortran.<\/p>\n<p>&nbsp;<\/p>\n<p>Ten W\u0119ze\u0142 Gordyjski (Gordian Knot) nie ma nic wsp\u00f3lnego z drewnianym \u0142ykiem \u2013 to splot kosmicznej otch\u0142ani i grawitacyjnej pustki. To jak bezw\u0142adny lot przez mroczny tunel wype\u0142niony nico\u015bci\u0105. W utworze wie\u0144cz\u0105cym ca\u0142o\u015b\u0107 Ring Cycles Lightborne zawar\u0142 tak\u017ce efekty d\u017awi\u0119kowe pochodz\u0105ce z cewek indukcyjnych, kt\u00f3re s\u0105 cz\u0119\u015bci\u0105 sygnalizacji \u015bwietlnej obwodnicy.<\/p>\n<p>&nbsp;<\/p>\n<p>Z pozoru nieciekawa g\u00f3ra betonu podparta samotnie stoj\u0105cymi s\u0142upami, okaza\u0142a si\u0119 interesuj\u0105cym obiektem, do kt\u00f3rego warto przystawi\u0107 nie tylko ucho, ale r\u00f3wnie\u017c mikrofon. Niech Ring Road Ring b\u0119dzie inspiracj\u0105 do odkrycia czego\u015b podobnego we w\u0142asnej okolicy i stworzenia concrete field recordingu.<br \/>\n<a href=\"https:\/\/www.nowamuzyka.pl\/2020\/06\/18\/michael-lightborne-ring-road-ring\/\" target=\"_blank\" rel=\"noopener noreferrer\">link<\/a><\/p>\n<p>&nbsp;<\/p>\n<p><strong><a href=\"https:\/\/www.textura.org\" target=\"_blank\" rel=\"noopener noreferrer\">textura<\/a><\/strong><br \/>\nAll three of these recent Gruenrekorder releases are quintessential label products: adventurous, thought-provoking, and unusual. Michael Lightborne&#8217;s and Enrico Coniglio&#8217;s are grounded in field recordings, Coventry Ring Road and the Venetian Lagoon the sites used for their respective projects; an entirely different animal, un|sounding the self \u2014 a portrait combines an hour-long video and booklet for its in-depth portrait of American artists Christopher Shultis and Craig Shepard.<\/p>\n<p>&nbsp;<\/p>\n<p>Issued in vinyl and digital formats, Lightborne&#8217;s thirty-three-minute Ring Road Ring is strongly rooted in a geographical location, with its seven tracks using low-level vibrations pulsing through Coventry Ring Road as a springboard (to capture the sounds, he attached contact microphones to concrete pylons supporting the road). Built in Coventry, England between 1960 and &#8217;74, the road formed part of the city&#8217;s rebuilding plan after WWII and was intended to keep growing levels of traffic away from the city core as well as promote the idea of a pedestrian-focused setting. Today, however, the project is regarded as something of a failure as it&#8217;s alienated pedestrians and had a detrimental effect on the city centre; as a result, plans are afoot to disassemble and repurpose the structure (one rumour has it that the road may be closed to traffic and converted into a city park).<\/p>\n<p>&nbsp;<\/p>\n<p>In every one of these soundscapes, texture and reverberation are paramount. A collage of largely untreated field recordings, the opening track, \u201cRing Road Ring,\u201d is the longest at eleven minutes as well as the \u2018purest.&#8216; Even so, a vaguely melancholic, even lonely character emerges from the muffled stream and its punctuating clatter, so tangibly, in fact, that Lightborne&#8217;s likening of its \u2018music&#8216; to a \u201clament\u201d begins to seem more than a little plausible. Further to that, when a metronomic clicking pattern surfaces, the grainy material begins to suggest some degraded form of experimental techno, the kind of industrial concoction one could image booming from the bowels of a hazy club at three in the morning.<\/p>\n<p>&nbsp;<\/p>\n<p>The other tracks build on \u201cRing Road Ring\u201d by using it as raw material for the creation of so-called \u201cpoetic interpretations\u201d of the road. Smothered in gaseous vapours, \u201cFortran\u201d could be mistaken for an early Basic Channel production or even perhaps some eerie alien transmission captured using broken-down equipment. The sonic character of \u201cMoebius Loop\u201d evokes the image of a figure lurching through a cavernous space, whereas \u201cShepherd Tone\u201d exudes a rather nightmarish quality in suggesting scrambled voices accessed via seance. If \u201cRing Cycles\u201d exhibits a stronger electronic character than the others, it&#8217;s because Lightborne worked into its combustible assembly induction coil recordings of the electromagnetic fields surrounding and emanating from the structure. Each vinyl side, by the way, includes a locked groove at the end, the gesture fitting for a project whose subject matter operates as a continuous roundabout. [&#8230;]<br \/>\n<a href=\"https:\/\/www.textura.org\/archives\/c\/collenberg_coniglio_lightborne.htm\" target=\"_blank\" rel=\"noopener noreferrer\">link<\/a><\/p>\n<p>&nbsp;<\/p>\n<p><strong>Roger Batty | <a href=\"https:\/\/www.musiquemachine.com\" rel=\"noopener\" target=\"_blank\">Musique Machine<\/a><\/strong><br \/>\nRing Road Ring is a twelve-inch vinyl release that brings together around half-an-hours worth of road field recordings captured by contact microphones attached to the concrete pylons around the Ring Road, which loops around the city of Coventry in the West Midlands. The recordings here go from untreated &#038; lightly manipulated\/ arranged- with the sonic pallet moving from melancholically droning, muffled almost beat like texturing, and churning industrial-like sonic constructions.<\/p>\n<p>&nbsp;<\/p>\n<p>The release appeared this year on highly respected German field recording\/ sound art label Gruenrekorder. The plain black vinyl is presented inside a manila card sleeve- that features minimal grey texts. Inside we get a gloss monochrome inner slip- this takes in close up pictures of ring road bridges, as well as a double-sided grey inlay paper- this features on one side a  write-up about the release\/ project, and a map of the ring road on the reverse. With each side featuring a locked groove at the end of it<\/p>\n<p>&nbsp;<\/p>\n<p>The release kicks off with the longest &#038; apparently least untouched track \u201cRing Road Ring\u201d. It runs at just over the eleven-minute mark, and to start with we have spinning &#038; hacking drone element- which is both angular &#038; violently brooding in its attack. As the track progresses we get slightly knock sub-tones coming off the key tones, and at the three-minute mark these develop into more pronounced ticks &#038; snaps, which map out an almost rhythmic tolling pattern. At the around the six-minute mark, the produced drone fades, and we get a selection of knocking &#038; ticking textures. In the last minute &#038; a half, we get a muffled &#038; sort haze buzzing loop, which is joined by the more knocking tonality.<\/p>\n<p>&nbsp;<\/p>\n<p>Next, we have the four &#038; a half minutes of &#8222;Fortran&#8220;- here we get this blend of low-fi slicing &#038; swooping looped tones, distant stream like chugs, and rotating like moody drone shimmer- I rather enjoyed the spinning &#8217;n&#8216; spiralling almost bleak groove of this track.  As we move on the second side come to the just over three &#038; a half minutes of \u201cMoebius Loop\u201d- which brings together ominous glow drone purr, with brooding knocks &#038; scraps. There\u2019s the amassed malevolent alien robot-like chatter of \u201cShepherds Tone\u201d which slides in at the two &#038; a half minute mark. Then the release is topped off with the just over five minutes \u201cRing Cycles\u201d- it adds in electromagnetic induction coil recordings to mix- these apparent emanate from the ring road structure, and these are added to this distant spinning &#038; swooping tones on the road.<\/p>\n<p>&nbsp;<\/p>\n<p>The concept\/ idea behind Ring Road Ring is certainly intriguing, and at points rewarding, as there are some most worthy sounds captured. I think the issue is that more often than not the tracks are over too fast, so the more satisfying tones don\u2019t have time to sink in. I, of course, understand that these are largely untreated field recordings- but I feel maybe it would have been better if one side of the release was untreated field recordings, and the second was more manipulated\/ stretched out tones. Anyway, certainly another distinct &#038; worthy field recording release from Gruenrekorder, which would work as a great audio backdrop to one of J.G Ballad more fetishised &#038; chilling automobile novels.<br \/>\n<a href=\"https:\/\/www.musiquemachine.com\/reviews\/reviews_template.php?id=8108\" rel=\"noopener\" target=\"_blank\">link<\/a><\/p>\n<p>&nbsp;<\/p>\n<p><strong>Guillermo Escudero | <a href=\"http:\/\/www.loop.cl\" target=\"_blank\" rel=\"noopener noreferrer\">Loop<\/a><\/strong><br \/>\nThis LP belongs to the field recordings and soundscapes series of German Gruenrekorder imprint. Michael Lightborne is a sound artist from Coventry, England and academic based in Birmingham, UK, and Cork, Ireland. Ring Road in Coventry, England is a ring road which forms a complete dual carriageway circuit around the city center. It was intended to be an urban solution to privilege pedestrians, but it ended up hindering traffic in the city center and harmed pedestrians. Lightborne put contact microphones on the piles at various points on the ring road and to the artist&#8217;s surprise, these sounds sounded melancholic. &#8222;Fortran&#8220; that opens this album displays penetrating and hypnotic rhythmic pulsations. On &#8222;Gordian Knot&#8220; you can hear sounds like the blowing of a tube whose end is infinite and &#8222;Moebius Loop&#8220; adds electrifying clicks that on &#8222;Ring Cycles&#8220; are relieved as a layer of drones. \u201cRing Road Ring\u201d displays underground noises with industrial sound characteristics. &#8222;Shepherd Tone&#8220; that closes this album continues with noises that form spirals of loops that show the movement in this ring road, whose incessant vehicle traffic is a sign of the urban damage that this ring road is causing to the city and that Michael Lightborne shows us with his sound evidence.<br \/>\n<a href=\"http:\/\/www.loop.cl\/content\/view\/1667\/27\/\" target=\"_blank\" rel=\"noopener noreferrer\">link<\/a><\/p>\n<p>&nbsp;<\/p>\n<p><strong>Frans de Waard | <a href=\"http:\/\/www.vitalweekly.net\" target=\"_blank\" rel=\"noopener noreferrer\">VITAL WEEKLY<\/a><\/strong><br \/>\nAnd on vinyl, we find Michael Lightborne, with a follow-up to his LP &#8218;Sounds Of The Projection Box&#8216; (see Vital Weekly 1146) in which he used recordings made in a cinema projection box. This time we find him outside, alongside the megastructure of the Coventry Ring Road. When they started to rebuild the heavily bombed city after World War II, they decided to keep the traffic outside the city centre and keep it pedestrian-friendly. But the plan didn&#8217;t work and Lightborne writes, &#8222;Nowadays, the Ring Road has come to be seen as a misguided Modernist project that ended up deterring pedestrians and killing the city centre. The process of disassembling, mitigating, and repurposing the structure is already underway&#8220;. He attached contact microphones to the structure and captures the vibrating of the structure. The record opens up with some field recordings from around the Ring Road and ends with &#8222;induction coil&#8220; recordings, meaning he captured some of the electromagnetic fields from around the structure. In the five other pieces, the recordings are mixed and the result is some great record. One might think cars and concrete structures equals a fair bit of noise but that is not the case here; in fact, it is all rather subdued and sounding distant. It is hard to say what it sounds like; I was thinking of a recording of wind chimes slowed down a lot. Or, maybe it sounds akin to hitting with branches on a frozen lake? That&#8217;s the sort of impressions I had. As a child, I played along the canal in my neighbourhood and below the bridge, you&#8217;d hear these cars passing overhead; the whole structure of the concrete had a dampening effect on it. On busy days you&#8217;d hear the steady cadence of the cars, something that Lighborne uses in the lock grooves at either side of the record. This is some fascinating music; dark and elegant, quiet and peaceful. And yes, that is perhaps a strange thing for recordings of a Ring Road.<br \/>\n<a href=\"http:\/\/www.vitalweekly.net\/1235.html\" target=\"_blank\" rel=\"noopener noreferrer\">link<\/a><\/p>\n","protected":false},"excerpt":{"rendered":"<p>&nbsp; Ring Road Ring | Michael Lightborne Gruen 195 | Vinyl (+ Digital) | Digital &gt; [order] Reviews &nbsp; This album features sound recordings of the low-level vibrations pulsing through the megastructure that is the Coventry Ring Road. Built between the 1950s and 70s, it was a key part of the plan to rebuild Coventry [&hellip;]<\/p>\n","protected":false},"author":3,"featured_media":0,"parent":0,"menu_order":0,"comment_status":"closed","ping_status":"closed","template":"","meta":{"ngg_post_thumbnail":0,"footnotes":""},"class_list":["post-18028","page","type-page","status-publish","hentry"],"_links":{"self":[{"href":"https:\/\/www.gruenrekorder.de\/index.php?rest_route=\/wp\/v2\/pages\/18028","targetHints":{"allow":["GET"]}}],"collection":[{"href":"https:\/\/www.gruenrekorder.de\/index.php?rest_route=\/wp\/v2\/pages"}],"about":[{"href":"https:\/\/www.gruenrekorder.de\/index.php?rest_route=\/wp\/v2\/types\/page"}],"author":[{"embeddable":true,"href":"https:\/\/www.gruenrekorder.de\/index.php?rest_route=\/wp\/v2\/users\/3"}],"replies":[{"embeddable":true,"href":"https:\/\/www.gruenrekorder.de\/index.php?rest_route=%2Fwp%2Fv2%2Fcomments&post=18028"}],"version-history":[{"count":40,"href":"https:\/\/www.gruenrekorder.de\/index.php?rest_route=\/wp\/v2\/pages\/18028\/revisions"}],"predecessor-version":[{"id":18848,"href":"https:\/\/www.gruenrekorder.de\/index.php?rest_route=\/wp\/v2\/pages\/18028\/revisions\/18848"}],"wp:attachment":[{"href":"https:\/\/www.gruenrekorder.de\/index.php?rest_route=%2Fwp%2Fv2%2Fmedia&parent=18028"}],"curies":[{"name":"wp","href":"https:\/\/api.w.org\/{rel}","templated":true}]}}