{"id":19199,"date":"2021-12-20T11:13:38","date_gmt":"2021-12-20T11:13:38","guid":{"rendered":"https:\/\/www.gruenrekorder.de\/?page_id=19199"},"modified":"2021-12-20T11:26:09","modified_gmt":"2021-12-20T11:26:09","slug":"elin-mar-oyen-vister","status":"publish","type":"page","link":"https:\/\/www.gruenrekorder.de\/?page_id=19199","title":{"rendered":"Elin M\u00e1r \u00d8yen Vister"},"content":{"rendered":"<p><img decoding=\"async\" title=\"Elin M\u00e1r \u00d8yen Vister\" src=\"https:\/\/www.gruenrekorder.de\/Photos\/elin.jpg\" alt=\"Elin M\u00e1r \u00d8yen Vister\" border=\"1\" \/><\/p>\n<p>&nbsp;<\/p>\n<p><strong>Elin M\u00e1r \u00d8yen Vister<\/strong><br \/>\nis artist and forager with their base on R\u00f8st, South -Westernmost part of Lofoten (Norway\/S\u00e1pmi). With a broad background in audio and music (as DJ and producer, and in-field recording and radio), they bring an interdisciplinary approach and experience of a multitude of practices to their expression. <\/p>\n<p>&nbsp;<\/p>\n<p>M\u00e1r is occupied with listening as a life practice and as a way to compose, sense, and experience the world, much inspired by Pauline Oliveros\u2019s Deep Listening philosophy and aesthetic philosophy. <\/p>\n<p>&nbsp;<\/p>\n<p>Elin M\u00e1r are concerned with how \u201cthe personal is political\u201d, rooted in the local, but simultaneously sensing the global and cosmic perspectives. They research how a place and all its habitants (human\/non-human\/ mineral\/plant\/ insect etc)continuously and simultaneously relate back and forth in time; layers of stories; trauma and joy side by side. The research meetings with people creatures and land provides historic, sensory and emotional material to create works that reflect on -and relate to the socio-political and nature-culture stories of there, and they guide them to find the form; how can I tell this story, care for, potentially contribute to healing and speak to these layers of tensions with aesthetic tools? <\/p>\n<p>&nbsp;<\/p>\n<p>M\u00e1r\u2019s work wishes to break with Western patriarchal hegemonic narratives that have placed the human being in the center and instead focuses on the landscape\u2019s innate stories and knowledge, influenced by indigenous methodologies and indebted to and informed by queer, intersectional, multicultural, and pluriversal understandings of life and the cosmos. They co-run R\u00f8st Artist in Residence, an artist-run workshop, and AIR project, at Skomv\u00e6r Fyr in R\u00f8st. <\/p>\n<p>&nbsp;<\/p>\n<p>Their ongoing long-term projects include Soundscape R\u00f8st and Deconstructing Norwegian- ness and the collaborative project Pluriversal Radio with Serbian artist Mirco Nicolic and the Swedish artist duo akcg.<\/p>\n<p>&nbsp;<\/p>\n<p><a href=\"http:\/\/www.soundscaperost.com\" rel=\"noopener\" target=\"_blank\">www.soundscaperost.com<\/a><br \/>\n<a href=\"http:\/\/www.elinmar.com\" rel=\"noopener\" target=\"_blank\">www.elinmar.com<\/a><br \/>\n<a href=\"http:\/\/www.soundcloud.com\/Leynarrecordings\" rel=\"noopener\" target=\"_blank\">www.soundcloud.com\/Leynarrecordings<\/a><\/p>\n<p>&nbsp;<\/p>\n<p><strong>Gruenrekorder:<\/strong><br \/>\nElin M\u00e1r \u00d8yen Vister: \u201e<a href=\"https:\/\/www.gruenrekorder.de\/?page_id=18960\">Soundscape R\u00f8st \u2013 Spaces and Species Vol I<\/a>\u201c (Gruen 204\/21)<\/p>\n","protected":false},"excerpt":{"rendered":"<p>&nbsp; Elin M\u00e1r \u00d8yen Vister is artist and forager with their base on R\u00f8st, South -Westernmost part of Lofoten (Norway\/S\u00e1pmi). With a broad background in audio and music (as DJ and producer, and in-field recording and radio), they bring an interdisciplinary approach and experience of a multitude of practices to their expression. &nbsp; M\u00e1r is [&hellip;]<\/p>\n","protected":false},"author":3,"featured_media":0,"parent":0,"menu_order":0,"comment_status":"closed","ping_status":"closed","template":"","meta":{"ngg_post_thumbnail":0,"footnotes":""},"class_list":["post-19199","page","type-page","status-publish","hentry"],"_links":{"self":[{"href":"https:\/\/www.gruenrekorder.de\/index.php?rest_route=\/wp\/v2\/pages\/19199","targetHints":{"allow":["GET"]}}],"collection":[{"href":"https:\/\/www.gruenrekorder.de\/index.php?rest_route=\/wp\/v2\/pages"}],"about":[{"href":"https:\/\/www.gruenrekorder.de\/index.php?rest_route=\/wp\/v2\/types\/page"}],"author":[{"embeddable":true,"href":"https:\/\/www.gruenrekorder.de\/index.php?rest_route=\/wp\/v2\/users\/3"}],"replies":[{"embeddable":true,"href":"https:\/\/www.gruenrekorder.de\/index.php?rest_route=%2Fwp%2Fv2%2Fcomments&post=19199"}],"version-history":[{"count":5,"href":"https:\/\/www.gruenrekorder.de\/index.php?rest_route=\/wp\/v2\/pages\/19199\/revisions"}],"predecessor-version":[{"id":19205,"href":"https:\/\/www.gruenrekorder.de\/index.php?rest_route=\/wp\/v2\/pages\/19199\/revisions\/19205"}],"wp:attachment":[{"href":"https:\/\/www.gruenrekorder.de\/index.php?rest_route=%2Fwp%2Fv2%2Fmedia&parent=19199"}],"curies":[{"name":"wp","href":"https:\/\/api.w.org\/{rel}","templated":true}]}}