{"id":20860,"date":"2023-10-24T22:58:25","date_gmt":"2023-10-24T22:58:25","guid":{"rendered":"https:\/\/www.gruenrekorder.de\/?page_id=20860"},"modified":"2025-11-11T13:44:30","modified_gmt":"2025-11-11T13:44:30","slug":"lopa-enrico-coniglio","status":"publish","type":"page","link":"https:\/\/www.gruenrekorder.de\/?page_id=20860","title":{"rendered":"Lopa | Enrico Coniglio"},"content":{"rendered":"<p><img loading=\"lazy\" decoding=\"async\" style=\"border: 1px solid black;\" title=\"Lopa | Enrico Coniglio\" src=\"https:\/\/www.gruenrekorder.de\/Photos\/grdl_217_cover_320pix.jpg\" alt=\"Lopa | Enrico Coniglio\" width=\"320\" height=\"320\"><\/p>\n<p>&nbsp;<\/p>\n<p><strong>Lopa | <a href=\"https:\/\/www.gruenrekorder.de\/?page_id=18223\">Enrico Coniglio<\/a><\/strong><br \/>\nGrDl 217 | Gruen Digital &gt; [<a href=\"https:\/\/shop.gruenrekorder.de\/?full#Gruen_217\" target=\"_blank\" rel=\"noopener noreferrer\">order<\/a>]<br \/>\nMP3 &amp; FLAC<br \/>\n<a href=\"#reviews\">Reviews<\/a><br \/>\nngg_shortcode_0_placeholder<\/p>\n<p>&nbsp;<\/p>\n<p>This work brings together recordings mostly collected in liminal areas around Venice, along the docks of the Marittima area, close to the urban district of Santa Marta, the Tronchetto island, and other small islands of the lagoon. The recordings were taken using diaphragm, binaural, hydrophones, contact microphones, and electromagnetic sensors. The sessions took place during winter, in the evening, as to minimize human presence, and emphasize the \u201evoice of the environment\u201c. I use this expression to highlight the distinctive sound of the location, now deeply affected by over tourism, , which has profoundly changed the city\u2019s soundmark. The aim of Lopa is to evoke, through music, the soundscape of an evacuated city.The lockdown imposed by the Government in the spring of 2020, the restrictions on leaving residences or traveling, resulted in a near-complete vacancy of public spaces within the city, giving rise to an almost surreal Venice. Due to this, the hush of the pandemic unintentionally brought the dimension of listening to the forefront, transforming Absence into an amplifying factor for the acoustic signals surrounding us.<\/p>\n<p>&nbsp;<\/p>\n<p>Among the motivations behind this work is the need to explore the multitude of narratives of Venice. I often contemplate my approach to the practice of field recording, where one cannot solely be guided by curiosity or astonishment. Research cannot be solely entrusted to chance &#8211; which nonetheless plays a fundamental role &#8211; of finding oneself in a certain situation at a given moment. The issue revolving around field recording relates to the ontological peculiarity of sound, namely the extemporaneity of the sonic event. Every audio recording is, in fact, a reduction of reality, a sampling of the \u201crerum naturae\u201d subject to becoming. This concept takes on even more significance since sound, as a physical phenomenon, has the characteristic of lasting over time. Each conceivable form of sampling hence constitutes a window for listening, an interval from T-0 to T-1 capturing a segment of existence. Everything that happens before or after the observed event, or what exists outside the time segment under observation, simply does not exist. Engaging in a reduction of the world does not mean creating something out of nothing, but rather contributing to modifying reality by capturing one of the possible &#8222;presents&#8220; extrapolated from the weft of time, a tangible actuality &#8211; which we experience &#8211; observed here on a macroscopic level. In this sense, every form of capture and rendition is not only subjective and arbitrary but also entirely indeterminate, based on the contingency of events. The possible sound portraits of a place appear infinite, like a game of mirrors: among the many \u201cVenices\u201d choosing to focus on one cannot claim any adherence to reality. The only possible key remains the artistic-creative approach, an unquestionable criterion for observation, knowledge, and reworking of one&#8217;s direct experience of the world.<\/p>\n<p>&nbsp;<\/p>\n<p>Tracklist:<\/p>\n<p>&nbsp;<\/p>\n<p>1. Route A<br \/>\n<a href=\"https:\/\/www.gruenrekorder.de\/mp3\/Enrico-Coniglio-Route_A_excerpt.mp3\">MP3<\/a><br \/>\n2. Route B<br \/>\n<a href=\"https:\/\/www.gruenrekorder.de\/mp3\/Enrico-Coniglio-Route_B_excerpt.mp3\">MP3<\/a><br \/>\n3. Lopa (i)<br \/>\n<a href=\"https:\/\/www.gruenrekorder.de\/mp3\/Enrico-Coniglio-Lopa_(i)_excerpt.mp3\">MP3<\/a><br \/>\n4. Lopa (ii)<br \/>\n<a href=\"https:\/\/www.gruenrekorder.de\/mp3\/Enrico-Coniglio-Lopa_(ii)_excerpt.mp3\">MP3<\/a><br \/>\n5. Lopa (iii)<br \/>\n<a href=\"https:\/\/www.gruenrekorder.de\/mp3\/Enrico-Coniglio-Lopa_(iii)_excerpt.mp3\">MP3<\/a><\/p>\n<p>&nbsp;<\/p>\n<p>05 Tracks (41\u203255\u2033)<\/p>\n<p>&nbsp;<\/p>\n<hr size=\"2\" width=\"100%\">\n<p>&nbsp;<\/p>\n<p><em>Press<\/em><br \/>\nIt reads online: &#8222;lopa&#8220; is a type of lagoon bottom consisting of mud with peat, formed where a salt marsh dies. People sink into it up to their knees. Completed in 2022, Lopa is an album based on field recordings made over winter 2021 along the edges of Venice historic center and within its lagoon. Following up the album \u201cTeredo navalis\u201d, released by Gruenrekorder in 2020, Coniglio continues the exploration of his native territory. Using a similar compositional approach, field recordings alternate and layer to form fluid narrative structures where sound manipulation, including filtering and granulation, discreetly introduces elements of electroacoustic music. The scenario presented by Lopa is that of a desolate town, where human presence is almost absent. In fact, recordings were made overnight following the precise plan of the author. The sound of water lapping against the \u201cfondamenta\u201d takes the center stage, among creaking mooring ropes and the perpetual rumble of motorized boats. Only the final section, entrusted to the wild ducks quacking, seems to glimpse a possible escape. However, it barely provides solace, because Lopa is the portrait of a city resting on a bed of mud, on the verge of being swallowed.<\/p>\n<p>&nbsp;<\/p>\n<hr size=\"2\" width=\"100%\">\n<p>&nbsp;<\/p>\n<p>Composed, mixed and mastered in Venice in 2022<br \/>\nRecorded at 24\/48 kHz<br \/>\nPhoto by courtesy of Eleonora Ponzio<br \/>\nThis is a soundscape work<br \/>\nPlease note that we have intentionally decided not to print this album<br \/>\nThanks to everybody at Gruenrekorder, Simon Whetham and to Nicola Di Croce for their support<\/p>\n<p>&nbsp;<\/p>\n<p>Soundscape Series by Gruenrekorder<br \/>\nGermany \/ 2023 \/ GrDl 217 \/ LC 09488<\/p>\n<p>&nbsp;<\/p>\n<hr size=\"2\" width=\"100%\">\n<p>&nbsp;<\/p>\n<p><strong>Gruenrekorder (Lopa | Enrico Coniglio) featured on Bandcamp Daily<\/strong><br \/>\nThe Best Field Recordings on Bandcamp: <a href=\"https:\/\/daily.bandcamp.com\/best-field-recordings\/the-best-field-recordings-on-bandcamp-november-2023?utm_source=notification\" target=\"_blank\" rel=\"noopener\">November 2023<\/a><\/p>\n<p>&nbsp;<\/p>\n<hr size=\"2\" width=\"100%\">\n<p>&nbsp;<\/p>\n<p><a name=\"reviews\"><\/a><strong>Reviews<\/strong><\/p>\n<p>&nbsp;<\/p>\n<p><strong>Gruenrekorder featured on Bandcamp Daily<\/strong><br \/>\nThe Best Field Recordings on Bandcamp | By Matthew Blackwell \/ <a href=\"https:\/\/daily.bandcamp.com\/best-field-recordings\/the-best-field-recordings-on-bandcamp-november-2023?utm_source=notification\" target=\"_blank\" rel=\"noopener\">November 2023<\/a><br \/>\n<a href=\"https:\/\/www.gruenrekorder.de\/?page_id=20860\">Lopa<\/a> | <a href=\"https:\/\/www.gruenrekorder.de\/?page_id=18223\">Enrico Coniglio<\/a><br \/>\nVenice has historically been a symbol of man\u2019s ingenuity, but the city is now at risk of destruction through man-made climate change; some experts predict it will be underwater within the century. Lopa was recorded outside of Venice, in the small islands and lagoons that surround the waterlogged city. Enrico Coniglio ventured out to those spaces in the middle of the night, in winter, to ensure that the presence of people wouldn\u2019t interfere with the \u201cvoice of the environment.\u201d Still, machines make their mark. \u201cRoute A\u201d features the natural sounds of water lapping against the piers, but \u201cRoute B\u201d soon runs into the overwhelming rumble of an engine. Similarly, the three-part \u201cLopa\u201d suite features Coniglio\u2019s own interventions into the soundscape, with alarming beeps and buzzes that seem to signal a cataclysmic end. At the end, only the quacking of Venice\u2019s famous ducks remain. \u201cThe possible sound portraits of a place appear infinite, like a game of mirrors: among the many \u201cVenices,\u201d choosing to focus on one cannot claim any adherence to reality,\u201d Coniglio writes. Still, the portrait that he paints is realistic enough, a beautiful snapshot of the city as well as a warning of its fate.<\/p>\n<p>&nbsp;<\/p>\n<p><strong>Elena Ferrarese | <a href=\"https:\/\/www.ilgazzettino.it\/t\/venezia\" target=\"_blank\" rel=\"noopener\">IL GAZZETTINO di Venezia<\/a><\/strong><br \/>\nNell&#8217;ultimo album &#8222;Lopa&#8220; i ritratti sonori lagunari firmati da Enrico Coniglio<\/p>\n<p>&nbsp;<\/p>\n<p>Enrico Coniglio torna a musicare i ritratti sonori di Venezia. Dopo &#8222;Teredo navalis&#8220;, pubblicato da Gruenrekorder nel 2020, il compositore continua l&#8217;esplorazione del suo territorio natale con l&#8217;album &#8222;Lopa&#8220;, sviluppato questa volta, per scelta, solo in digitale.<br \/>\nFonico ambientale e artista del suono, membro dell&#8217;Archivio Italiano Paesaggi Sonori, Coniglio (Venezia, 1975) incentra da moltissimi anni la sua ricerca nell&#8217;indagare la perdita di identit\u00e0 dei luoghi e l&#8217;incertezza sull&#8217;evoluzione del territorio, con particolare riferimento al contesto della laguna veneta. La sua musica, presentata da etichette come Cr\u00f3nica elettronica, Gruen Rekorder, taalem, Fear Drop, Glacial Movements e molte altre, attinge da una vasta gamma di influenze stilistiche, combinando elementi di musica classica, moderna, ambient, elettroacustica e registrazioni sul campo. Completato nel 2022, &#8222;Lopa&#8220; \u00e8 un album basato sulle registrazioni effettuate durante l&#8217;inverno 2021 lungo le banchine della zona marittima di Venezia, in prossimit\u00e0 del quartiere di Santa Marta, dell&#8217;isola del Tronchetto e di altre piccole isole della laguna.<\/p>\n<p>&nbsp;<\/p>\n<p>&#8222;Lopa&#8220; \u00e8 una parola usata per descrivere un tipo di fondo lagunare costituito da fango con torba, formato dove muore una palude salata, dove la gente vi sprofonda fino alle ginocchia. Lo scenario offerto da questa ricerca, infatti, \u00e8 il ritratto di una citt\u00e0 adagiata su un letto di fango, sul punto di essere inghiottita, dove la presenza umana \u00e8 quasi assente. Le registrazioni sono state effettuate durante la notte, seguendo il preciso piano dell&#8217;autore. Il rumore dell&#8217;acqua che lambisce le fondamenta \u00e8 protagonista, tra lo scricchiolio delle cime d&#8217;ormeggio e il rombo perpetuo delle barche a motore. Solo il tratto finale, affidato allo starnazzare delle anatre selvatiche, sembra intravedere una possibile via di fuga.<\/p>\n<p>&nbsp;<\/p>\n<p>Tra le motivazioni alla base di questo lavoro, spiega il compositore, c&#8217;\u00e8 la necessit\u00e0 di esplorare la moltitudine di narrazioni di Venezia. Spesso contemplo il mio approccio alla pratica della registrazione sul campo, dove non si pu\u00f2 essere guidati esclusivamente dalla curiosit\u00e0 o dallo stupore. I possibili ritratti sonori di un luogo, essendo coltu in determinate situazioni e momenti, appaiono infiniti, come un gioco di specchi tra le tante &#8222;Venezie&#8220; che si sceglie di concentrarsi una non pu\u00f2 vantare alcuna aderenza alla realt\u00e0. L&#8217;unica chiave possibile resta l&#8217;approccio artistico-creativo, criterio indiscutibile di osservazione, conoscenza e rielaborazione della propria esperienza diretta del mondo.<br \/>\n<a href=\"https:\/\/www.ilgazzettino.it\/t\/venezia\" target=\"_blank\" rel=\"noopener\">link<\/a><\/p>\n<p>&nbsp;<\/p>\n<p><strong>Guillermo Escudero | <a href=\"http:\/\/www.loop.cl\" target=\"_blank\" rel=\"noopener\">Loop<\/a><\/strong><br \/>\nEnrico Coniglio (Venice, 1975) is an Italian sound recordist, sound artist and composer, who is interested in the aesthetics of landscape. He has a degree in Urban Planning and his sound exploration aims to investigate the loss of identity of places and the uncertainty about the evolution of the territory, especially about the Venetian lagoon.<br \/>\nHis discography of around 40 albums is released on labels such as Cr\u00f3nica, Gruenrekorder, Psychonavigation Records, Touch, among others. His live performances have taken place at the most important festivals in Europe, and alongside Leandro Pisano, he runs the Galaverna digital label since 2012.<br \/>\nThe title of the album \u201cLopa\u201d refers to a kind of lagoon bottom made up of mud and where herbaceous plants that grow in the water die.<br \/>\nThis album is based on field recordings made during the winter of 2021, in the evening, around the historic center of Venice and within its lagoon. This is a time of pandemic in which Coniglio explores a different Venice, almost without tourists and in which a new approach to sound is appreciated; its nature, existence, and reality. As Coniglio says, \u201c&#8217;voice of the environment&#8216; to highlight the distinctive sound of the location, now deeply affected by over tourism, which has profoundly changed the city\u2019s soundmark.\u201d<br \/>\nThis new sound magnitude opens a new listening act, where prejudices about what we can find in a beautiful and submerged city like Venice are removed, and find instead an unexpected silence, a new way of interpreting what we hear and perceive from what we see, smell and touch in the environment.<br \/>\nIn this field work, Coniglio used hydrophones, contact microphones and electromagnetic sensors, among other devices.<br \/>\nThis album contains six tracks that are deployed in the drone and electroacoustic subgenres. \u201cRoute A,\u201d which opens the album, unfurls a drone that has several layers: the sound of water flowing, the swaying of its waves and how they hit objects, as well as an atmospheric whoosh. \u201cRoute B\u201d apparently is a recording inside the water, where some sounds are imperceptible, like an amorphous human voice and then \u2013 already on the surface \u2013 drops of water from some closed places are heard, generating a kind of random percussion, and then comes torrents of water and a noise that seems to be an engine. \u201cLopa (i)\u201d produces oscillating sounds, some of them distant, others heard up close. In \u201cLopa (ii)\u201d, among the ambient sounds, there is a subtle melodic line that timidly appears, while in \u201cLopa (iii)\u201d which closes the album, you can hear ducks splashing in the water, perhaps happy to return to their natural habitat, a situation that is interrupted by the passing of a vaporetto (or similar). Enrico Coniglio opens the question of how we are listening to the environment, which is undoubtedly mediated by the prejudices we have about it and worse still, the destruction that human beings are doing to their natural environment. \u201cLopa\u201d, it seems, breaks with those paradigms of listening.<br \/>\n<a href=\"http:\/\/www.loop.cl\/content\/view\/2359\/27\/\" target=\"_blank\" rel=\"noopener\">link<\/a><\/p>\n<p>&nbsp;<\/p>\n<p><strong>Rigobert Dittmann | <a href=\"http:\/\/www.badalchemy.de\/\" target=\"_blank\" rel=\"noopener\">Bad Alchemy Magazin<\/a> (122)<\/strong><br \/>\nDer Venezianer ENRICO CONIGLIO f\u00e4hrt mit Lopa (Gruen 217, digital) erneut in die Lagu\u00adnen seiner Heimatstadt \u2013 wie schon mit \u201eTeredo Navalis\u201c (BA 106). Um einzutauchen in die dortige Klangwelt, wie er sie an Winterabenden, wenn der touristiche und \u00fcberhaupt menschliche L\u00e4rmpegel endlich abgeschwollen ist, einfangen konnte. Der Lockdown 2020 schuf sogar die unverhoffte Situation, dass in Venedig etwas von Mark Fishers Eeriness zu sp\u00fcren war. Wobei mit dem D\u00e4mpfen der urbanen Low-Fidelity die Pr\u00e4senz anderer Sounds wie unters Vergr\u00f6\u00dferungsglas ger\u00e4t. Wenn auch immer nur als pars pro toto. Vorbei an den dennoch dr\u00f6hnenden Docks der Marittima, am Stadtviertel Santa Marta, der Tronchetto-Insel als L\u00e4rmkulissen, die sich abkl\u00e4ren f\u00fcr das Rauschen von Wind und Was\u00adser, dessen zeitvergessenes Glucksen und Lappen, das fl\u00fcsternde Rascheln des Schilfs, knarrenden Draht. Was ist das f\u00fcr ein surreales Unken? Gefolgt von hohlem Tropfen, Lauten von V\u00f6geln und Insekten, eingebettet in sanftes Wellen und Pulsen, \u00fcbert\u00f6nt von rauschendem und bootsmotorischem Dr\u00f6hnen. Denn Coniglio scheint lieber Elektroniker zu sein und Boot zu fahren, statt Kitschpostkarten zu malen. Das letzte Wort haben dennoch Seev\u00f6gel unter sich, wobei wieder ein Motorboot kreuzt. [BA 122 rbd]<br \/>\n<a href=\"http:\/\/www.badalchemy.de\/\" target=\"_blank\" rel=\"noopener\">link<\/a><\/p>\n<p>&nbsp;<\/p>\n<p><strong>Enrico Coniglio &#8211; Interview @ <a href=\"http:\/\/www.loop.cl\/content\/view\/2369\/26\/\" target=\"_blank\" rel=\"noopener\">LOOP &#8211; Music, Culture &amp; Technology<\/a><\/strong><br \/>\n<a href=\"https:\/\/www.gruenrekorder.de\/?page_id=20860\">Lopa<\/a> | <a href=\"https:\/\/www.gruenrekorder.de\/?page_id=18223\">Enrico Coniglio<\/a><\/p>\n","protected":false},"excerpt":{"rendered":"<p>&nbsp; Lopa | Enrico Coniglio GrDl 217 | Gruen Digital &gt; [order] MP3 &amp; FLAC Reviews &nbsp; This work brings together recordings mostly collected in liminal areas around Venice, along the docks of the Marittima area, close to the urban district of Santa Marta, the Tronchetto island, and other small islands of the lagoon. The [&hellip;]<\/p>\n","protected":false},"author":3,"featured_media":0,"parent":0,"menu_order":0,"comment_status":"closed","ping_status":"closed","template":"","meta":{"ngg_post_thumbnail":0,"footnotes":""},"class_list":["post-20860","page","type-page","status-publish","hentry"],"_links":{"self":[{"href":"https:\/\/www.gruenrekorder.de\/index.php?rest_route=\/wp\/v2\/pages\/20860","targetHints":{"allow":["GET"]}}],"collection":[{"href":"https:\/\/www.gruenrekorder.de\/index.php?rest_route=\/wp\/v2\/pages"}],"about":[{"href":"https:\/\/www.gruenrekorder.de\/index.php?rest_route=\/wp\/v2\/types\/page"}],"author":[{"embeddable":true,"href":"https:\/\/www.gruenrekorder.de\/index.php?rest_route=\/wp\/v2\/users\/3"}],"replies":[{"embeddable":true,"href":"https:\/\/www.gruenrekorder.de\/index.php?rest_route=%2Fwp%2Fv2%2Fcomments&post=20860"}],"version-history":[{"count":24,"href":"https:\/\/www.gruenrekorder.de\/index.php?rest_route=\/wp\/v2\/pages\/20860\/revisions"}],"predecessor-version":[{"id":22147,"href":"https:\/\/www.gruenrekorder.de\/index.php?rest_route=\/wp\/v2\/pages\/20860\/revisions\/22147"}],"wp:attachment":[{"href":"https:\/\/www.gruenrekorder.de\/index.php?rest_route=%2Fwp%2Fv2%2Fmedia&parent=20860"}],"curies":[{"name":"wp","href":"https:\/\/api.w.org\/{rel}","templated":true}]}}