{"id":21255,"date":"2024-04-18T23:38:23","date_gmt":"2024-04-18T23:38:23","guid":{"rendered":"https:\/\/www.gruenrekorder.de\/?page_id=21255"},"modified":"2024-05-27T10:10:15","modified_gmt":"2024-05-27T10:10:15","slug":"at-home-11","status":"publish","type":"page","link":"https:\/\/www.gruenrekorder.de\/?page_id=21255","title":{"rendered":"at home | 11"},"content":{"rendered":"<p><img loading=\"lazy\" decoding=\"async\" style=\"border: 1px solid black;\" title=\"at home | 11\" src=\"https:\/\/www.gruenrekorder.de\/Photos\/at_home-11_320pix.jpg\" alt=\"at home | 11\" width=\"320\" height=\"320\"><\/p>\n<p>&nbsp;<\/p>\n<p><strong>at home | <a href=\"https:\/\/www.gruenrekorder.de\/?page_id=21264\">11<\/a><\/strong><br \/>\nGrDl 221 | Gruen Digital &gt; [<a href=\"https:\/\/shop.gruenrekorder.de\/?full#Gruen_221\" target=\"_blank\" rel=\"noopener noreferrer\">order<\/a>]<br \/>\nMP3 &#038; FLAC<br \/>\n<a href=\"#reviews\">Reviews<\/a><\/p>\n<p>&nbsp;<\/p>\n<p>I&#8217;ve compiled ten pieces written and organized in front of the piano. The composition, arrangement, and performance are all done with just one piano. It&#8217;s quite straightforward. I don&#8217;t adopt a wide register, so the sound of music isn&#8217;t fully packed. I wanted to preserve space in music to see the silhouette of what comes from me.<\/p>\n<p>&nbsp;<\/p>\n<p>For years, releasing music has felt daunting. I struggled to choose a method and to reveal it. I wondered if it was because I couldn&#8217;t wait alone for enough time as much as it needed. It seems more urgent to me that I accept the way I create rather than choosing an external method that would improve or complement it.<\/p>\n<p>&nbsp;<\/p>\n<p>With simple tools &#8211; paper, pencil, piano, metronome &#8211; I decided to spend time alone. I revisited scores that had been left unfinished since 2017. I often reminded myself not to be afraid and that it wasn&#8217;t about creating great work, but simply about finishing the music that had been started. I worked on each piece step by step, pushing in and pulling out specific notes, adding measures, renewing arrangements, and making revisions and variations. Little by little, the rigid pieces softened and began to take shape again.<\/p>\n<p>&nbsp;<\/p>\n<p>During that time, I wrote a lot by hand. I came to believe that everyone at some point finds friendship with empty paper in their life. I wrote many days about my mother and my childhood. My mother majored in piano, but she never revealed herself as someone who played the piano, neither within the family nor professionally. I felt sorry and sad that there were no traces between her and her piano. There wasn&#8217;t even a single picture of her sitting in front of the ordinary piano. My family was indifferent, and my mother was very shy.<\/p>\n<p>&nbsp;<\/p>\n<p>I was clinging to the faint light that the piano could be a seed silently planted by my mother. Making music felt like being at home for the first time in a long while. Almost everything I thought I didn&#8217;t have was found in the beings I could call home. The title of the album came from there.<\/p>\n<p>&nbsp;<\/p>\n<hr width=\"100%\" size=\"2\">\n<p>&nbsp;<\/p>\n<p><strong>Tracklist:<\/strong><br \/>\n10 Tracks (46\u203200\u2033)<\/p>\n<p>&nbsp;<\/p>\n<p>1. Between Hands | <a href=\"https:\/\/www.gruenrekorder.de\/mp3\/between_hands_excerpt.mp3\">MP3<\/a><br \/>\nFrom left hand to right hand, right hand to left hand. One note at a time. The notes have a gap as long as the length of the resonance. Each hand drops to the ground slowly then bounces back.<\/p>\n<p>&nbsp;<\/p>\n<p>2. Cascade | <a href=\"https:\/\/www.gruenrekorder.de\/mp3\/cascade_excerpt.mp3\">MP3<\/a><br \/>\nTime pours from falling water.<\/p>\n<p>&nbsp;<\/p>\n<p>3. Two Tides: When Blue Meets Orange<br \/>\nWhen the gentle waves from the distant sea start to wash ashore. When waves of different natures collide and blend. The bluest moments before sunrise. The bluest moments before sunset. Notes persist and leap at the imaginary seaside.<\/p>\n<p>&nbsp;<\/p>\n<p>4. Waltz For Daddy<br \/>\nI&#8217;ve never danced with my dad, never seen him dance alone. Yet, back in 2017, when I first conceived this piece, I wrote this title on the score. I remembered that title again after watching the movie &#8222;Aftersun.&#8220; I miss my dad. I hope this piece has warm, shining moments.<\/p>\n<p>&nbsp;<\/p>\n<p>5. Swell of Summer<br \/>\nSummer makes many things swell. The entrance to the forest, the edge of the clouds. The corners of the paper densely filled with more notes.<\/p>\n<p>&nbsp;<\/p>\n<p>6. Delayed<br \/>\nThe handwriting on the score dated June 10, 2018.<br \/>\nThe past reaching the present.<br \/>\n(As if knocking)<\/p>\n<p>&nbsp;<\/p>\n<p>7. Fire Variations | <a href=\"https:\/\/www.gruenrekorder.de\/mp3\/fire_variations_excerpt.mp3\">MP3<\/a><br \/>\nThere are two main piano tones on this album. Tracks 1 through 6 were recorded with a grand piano and an upright piano, while tracks 7 through 10 were recorded with an upright piano with the mute pedal applied, sounding different textures of the piano.<br \/>\nTheme is textured by mirroring measures horizontally and vertically, followed by two variations.<\/p>\n<p>&nbsp;<\/p>\n<p>8. Hyeyoung<br \/>\nI created this piece in 2018 and titled it &#8218;merei&#8216; at the time, simply because I liked the sound. It&#8217;s a simple yet good piece, or rather, a simple and good piece. I renamed it after my mother&#8217;s name, who has the warmest and gentlest hands.<\/p>\n<p>&nbsp;<\/p>\n<p>9. Eve | <a href=\"https:\/\/www.gruenrekorder.de\/mp3\/eve_excerpt.mp3\">MP3<\/a><br \/>\nI need a lot of piano music on winter nights. May this piece become music like fuel for others, too.<br \/>\nThe vibration when pressing the damper pedal resonates the piano strings, producing a sound akin to striking a cymbal. I recorded it with a contact microphone and slightly increased the volume.<\/p>\n<p>&nbsp;<\/p>\n<p>10. One-eared Cat Descends the Stairs<br \/>\nOne day, I spent half a day with a neighbor&#8217;s cat named Nokbeonie. Nokbeonie lost one ear in an accident. While watching her back, I came up with a descending melody and played it on the piano. Some time later, Nokbeonie moved away, and the melody had been sleeping ever since. Through thirteen variations of descent, the melody repeats. Nokbeonie descends the stairs.<br \/>\ncredits<\/p>\n<p>&nbsp;<\/p>\n<hr width=\"100%\" size=\"2\">\n<p>&nbsp;<\/p>\n<p><strong>CREDIT<\/strong><\/p>\n<p>&nbsp;<\/p>\n<p>&#8211; Composition, Piano, Recording, Mixing by 11<br \/>\n&#8211; Mastering: LandR<br \/>\n&#8211; Production: Weather Music<br \/>\n&#8211; Publication: BISCUIT SOUND<\/p>\n<p>&nbsp;<\/p>\n<p>Sound Art Series by Gruenrekorder<br \/>\nGermany \/ 2024 \/ GrDl 221 \/ LC 09488<\/p>\n<p>&nbsp;<\/p>\n<hr size=\"2\" width=\"100%\">\n<p>&nbsp;<\/p>\n<p><a name=\"reviews\"><\/a><strong>Reviews<\/strong><\/p>\n<p>&nbsp;<\/p>\n<p><strong>Rigobert Dittmann | <a href=\"http:\/\/www.badalchemy.de\/\" rel=\"noopener\" target=\"_blank\">Bad Alchemy Magazin<\/a> (124)<\/strong><br \/>\n11, das ist Jiyeon Kim in Seoul, die schon mal mit Piano und Sangyong Min an Drums als 11min auf der LP \u201esnow\u201c bei Gruenrekorder vorgestellt wurde und die mit \u201eLong Decay And New Earth\u201c auf The Tapeworm zu h\u00f6ren war. Ihre Portr\u00e4ts auf Discogs und Bandcamp zur Deckung zu bringen, \u00fcbersteigt meine Vorstellungskraft. Die g\u00fcltige \u00c4sthetik scheint die eines vagen Grau in Grau, als Tochter einer sch\u00fcchternen Mutter, die verbarg, dass sie Klavier spielen konnte, eines Vaters, mit dem sie nie getanzt hat. \u00dcber dieses Zuhause erklingen nun 10 Meditationen, mit den schlicht am Piano evozierten Kl\u00e4ngen schreitender Noten, tropfender Zeit. Mit &#8218;Between Hands&#8216; als l\u00e4utendem Dingdong der Linken und Rechten. Tropfen fallen in 3- und 4-Kl\u00e4ngen als &#8218;Cascade&#8216;, Meereswellen branden, Erinnerungen h\u00e4mmern sich ins Bewusstsein \u2013 &#8218;Two Tides_When Blue Meets Orange&#8216;. Unter dem Eindruck von Charlotte Wells&#8216; nostalgischem \u201eAftersun\u201c entstand &#8218;Waltz for Daddy&#8216;, ihre Mutter evoziert 11 mit deren Namen und melancholisch ged\u00e4mpften Zweikl\u00e4ngen, &#8218;Hyeyoung&#8216;. Noten quellen aufs wei\u00dfe Papier wie Wolken am blassen Himmel und werden zu ostinater, tachistischer Klimperei. Die Vergangenheit klopft an, flie\u00dft \u00fcber die Tasten eines Pianinos, von &#8218;Fire Variations&#8216; an mit D\u00e4mpferpedal, bei &#8218;Eve&#8216; mit per Kontaktmikrophon an die Saiten gelegtem Ohr. Und bei &#8218;One-eared Cat Descends the Stairs&#8216; macht Jiyeon aus Duchamps retinalem &#8218;Nu descendant un escalier&#8216; ein felin deeskalierendes Klangbild in 13 Variationen.<br \/>\n<a href=\"http:\/\/www.badalchemy.de\/\" rel=\"noopener\" target=\"_blank\">link<\/a><\/p>\n","protected":false},"excerpt":{"rendered":"<p>&nbsp; at home | 11 GrDl 221 | Gruen Digital &gt; [order] MP3 &#038; FLAC Reviews &nbsp; I&#8217;ve compiled ten pieces written and organized in front of the piano. The composition, arrangement, and performance are all done with just one piano. It&#8217;s quite straightforward. I don&#8217;t adopt a wide register, so the sound of music [&hellip;]<\/p>\n","protected":false},"author":3,"featured_media":0,"parent":0,"menu_order":0,"comment_status":"closed","ping_status":"closed","template":"","meta":{"ngg_post_thumbnail":0,"footnotes":""},"class_list":["post-21255","page","type-page","status-publish","hentry"],"_links":{"self":[{"href":"https:\/\/www.gruenrekorder.de\/index.php?rest_route=\/wp\/v2\/pages\/21255","targetHints":{"allow":["GET"]}}],"collection":[{"href":"https:\/\/www.gruenrekorder.de\/index.php?rest_route=\/wp\/v2\/pages"}],"about":[{"href":"https:\/\/www.gruenrekorder.de\/index.php?rest_route=\/wp\/v2\/types\/page"}],"author":[{"embeddable":true,"href":"https:\/\/www.gruenrekorder.de\/index.php?rest_route=\/wp\/v2\/users\/3"}],"replies":[{"embeddable":true,"href":"https:\/\/www.gruenrekorder.de\/index.php?rest_route=%2Fwp%2Fv2%2Fcomments&post=21255"}],"version-history":[{"count":16,"href":"https:\/\/www.gruenrekorder.de\/index.php?rest_route=\/wp\/v2\/pages\/21255\/revisions"}],"predecessor-version":[{"id":21309,"href":"https:\/\/www.gruenrekorder.de\/index.php?rest_route=\/wp\/v2\/pages\/21255\/revisions\/21309"}],"wp:attachment":[{"href":"https:\/\/www.gruenrekorder.de\/index.php?rest_route=%2Fwp%2Fv2%2Fmedia&parent=21255"}],"curies":[{"name":"wp","href":"https:\/\/api.w.org\/{rel}","templated":true}]}}