{"id":21353,"date":"2024-10-15T18:19:04","date_gmt":"2024-10-15T18:19:04","guid":{"rendered":"https:\/\/www.gruenrekorder.de\/?page_id=21353"},"modified":"2025-03-10T15:27:21","modified_gmt":"2025-03-10T15:27:21","slug":"supra-markus-mehr-deutsch","status":"publish","type":"page","link":"https:\/\/www.gruenrekorder.de\/?page_id=21353","title":{"rendered":"SUPRA | Markus Mehr \u2013 Deutsch"},"content":{"rendered":"<p><img decoding=\"async\" style=\"border: 1px solid black;\" title=\"SUPRA | Markus Mehr\" src=\"https:\/\/www.gruenrekorder.de\/Photos\/supra-markus_mehr-320pix.jpg\" alt=\"SUPRA | Markus Mehr\" border=\"1\"><\/p>\n<p>&nbsp;<\/p>\n<p><strong>SUPRA | <a href=\"https:\/\/www.gruenrekorder.de\/?page_id=19853\">Markus Mehr<\/a><\/strong><br \/>\n<a href=\"https:\/\/www.gruenrekorder.de\/?page_id=21351\">English<\/a> | <em>Deutsch<\/em><br \/>\nGruen 225 | Vinyl &gt; [<a href=\"https:\/\/shop.gruenrekorder.de\/?full#Gruen_225\" target=\"_blank\" rel=\"noopener noreferrer\">order<\/a>]<br \/>\nngg_shortcode_0_placeholder<\/p>\n<p>SUPRA &#8211; Multi-Channel-Soundinstallation<\/p>\n<p>&nbsp;<\/p>\n<p>Die Faszination f\u00fcr komplexe Sch\u00f6pfungen der Natur und deren Interaktion stehen im Fokus der Klanginstallation SUPRA. Die geheimnisvolle Wechselbeziehung verschiedener Naturph\u00e4nomene f\u00fchrt durch eine r\u00e4tselhafte Kommunikation, aber ohne Hierarchie, zu einer Individualit\u00e4t h\u00f6herer Ordnung.<\/p>\n<p>&nbsp;<\/p>\n<p>Ein Baum ist eben nicht nur ein Holzlieferant oder Schattenspender, er ist Teil eines \u00fcberw\u00e4ltigenden \u00d6ko-Systems. Unsere Erde: ein interagierender Bioreaktor, der menschliche K\u00f6rper: der geborene Netzwerker. Fusionierende Schwarze L\u00f6cher, interagierende Chemikalien, klimatische Geflechte, oder cross-modulierende Oszillatoren eines Synthesizers: immer dann wenn sich geschlossene Strukturen umschlingen, sich befruchten und interagieren, entstehen Synergien, entsteht ein Supraorganismus. Der Mensch unterbricht, manipuliert, ja eliminiert diese Wechselwirkungen. Er reguliert und optimiert aus Gesichtspunkten der Effizienz, Wirtschaftlichkeit, Gewinnmaximierung, ohne die komplexen Strukturen und Zusammenh\u00e4nge zu respektieren. Auf \u00fcberhebliche Art macht sich der moderne Mensch alles zu Nutze in der falschen Annahme, eine in sich ausgewogene Umwelt perfektionieren zu m\u00fcssen. Die Folgen sind fatal.<\/p>\n<p>&nbsp;<\/p>\n<p>SUPRA ist eine auditive Plastik, die die oben aufgef\u00fchrten Beispiele als Klangquellen verwendet, k\u00fcnstlerisch verarbeitet und verfremdet um sie im Anschluss zu einer assoziativen Klangerz\u00e4hlungen zu verm\u00e4hlen. Behutsam angeordnete Phonographien, Found Sounds und synthetisch komponiertes Klangmaterial erzeugen aurale Milieus deren digitale Manipulationen zu neuen Verschr\u00e4nkungen f\u00fchren. Wie in vorangegangenen Arbeiten sucht Mehr nach dem Sound hinter dem Sound, entlockt den gesammelten Aufnahmen neue Klangph\u00e4nomene, kristallisiert diese heraus und stellt sie in den Vordergrund. SUPRA ist eine Homage an die unersch\u00f6pfliche Vielfalt der Natur und der Hoffnung auf ihre R\u00fcckbesinnung.<\/p>\n<p>&nbsp;<\/p>\n<p>Das von dem Physiker Dr. Florian Jung entworfene Boxensystem bildet ein skulpturales Klanghabitat das von Besuchenden stehend, sitzend, oder in Bewegung erfahren werden kann und erg\u00e4nzt kongenial den konzeptionellen Ansatz um eine weitere \u00e4sthetische Position. Das einsehbare Holzgeh\u00e4use macht nicht nur die inh\u00e4rente Technologie sichtbar. Das in der Box kultivierte Pflanzenmaterial (Moose, Flechten, Efeu) verw\u00e4chst mit dem Hightech-Innenleben des Schall\u00fcbertragers. Es dient sowohl tontechnischen Aspekten (D\u00e4mmung, Diffusor) als auch dem thematischen Fortf\u00fchrung von SUPRA. Die einzigartige Konstruktion veranschaulicht die makellose Vollst\u00e4ndigkeit organischer Ressourcen und dem unaufhaltsamen Drang des Menschen diese nach seinen Ideen zu perfektionieren.<\/p>\n<p>&nbsp;<\/p>\n<p>Dauer: ca. 22:00 min.<br \/>\nFormat: Multi Channel\/Dolby Atmos.<br \/>\nngg_shortcode_1_placeholder<\/p>\n<hr size=\"2\" width=\"100%\">\n<p>&nbsp;<\/p>\n<p><strong>S. A<\/strong><br \/>\n1. Supra &#8211; 4:51 min. | <a href=\"https:\/\/www.gruenrekorder.de\/mp3\/1_supra_snippet.mp3\"><\/a><br \/>\n2. Pulse &#8211; 3:15 min. | <a href=\"https:\/\/www.gruenrekorder.de\/mp3\/2_pulse_snippet.mp3\"><\/a><br \/>\n3. Silky Velvet &#8211; 5:15 min. | <a href=\"https:\/\/www.gruenrekorder.de\/mp3\/3_silky_velvet_snippet.mp3\"><\/a><\/p>\n<p>&nbsp;<\/p>\n<p><strong>S. B<\/strong><br \/>\n1. Expandings &#8211; 3:56 min. | <a href=\"https:\/\/www.gruenrekorder.de\/mp3\/4_expandings _snippet.mp3\"><\/a><br \/>\n2. Guards On The Hill &#8211; 3:40 min. | <a href=\"https:\/\/www.gruenrekorder.de\/mp3\/5_guards _on_the_hill_snippet.mp3\"><\/a><br \/>\n3. Life Always Finds A Way &#8211; 5:37 min. | <a href=\"https:\/\/www.gruenrekorder.de\/mp3\/6_life_always_finds_a_way_snippet.mp3\"><\/a><\/p>\n<p>&nbsp;<\/p>\n<p>6 Tracks (26\u203234\u2033)<br \/>\nVinyl &#8211; Auflage: 30 (nummeriert)<br \/>\n12&#8217;inch Single Produktion, geschnitten, Vinyl, keine Dubplate.<\/p>\n<p>&nbsp;<\/p>\n<p>Siebdruck-Cover, handgefertigt.<br \/>\nLieferung: 1 -2 Wochen.<br \/>\nPreis: 400,- \u20ac zzgl. Versandkosten<\/p>\n<p>&nbsp;<\/p>\n<p>Komposition, Aufnahmen, Mix  &#038; Produktion: Markus Mehr<br \/>\nMastering: Giuseppe Ielasi<br \/>\nCover Art &#038; Gestaltung: Daniela Milosevic bei Keep it, Love it, Call it George<br \/>\nCoverdruck: <a href=\"https:\/\/www.petrmayr.de\/\" rel=\"noopener\" target=\"_blank\">petrmayr.de<\/a><br \/>\nFoto: Matthieu Lemarchal<\/p>\n<p>&nbsp;<\/p>\n<p><a href=\"https:\/\/www.markusmehr.de\/index.php\" rel=\"noopener\" target=\"_blank\">www.markusmehr.de<\/a><\/p>\n<p>&nbsp;<\/p>\n<p>Dies ist die Stereoversion der Mehrkanal-Klanginstallation SUPRA.<br \/>\nUnterst\u00fctzt von Musikfonds, Berlin<\/p>\n<p>&nbsp;<\/p>\n<p><img loading=\"lazy\" decoding=\"async\" src=\"https:\/\/www.gruenrekorder.de\/wp-content\/uploads\/2024\/10\/logo.png\" alt=\"\" width=\"100\" height=\"64\" class=\"alignnone size-full wp-image-21401\" \/><\/p>\n<p>&nbsp;<\/p>\n<p><img loading=\"lazy\" decoding=\"async\" src=\"https:\/\/www.gruenrekorder.de\/wp-content\/uploads\/2024\/10\/BKM_2017_Office_Farbe_de.png\" alt=\"\" width=\"100\" height=\"64\" class=\"alignnone size-full wp-image-21402\" \/><\/p>\n<p>&nbsp;<\/p>\n<p>Sound Art Series by Gruenrekorder<br \/>\nGermany \/ 2024 \/ Gruen 225 \/ LC 09488 \/ GEMA<\/p>\n<p>&nbsp;<\/p>\n<hr size=\"2\" width=\"100%\">\n<p>&nbsp;<\/p>\n<p><strong><a href=\"https:\/\/www.gruenrekorder.de\/?page_id=19853\">Markus Mehr<\/a> about Spaces of Possibility and Gateways for the Senses<br \/>\n@ <a href=\"https:\/\/15questions.net\/interview\/markus-mehr-about-spaces-possibility-and-gateways-senses\/page-1\/\" target=\"_blank\" rel=\"noopener\">Fifteen Questions<\/a><\/strong><br \/>\nMehr&#8217;s immersive installation <a href=\"https:\/\/www.gruenrekorder.de\/?page_id=21351\">SUPRA<\/a> may sound enchanting. But its themes are serious: Unless we take action, we are headed for epochal changes.<\/p>\n<p>&nbsp;<\/p>\n<p>Fifteen Questions is the world&#8217;s first music magazine about music itself. By talking to some of the leading artists of our time about their perspectives, processes and approaches, we aim at building an extensive archive documenting one of music&#8217;s most turbulent and exciting eras.<br \/>\n<a href=\"https:\/\/15questions.net\/interviews\/2025\/\" target=\"_blank\" rel=\"noopener\">link<\/a><\/p>\n","protected":false},"excerpt":{"rendered":"<p>&nbsp; SUPRA | Markus Mehr English | Deutsch Gruen 225 | Vinyl &gt; [order] SUPRA &#8211; Multi-Channel-Soundinstallation &nbsp; Die Faszination f\u00fcr komplexe Sch\u00f6pfungen der Natur und deren Interaktion stehen im Fokus der Klanginstallation SUPRA. Die geheimnisvolle Wechselbeziehung verschiedener Naturph\u00e4nomene f\u00fchrt durch eine r\u00e4tselhafte Kommunikation, aber ohne Hierarchie, zu einer Individualit\u00e4t h\u00f6herer Ordnung. &nbsp; Ein Baum [&hellip;]<\/p>\n","protected":false},"author":3,"featured_media":0,"parent":0,"menu_order":0,"comment_status":"closed","ping_status":"closed","template":"","meta":{"ngg_post_thumbnail":0,"footnotes":""},"class_list":["post-21353","page","type-page","status-publish","hentry"],"_links":{"self":[{"href":"https:\/\/www.gruenrekorder.de\/index.php?rest_route=\/wp\/v2\/pages\/21353","targetHints":{"allow":["GET"]}}],"collection":[{"href":"https:\/\/www.gruenrekorder.de\/index.php?rest_route=\/wp\/v2\/pages"}],"about":[{"href":"https:\/\/www.gruenrekorder.de\/index.php?rest_route=\/wp\/v2\/types\/page"}],"author":[{"embeddable":true,"href":"https:\/\/www.gruenrekorder.de\/index.php?rest_route=\/wp\/v2\/users\/3"}],"replies":[{"embeddable":true,"href":"https:\/\/www.gruenrekorder.de\/index.php?rest_route=%2Fwp%2Fv2%2Fcomments&post=21353"}],"version-history":[{"count":39,"href":"https:\/\/www.gruenrekorder.de\/index.php?rest_route=\/wp\/v2\/pages\/21353\/revisions"}],"predecessor-version":[{"id":21572,"href":"https:\/\/www.gruenrekorder.de\/index.php?rest_route=\/wp\/v2\/pages\/21353\/revisions\/21572"}],"wp:attachment":[{"href":"https:\/\/www.gruenrekorder.de\/index.php?rest_route=%2Fwp%2Fv2%2Fmedia&parent=21353"}],"curies":[{"name":"wp","href":"https:\/\/api.w.org\/{rel}","templated":true}]}}