{"id":21464,"date":"2024-11-27T16:44:05","date_gmt":"2024-11-27T16:44:05","guid":{"rendered":"https:\/\/www.gruenrekorder.de\/?page_id=21464"},"modified":"2025-02-25T09:51:33","modified_gmt":"2025-02-25T09:51:33","slug":"kafkas-metamorphosen-matthias-engelke","status":"publish","type":"page","link":"https:\/\/www.gruenrekorder.de\/?page_id=21464","title":{"rendered":"Kafkas Metamorphosen | Matthias Engelke"},"content":{"rendered":"<p><img loading=\"lazy\" decoding=\"async\" style=\"border: 1px solid black;\" title=\"Kafkas Metamorphosen | Matthias Engelke\" src=\"https:\/\/www.gruenrekorder.de\/Photos\/kafkas_metamorphosen_cover_320px.jpg\" alt=\"Kafkas Metamorphosen | Matthias Engelke\" width=\"320\" height=\"320\"><\/p>\n<p>&nbsp;<\/p>\n<p><strong>Kafkas Metamorphosen | <a href=\"https:\/\/www.gruenrekorder.de\/?page_id=18756\">Matthias Engelke<\/a><\/strong><br \/>\nGrDl 226 | Gruen Digital &gt; [<a href=\"https:\/\/shop.gruenrekorder.de\/?full#Gruen_226\" target=\"_blank\" rel=\"noopener noreferrer\">order<\/a>]<br \/>\nMP3 &amp; FLAC<br \/>\n<a href=\"#reviews\">Reviews<\/a><\/p>\n<p>&nbsp;<\/p>\n<p>The music of the album KAFKAS METAMORPHOSEN was created for the dance theater piece of the same name by the renowned choreographer Irina Pauls at the Heidelberg Theater.<\/p>\n<p>&nbsp;<\/p>\n<p>The album reflects the profound engagement with Kafka&#8217;s work and biography. His characteristic transitions from the real to the surreal are musically embodied by the transformation of sounds and noises of traditional classical instruments into captivating compositions and soundscapes using electronic effects and sound sources.<br \/>\nA central theme of KAFKAS METAMORPHOSEN is the close connection between Kafka&#8217;s life and his story &#8222;The Metamorphosis,&#8220; which is seen as a grand metaphor and is certainly strongly tied to Kafka&#8217;s life and biography, with correspondences between characters in the story and members of Kafka&#8217;s family. The music thus reflects themes such as alienation, humiliation, family, escape, as well as guilt and redemption.<\/p>\n<p>&nbsp;<\/p>\n<p>01 | Zeit \/ Time \/ <a href=\"https:\/\/www.gruenrekorder.de\/mp3\/zeit_snip.mp3\">MP3<\/a><br \/>\n02 | Anderssein \/ Otherness \/ <a href=\"https:\/\/www.gruenrekorder.de\/mp3\/anderssein_snip.mp3\">MP3<\/a><br \/>\n03 | Metamorphose \/ Metamorphosis \/ <a href=\"https:\/\/www.gruenrekorder.de\/mp3\/metamorphose_snip.mp3\">MP3<\/a><br \/>\n04 | Takt \/ Tact<br \/>\n05 | Objekt \/Object<br \/>\n06 | Schu\u00df \/ Shot \/ <a href=\"https:\/\/www.gruenrekorder.de\/mp3\/schuss_snip.mp3\">MP3<\/a><br \/>\n07 | Ungeziefer \/ Vermin<br \/>\n08 | Fremdheit \/ Strangeness<br \/>\n09 | Dualit\u00e4t \/ Duality<br \/>\n10 | Ekel \/ Disgust \/ <a href=\"https:\/\/www.gruenrekorder.de\/mp3\/ekel_snip.mp3\">MP3<\/a><br \/>\n11 | Familienbild \/ Family Picture<\/p>\n<p>&nbsp;<\/p>\n<p>11 Tracks (78\u203220\u2033)<\/p>\n<p>&nbsp;<\/p>\n<p>More information \/ <a href=\"https:\/\/www.gruenrekorder.de\/pdf\/booklet_kafkas_metamorphosen.pdf\" target=\"_blank\">Booklet PDF<\/a><\/p>\n<p>&nbsp;<\/p>\n<p>Sound Art Series by Gruenrekorder<br \/>\nGermany \/ 2024 \/ GrDl 226 \/ LC 09488 \/ GEMA<\/p>\n<p>&nbsp;<\/p>\n<hr size=\"2\" width=\"100%\">\n<p>&nbsp;<\/p>\n<p><a name=\"reviews\"><\/a><strong>Reviews<\/strong><\/p>\n<p>&nbsp;<\/p>\n<p><strong>Rigobert Dittmann | <a href=\"http:\/\/www.badalchemy.de\/\" rel=\"noopener\" target=\"_blank\">Bad Alchemy Magazin<\/a> (127)<\/strong><br \/>\nNach \u201eResonant Dowland\u201c (2020) und \u201eZeitfrei\u201c (2022) hat Engelke mit \u201eWoman Giant\u201c mit der Moradokmai Theatre Community ein Projekt \u00fcber Gesang, Poesie und Mythen der Thai realisiert und mit \u201eNew Report on Giving Birth\u201c (2023) ein Tanztheaterprojekt mit Wen Hui &#038; Living Dance Studio. Das hier ist nun im R\u00fcckgriff die Musik f\u00fcr ein Tanzst\u00fcck von Irina Pauls, uraufgef\u00fchrt 2004 in Heidelberg. Mit &#8218;Zeit&#8216;, &#8218;Anderssein&#8216;, &#8218;Metamorphose&#8216;, &#8218;Takt&#8216;, &#8218;Objekt&#8216;, &#8218;Schu\u00df&#8216;, &#8218;Ungeziefer&#8216;, &#8218;Fremdheit&#8216;, &#8218;Dualit\u00e4t&#8216;, &#8218;Ekel&#8216;, &#8218;Familienbild&#8216; als bewegten, von Engelken selbst mit Violine, Viola und Klavier in elektronischer Modulation beschallten Szenen. Von der B\u00fchne los-, aber keineswegs abgel\u00f6st, muss die insbesondere durch \u201eDie Verwandlung\u201c angeregte Musik beim Versuch, mit Kafkas Gregor Samsa vom Konkreten zum Surrealen zu kippen, auf eigenen F\u00fc\u00dfen krabbeln. Zum Famili\u00e4ren und Soliden nicht f\u00e4hig, als hingetuschtes Strichm\u00e4nnchen von anderer Art, als &#8218;Ungeziefer&#8216; voller Scham der Vertikalen nicht w\u00fcrdig. Engelke evoziert das durch fragile, instabile, l\u00f6chrige, schwinds\u00fcchtige Kl\u00e4nge, durch Stagnation, Repetition, mit kleinen Wellen, zuckelig wirbelnden Ticktack-Beats. Franz, der alte Zausel, kann dazu, ich seh ihn in Gestalt von Joel Basman vor mir, locker flockig &#8218;M\u00fcllern&#8216; und zu sanften Geigenstrichen Rumpf und Knie beugen. Doch es klopft die Totenuhr, und erspart ihm das Schicksal von Milena und seiner drei Schwestern. Perlende T\u00f6ne wechseln mit hartn\u00e4ckigem Pizzicato-Loop: You can do whatever you want. Aber beratungsresistent und normalit\u00e4tsavers. Perlende Tropfen, kurzatmige Monotonie, tremolierende Violine, melancholisches Piano, pochende, drahtige und Schlagzeug-Wirbel, Besetztzeichen und brummige Laute ziehen Spuren und Kreise. Ein manischer Automat klopft D&#8217;n&#8217;B-Muster und zerklopft die 100 Jahre zu purer Gegenwart.<br \/>\n<a href=\"http:\/\/www.badalchemy.de\/\" rel=\"noopener\" target=\"_blank\">link<\/a><\/p>\n","protected":false},"excerpt":{"rendered":"<p>&nbsp; Kafkas Metamorphosen | Matthias Engelke GrDl 226 | Gruen Digital &gt; [order] MP3 &amp; FLAC Reviews &nbsp; The music of the album KAFKAS METAMORPHOSEN was created for the dance theater piece of the same name by the renowned choreographer Irina Pauls at the Heidelberg Theater. &nbsp; The album reflects the profound engagement with Kafka&#8217;s [&hellip;]<\/p>\n","protected":false},"author":3,"featured_media":0,"parent":0,"menu_order":0,"comment_status":"closed","ping_status":"closed","template":"","meta":{"ngg_post_thumbnail":0,"footnotes":""},"class_list":["post-21464","page","type-page","status-publish","hentry"],"_links":{"self":[{"href":"https:\/\/www.gruenrekorder.de\/index.php?rest_route=\/wp\/v2\/pages\/21464","targetHints":{"allow":["GET"]}}],"collection":[{"href":"https:\/\/www.gruenrekorder.de\/index.php?rest_route=\/wp\/v2\/pages"}],"about":[{"href":"https:\/\/www.gruenrekorder.de\/index.php?rest_route=\/wp\/v2\/types\/page"}],"author":[{"embeddable":true,"href":"https:\/\/www.gruenrekorder.de\/index.php?rest_route=\/wp\/v2\/users\/3"}],"replies":[{"embeddable":true,"href":"https:\/\/www.gruenrekorder.de\/index.php?rest_route=%2Fwp%2Fv2%2Fcomments&post=21464"}],"version-history":[{"count":14,"href":"https:\/\/www.gruenrekorder.de\/index.php?rest_route=\/wp\/v2\/pages\/21464\/revisions"}],"predecessor-version":[{"id":21554,"href":"https:\/\/www.gruenrekorder.de\/index.php?rest_route=\/wp\/v2\/pages\/21464\/revisions\/21554"}],"wp:attachment":[{"href":"https:\/\/www.gruenrekorder.de\/index.php?rest_route=%2Fwp%2Fv2%2Fmedia&parent=21464"}],"curies":[{"name":"wp","href":"https:\/\/api.w.org\/{rel}","templated":true}]}}