{"id":21605,"date":"2025-04-09T12:56:16","date_gmt":"2025-04-09T12:56:16","guid":{"rendered":"https:\/\/www.gruenrekorder.de\/?page_id=21605"},"modified":"2025-10-20T08:51:08","modified_gmt":"2025-10-20T08:51:08","slug":"listen-maderadioart-anthology-sergio-armaroli-steve-piccolo","status":"publish","type":"page","link":"https:\/\/www.gruenrekorder.de\/?page_id=21605","title":{"rendered":"Listen! MadeRadioArt Anthology | Sergio Armaroli &#038; Steve Piccolo"},"content":{"rendered":"<p><img decoding=\"async\" style=\"border: 1px solid black;\" title=\"Listen! MadeRadioArt Anthology | Sergio Armaroli &amp; Steve Piccolo\" src=\"https:\/\/www.gruenrekorder.de\/Photos\/gruen_222-320px.jpg\" alt=\"Listen! MadeRadioArt Anthology | Sergio Armaroli &amp; Steve Piccolo\" border=\"1\"><\/p>\n<p>&nbsp;<\/p>\n<p><strong>Listen! MadeRadioArt Anthology | <a href=\"https:\/\/www.gruenrekorder.de\/?page_id=19042\">Sergio Armaroli<\/a> &amp; Steve Piccolo<\/strong><br \/>\nGruen 222 | Double CD (+ Digital) | Digital &gt; [<a href=\"https:\/\/shop.gruenrekorder.de\/?full#Gruen_222\" target=\"_blank\" rel=\"noopener noreferrer\">order<\/a>]<br \/>\n<a href=\"#reviews\">Reviews<\/a><br \/>\nngg_shortcode_0_placeholder<\/p>\n<p>&nbsp;<\/p>\n<p>A dismal moment, try not to think about it so many of us, so restless, a dull chapter worth skipping, mind numbing. Constantly talking, when all we really wanted to do was&#8230;<br \/>\nAs usual perhaps, daily impressions of unremitting danger make people seek refuge in futile obsessions with furniture, food and clothing. Endless words, irritating until we stopped saying them, then sorely missed. A conjunction of multiple evils that could have been avoided, had it only been seen as profitable to do so. Nagging prevail hedonistic to the point of dulling their efficacy.<\/p>\n<p>&nbsp;<\/p>\n<p>At the same time we are so lethal, so outright mean, predictable impulses never seriously dealt with due to laziness. We are so out of touch with reality, but not in a good way, not anymore&#8230; many people claim to perceive the crisis as a sudden onslaught, though that is in no way objective or justifi able.<\/p>\n<p>&nbsp;<\/p>\n<p>It was the first time in history that awareness of manipulation of information could go hand in hand with incredible amounts of often valid and accurate communication: the situation, I am sorry to say, was and probably is much worse than anyone could have imagined.<\/p>\n<p>&nbsp;<\/p>\n<p>An omen is a premonitory sign interpreted as a hint of future happy or unfortunate events. I have nothing against myths and legends, particularly if they have poetic qualities or are entertaining. But is it still possible to revive things that have gotten tired over time? Why should the unruly auditor always have to adapt to our whims? Below apparently and even surface lurks a foreboding that cannot be escaped.<\/p>\n<p>&nbsp;<\/p>\n<p>UNSPOKEN<br \/>\nWe live in a time when the agency of the creator is rapidly losing its importance and the agency of the user or consumer, the auditor, the hearer, becomes paramount. It is a struggle of will, of volition, striving to be active, not passive. It is also a question of critical mass, hyper- ubiquity, surplus, overkill, economics, ecology. Of excess quantity and \u2013 in many ways \u2013 of excess quality, not any lack thereof. (Steve Piccolo)<\/p>\n<p>&nbsp;<\/p>\n<hr size=\"2\" width=\"100%\">\n<p>&nbsp;<\/p>\n<p><strong>CD 01<\/strong><br \/>\n01 Rituel | <a href=\"https:\/\/www.gruenrekorder.de\/mp3\/Rituel.mp3\">MP3<\/a><br \/>\n02 LaCantatriceConCapelli | <a href=\"https:\/\/www.gruenrekorder.de\/mp3\/LaCantatriceConCapelli.mp3\">MP3<\/a><br \/>\n03 LaCantatriceConCapelliParte2\u00b0<br \/>\n04 ChantaitApollinaire<br \/>\n05 PourL&#8217;HommeLibreExtract<br \/>\n06 JeSuisUnHommeQuiSeCherche<br \/>\n07 ExtraReasonProfili<br \/>\n08 PrologueFuiIngannata<br \/>\n09 ErrorLandExtract<br \/>\n10 Extra(Sound)ReasonComeCoda<br \/>\n11 ZEROHistoire(s)LivreAbout | <a href=\"https:\/\/www.gruenrekorder.de\/mp3\/ZEROHistoire-s-LivreAbout.mp3\">MP3<\/a><br \/>\n12 ScribblerTextNelNero<br \/>\n13 CantatriceInTheDelay<br \/>\n14 Space#3MiniAk<br \/>\n15 A-B-C (e viceversa)<br \/>\n16 VortexColour(s)One | <a href=\"https:\/\/www.gruenrekorder.de\/mp3\/VortexColour-s-One.mp3\">MP3<\/a><br \/>\n17 ExploringNoiseTwo<br \/>\n18 HarrierToPrologue<br \/>\n19 Interlude<br \/>\n20 IncantatoRespiro<br \/>\n21 ScritturaleUnoAtlanteFigurato<\/p>\n<p>&nbsp;<\/p>\n<p><strong>CD 02<\/strong><br \/>\n01 a dismal moment<br \/>\n02 ILoveYou<br \/>\n03 so restless<br \/>\n04 TheRebirthOfDiscourse<br \/>\n05 dull chapter<br \/>\n06 SmogInHollywood<br \/>\n07 constantly talking<br \/>\n08 Stutter<br \/>\n09 as usual perhaps | <a href=\"https:\/\/www.gruenrekorder.de\/mp3\/as_usual_perhaps.mp3\">MP3<\/a><br \/>\n10 Stutter1<br \/>\n11 endless words<br \/>\n12 NathalieViennaMono<br \/>\n13 conjunction<br \/>\n14 TornelliAllaBolognese<br \/>\n15 nagging anxieties<br \/>\n16 YouCan&#8217;tSeeTheForestForTheTrees | <a href=\"https:\/\/www.gruenrekorder.de\/mp3\/YouCan-tSeeTheForestForTheTrees.mp3\">MP3<\/a><br \/>\n17 predictable impulses<br \/>\n18 AsIWasSaying(2)<br \/>\n19 sudden crisis<br \/>\n20 AsIWasSaying<br \/>\n21 information<br \/>\n22 TheBreakdownOfClubCulture<br \/>\n23 omen<br \/>\n24 FaceInTheCrowd<br \/>\n25 myths and legends<br \/>\n26 GrumblingMastersOfTheUniverse<br \/>\n27 unruly auditor | <a href=\"https:\/\/www.gruenrekorder.de\/mp3\/unruly_auditor.mp3\">MP3<\/a><br \/>\n28 TheLastAudience<br \/>\n29 Stella<br \/>\n30 PlausiblyGoodButCertifiablyFakeNews<\/p>\n<p>&nbsp;<\/p>\n<p>51 Tracks (128\u201957\u2019&#8216;)<br \/>\nDouble CD (300 copies)<br \/>\nArtwork &#8211; Szmt<\/p>\n<p>&nbsp;<\/p>\n<hr size=\"2\" width=\"100%\">\n<p>&nbsp;<\/p>\n<p>Sound Art Series by Gruenrekorder<br \/>\nGermany \/ 2025 \/ Gruen 222 \/ LC 09488 \/ UPC 198588361931<\/p>\n<p>&nbsp;<\/p>\n<hr size=\"2\" width=\"100%\" \/>\n<p>&nbsp;<\/p>\n<p><a name=\"reviews\"><\/a><strong>Reviews<\/strong><\/p>\n<p>&nbsp;<\/p>\n<p><strong>Henry Kozok \/ <a href=\"https:\/\/radiohoerer.info\" target=\"_blank\">radiohoerer<\/a> | Radio \u2013 und Medientipps f\u00fcr Neue Musik, Jazz, Film, Konzerte und H\u00f6rbares<\/strong><br \/>\nDie ersten sieben Minuten \u201eRituel\u201c sind definitiv die besten, die ich seit Langem geh\u00f6rt habe. Diese Verbindung von rituellen Ges\u00e4ngen und Fl\u00f6ten mit neuen elektronischen Kl\u00e4ngen ist schlichtweg magisch. Respekt! Solche magischen Momente finden sich immer wieder auf dieser Doppel-CD.<\/p>\n<p>Die Musik von Sergio Armaroli &#038; Steve Piccolo ist eine wilde Mischung aus Field Recordings, Radiokunst und Sounds, die wie ein H\u00f6rspiel anmuten. Das kann ich nicht wirklich beschreiben. Wer Luc Ferrari kennt, f\u00fcr den geht diese Musik in diese Richtung. Was bleibt, ist die Einladung, sich dieser Musik anzunehmen, sie zu h\u00f6ren und zu entdecken.<\/p>\n<p>Ein trostloser Moment, versuche, nicht daran zu denken, so viele von uns, so unruhig, ein langweiliges Kapitel, das man \u00fcberspringen sollte, geistt\u00f6tend. St\u00e4ndig reden, obwohl wir eigentlich nur \u2026 Wie immer vielleicht, lassen die t\u00e4glichen Eindr\u00fccke von unaufh\u00f6rlicher Gefahr die Menschen Zuflucht in sinnlosen Obsessionen mit M\u00f6beln, Essen und Kleidung suchen. Endlose Worte, irritierend, bis wir aufh\u00f6rten, sie zu sagen, dann schmerzlich vermisst. Eine Verkettung mehrerer \u00dcbel, die h\u00e4tte vermieden werden k\u00f6nnen, wenn man es nur f\u00fcr profitabel gehalten h\u00e4tte. N\u00f6rgeln \u00fcberwiegt hedonistisch bis zur Abstumpfung ihrer Wirksamkeit.<\/p>\n<p>Gleichzeitig sind wir so t\u00f6dlich, so geradezu gemein, vorhersehbare Impulse, die aus Faulheit nie ernsthaft angegangen werden. Wir haben den Bezug zur Realit\u00e4t verloren, aber nicht auf positive Weise, nicht mehr \u2026 Viele Menschen behaupten, die Krise als pl\u00f6tzlichen Angriff wahrzunehmen, obwohl dies in keiner Weise objektiv oder gerechtfertigt ist. Es war das erste Mal in der Geschichte, dass das Bewusstsein f\u00fcr die Manipulation von Informationen mit einer unglaublichen Menge an oft g\u00fcltigen und genauen Informationen einherging: Die Situation, so \u2026 Leider war und ist die Situation wahrscheinlich viel schlimmer, als sich irgendjemand h\u00e4tte vorstellen k\u00f6nnen. Ein Omen ist ein Vorzeichen, das als Hinweis auf zuk\u00fcnftige gl\u00fcckliche oder ungl\u00fcckliche Ereignisse interpretiert wird. Ich habe nichts gegen Mythen und Legenden, besonders wenn sie poetische Qualit\u00e4ten haben oder unterhaltsam sind. Aber ist es noch m\u00f6glich, Dinge wiederzubeleben, die mit der Zeit langweilig geworden sind? Warum sollte sich das widerspenstige Publikum immer unseren Launen anpassen m\u00fcssen? Unter der Oberfl\u00e4che lauert offenbar eine Vorahnung, der man nicht entkommen kann.<\/p>\n<p>UNSPOKEN<br \/>\nWir leben in einer Zeit, in der die Handlungsmacht des Sch\u00f6pfers rapide an Bedeutung verliert und die Handlungsmacht des Nutzers oder Konsumenten, des Zuh\u00f6rers, des H\u00f6rers, an Bedeutung gewinnt. Es ist ein Kampf des Willens, der Entschlossenheit, aktiv und nicht passiv zu sein. Es ist auch eine Frage der kritischen Masse, der Hyper-Ubiquit\u00e4t, des \u00dcberschusses, des Overkill, der \u00d6konomie, der \u00d6kologie. Von \u00fcberm\u00e4\u00dfiger Quantit\u00e4t und \u2013 in vielerlei Hinsicht \u2013 von \u00fcberm\u00e4\u00dfiger Qualit\u00e4t, nicht von einem Mangel daran. (Steve Piccolo)<br \/>\n<a href=\"https:\/\/radiohoerer.info\/release-tipp-sergio-armaroli-steve-piccolo-listen-maderadioart-anthology-gruenrekorder\/\" target=\"_blank\">link<\/a><\/p>\n<p>&nbsp;<\/p>\n<p><strong>Frans de Waard | <a href=\"https:\/\/www.vitalweekly.net\" target=\"_blank\">VITAL WEEKLY<\/a><\/strong><br \/>\nThere is some text accompanying the release by Aramaroli and Piccolo, but no information about the composers. The words we get, however, leave much to guess, or something I don&#8217;t understand. I refer the reader to the website for judgment. Let&#8217;s assume this has something to do with radio, radio art, or radio play; at least, if we look at the title of the album. As far as I can see, it&#8217;s not a collaborative work, with the first disc credited to Armaroli and the second to Piccolo; the first has 21 tracks, and the other 30. Short pieces of electronic sounds, spoken word (in French, Italian, and English, or with no discernible words), sampled sounds (many of them) from unknown sources, and the relationship between all of this eludes me. By my estimation, this is not an album of random tracks, showcasing musical proficiency, but rather some sort of concept, and that&#8217;s where I am in the dark. I am not aware of what this concept is, so there is a lot I&#8217;m missing here. Some of this sounds like sound poetry, more so on Piccolo&#8217;s disc than on Armaroli. I played both discs with interest, and there are some fine songs (not the right word, I assume) to be found on them, and probably much more for those who have a better understanding of what goes on here. [<a href=\"https:\/\/www.vitalweekly.net\/number-1484\/\" target=\"_blank\">&#8230;<\/a>]<br \/>\n<a href=\"https:\/\/www.vitalweekly.net\/number-1484\/\" target=\"_blank\">link<\/a><\/p>\n<p>&nbsp;<\/p>\n<p><strong>Rigobert Dittmann | <a href=\"http:\/\/www.badalchemy.de\/\" target=\"_blank\">Bad Alchemy Magazin<\/a> (129)<\/strong><br \/>\n&#8230;restless &#8230;mind numbing &#8230;futile obsessions &#8230;endless words \u2026 nagging anxieties \u2026hedonistic ur\u00adges \u2013 wir sind im Krisenmodus. Konfrontiert mit a conjunction of multiple evils that could have been avoided, had it only been seen as profitable to do so. So sind Mani\u00adpulation, Mythen, Legenden und Faulheit beliebter als Information und Kommunikation. Wo doch the agency of the user or consumer, the auditor, the hearer von gr\u00f6\u00dfter Bedeutung ist und, mit meinen Worten, der verpopanz\u00adte oder verteufelte Kapitalismus l\u00e4ngst in Konsumismus unbenannt geh\u00f6rt. Wenn auch nur, um den richtigen Baum anzubellen. SERGIO ARMAROLI (CD1) &#038; STEVE PICCOLO (CD2), die zusammen Erratum als space for sound art and poetry in Mailand kuratieren, umkreisen das mit Listen! MadeRadioArt Anthology (Gruen 222, 2xCD), zwei 2016 colla\u00adgierten H\u00f6rspielen aus spoken words, Theatralik, Umweltger\u00e4uschen und elektroakus\u00adtischen Kl\u00e4ngen. Armaroli, der auf Leo Records mit Schiaffini &#038; Sj\u00f6str\u00f6m, Fritz Hauser, Steve Piccolo &#038; Elliott Sharp, Roger Turner oder Steve Day begegnete Vibraphonist, Schlagzeuger, Komponist und Improvisator, nimmt einen mit zu einer Konferenz der Tiere und der kynischen Suche nach Menschen, am hellichten Tag mit ner Taschenlampe. Ge\u00adsucht wird der Homme libre, jemand wie Apollinaire. Angefangen bei einem selber: Je suis un homme qui se cherche. Mit \u201eFui ingannata &#8211; ich wurde get\u00e4uscht!\u201c k\u00f6nnte die Besin\u00adnung beginnen und im Galopp Error und Terror hinter sich lassen. Piccolo, der nach sei\u00adner Zeit mit Lounge Lizards in Italien ein Lebenswerk als Psychogeograph, Soundinstalla\u00adteur, Poet und Performer entfaltet hat, mischt Text-Sound Art und sonor geraunte Poetry. W\u00e4hrend vor lauter B\u00e4umen der Wald unsichtbar wurde, bem\u00fcht er sich um die Wieder\u00adgeburt eines ins Stottern geratenen Diskurses. Mit bestechenden Sentenzen und feiner Musik f\u00fchrt er durch eine W\u00fcste aus Noise und Nonsense, doch oft genug erntet die sich verheddernde Zunge Spott und Hohn.  [BA 129 rbd]<br \/>\n<a href=\"http:\/\/www.badalchemy.de\/\" target=\"_blank\">link<\/a><\/p>\n","protected":false},"excerpt":{"rendered":"<p>&nbsp; Listen! MadeRadioArt Anthology | Sergio Armaroli &amp; Steve Piccolo Gruen 222 | Double CD (+ Digital) | Digital &gt; [order] Reviews &nbsp; A dismal moment, try not to think about it so many of us, so restless, a dull chapter worth skipping, mind numbing. Constantly talking, when all we really wanted to do was&#8230; [&hellip;]<\/p>\n","protected":false},"author":3,"featured_media":0,"parent":0,"menu_order":0,"comment_status":"closed","ping_status":"closed","template":"","meta":{"ngg_post_thumbnail":0,"footnotes":""},"class_list":["post-21605","page","type-page","status-publish","hentry"],"_links":{"self":[{"href":"https:\/\/www.gruenrekorder.de\/index.php?rest_route=\/wp\/v2\/pages\/21605","targetHints":{"allow":["GET"]}}],"collection":[{"href":"https:\/\/www.gruenrekorder.de\/index.php?rest_route=\/wp\/v2\/pages"}],"about":[{"href":"https:\/\/www.gruenrekorder.de\/index.php?rest_route=\/wp\/v2\/types\/page"}],"author":[{"embeddable":true,"href":"https:\/\/www.gruenrekorder.de\/index.php?rest_route=\/wp\/v2\/users\/3"}],"replies":[{"embeddable":true,"href":"https:\/\/www.gruenrekorder.de\/index.php?rest_route=%2Fwp%2Fv2%2Fcomments&post=21605"}],"version-history":[{"count":59,"href":"https:\/\/www.gruenrekorder.de\/index.php?rest_route=\/wp\/v2\/pages\/21605\/revisions"}],"predecessor-version":[{"id":22061,"href":"https:\/\/www.gruenrekorder.de\/index.php?rest_route=\/wp\/v2\/pages\/21605\/revisions\/22061"}],"wp:attachment":[{"href":"https:\/\/www.gruenrekorder.de\/index.php?rest_route=%2Fwp%2Fv2%2Fmedia&parent=21605"}],"curies":[{"name":"wp","href":"https:\/\/api.w.org\/{rel}","templated":true}]}}