{"id":285,"date":"2008-06-16T11:43:45","date_gmt":"2008-06-16T09:43:45","guid":{"rendered":"http:\/\/www.gruenrekorder.de\/?page_id=285"},"modified":"2015-01-13T08:53:25","modified_gmt":"2015-01-13T08:53:25","slug":"landlocked-simon-whetham","status":"publish","type":"page","link":"https:\/\/www.gruenrekorder.de\/?page_id=285","title":{"rendered":"landlocked | Simon Whetham"},"content":{"rendered":"<p><img decoding=\"async\" title=\"landlocked - Mongolia 2006 - Simon Whetham\" src=\"https:\/\/www.gruenrekorder.de\/Photos\/simon_whetham\/cover.jpg\" alt=\"landlocked - Mongolia 2006 - Simon Whetham\" border=\"1\" \/><\/p>\n<p>&nbsp;<\/p>\n<p><strong>landlocked | <a href=\"https:\/\/www.gruenrekorder.de\/?page_id=235\">Simon Whetham<\/a><\/strong><br \/>\nGr 056 | <a href=\"https:\/\/shop.gruenrekorder.de\/?info#grueneditions\" target=\"_blank\">Gruen CD-R<\/a> &gt; [<span style=\"color: #ff0000;\">Sold Out<\/span>]<\/p>\n<p>MP3 &amp; FLAC &gt; [<a href=\"https:\/\/shop.gruenrekorder.de\/?full#Gruen_056\" target=\"_blank\">order<\/a>]<\/p>\n<p><a href=\"#Reviews\">Reviews<\/a><\/p>\n<p>Mongolia 2006<\/p>\n<p>&nbsp;<\/p>\n<p>\u2018landlocked\u2019 comprises various recordings of water sources, recorded on a visit to Mongolia in November 2006.<br \/>\nThe work features recordings of the holy spring in Dulaanhaan, a water run-off from a power station in Ulan Bataar, droplets of meltwater on a metal window sill and colliding ice floes amongst the sources.<br \/>\nWater sources were the focus of the work as Mongolia is a land that is known to be mainly arid, and landlocked by Russia to the north and China to the south.<br \/>\nThis work is also significant, as it is all that is left of hours of recordings collected over a two week period, the rest of which were lost due to a faulty external hard drive.<\/p>\n<p>&nbsp;<\/p>\n<p>landlocked<\/p>\n<p>excerpt:<br \/>\n<a title=\"Scotland field recordings 04\" href=\"https:\/\/www.gruenrekorder.de\/mp3\/landlocked-simon_whetham-gruenrekorder056(excerpt).mp3\" target=\"_blank\">MP3<\/a><\/p>\n<p>&nbsp;<\/p>\n<p>1 Track (23&#8217;04&#8220;)<br \/>\nCD-R (50 copies)<\/p>\n<p>&nbsp;<\/p>\n<p><a href=\"https:\/\/www.gruenrekorder.de\/Photos\/simon_whetham\/simon1.jpg\" rel=\"lightbox\"><img decoding=\"async\" title=\"Photography: Carl Whetham\" src=\"https:\/\/www.gruenrekorder.de\/Photos\/simon_whetham\/simon1.jpg\" alt=\"Photography: Carl Whetham\" width=\"200\" border=\"1\" \/><\/a><\/p>\n<p>&nbsp;<\/p>\n<p><a href=\"https:\/\/www.gruenrekorder.de\/Photos\/simon_whetham\/simon2.jpg\" rel=\"lightbox\"><img decoding=\"async\" title=\"Photography: Carl Whetham\" src=\"https:\/\/www.gruenrekorder.de\/Photos\/simon_whetham\/simon2.jpg\" alt=\"Photography: Carl Whetham\" width=\"200\" border=\"1\" \/><\/a><\/p>\n<p>&nbsp;<\/p>\n<p><a href=\"https:\/\/www.gruenrekorder.de\/Photos\/simon_whetham\/simon3.jpg\" rel=\"lightbox\"><img decoding=\"async\" title=\"Photography: Carl Whetham\" src=\"https:\/\/www.gruenrekorder.de\/Photos\/simon_whetham\/simon3.jpg\" alt=\"Photography: Carl Whetham\" width=\"200\" border=\"1\" \/><\/a><\/p>\n<p>&nbsp;<\/p>\n<p>Photography: Carl Whetham<br \/>\nField Recording Series by Gruenrekorder<br \/>\nGruenrekorder \/ Germany \/ 2008 \/ Gr 056 \/ LC 09488<\/p>\n<p>&nbsp;<\/p>\n<hr size=\"2\" width=\"100%\" \/>\n<p>&nbsp;<\/p>\n<p><a name=\"Reviews\"><\/a><strong>Reviews<\/strong><\/p>\n<p>&nbsp;<\/p>\n<p><strong>Frans de Waard | <a href=\"http:\/\/www.vitalweekly.net\/\" target=\"_blank\">VITAL WEEKLY<\/a><\/strong><br \/>\n[&#8230;] Unlike Simon Whetham I&#8217;ve never been to Mongolia but I believe him when he says that this massive country hasn&#8217;t got much water. Wetham got struck by this and, oddly enough, all the recordings he made in Mongolia, only the water recordings survived. With these he recorded a pure soundscape piece of water flowing and various types of rain (or so it seems) and created a very nice, if not a bit short at twenty-three minutes, piece out of it. Silence, near silence and massive water sounds are mixed together into a soundpicture of a dry country. Quite nice at that, this Lopez like work. [&#8230;]<br \/>\n<a href=\"http:\/\/www.vitalweekly.net\/633.html\" target=\"_blank\">link<\/a><\/p>\n<p>&nbsp;<\/p>\n<p><strong>Ron Schepper | <a href=\"http:\/\/www.textura.org\/\" target=\"_blank\">textura<\/a><\/strong><br \/>\nThat the latter&#8217;s release is dominated by water sounds isn&#8217;t in itself so unusual but it is when one discovers that the material comes from recordings Whetham made during a 2006 visit to Mongolia, an arid country that, caught between Russia to the North and China to the south, is completely landlocked. The EP, part of Gruenrekorder&#8217;s Field Recording Series, presents a twenty-three-minute episodic piece that moves from pure water sounds to percussive episodes (created by droplets striking a metal windowsill) and from micro-sound passages to ones where water barrels forth with crushing force (sound sources include the holy spring in Dulaanhaan, water run-off at a Ulan Bataar power station, and ice floes). The submersive Landlocked\u00a0 offers an interesting, almost diametric contrast to Whetham&#8217;s 2006 Ascension_Suspension\u00a0 EP where cable cars in the French Alps provided sound material.<\/p>\n<p><a href=\"http:\/\/www.textura.org\/reviews\/giesela_riek_whetham_machida.htm\" target=\"_blank\">link<\/a><\/p>\n<p>&nbsp;<\/p>\n<p><strong>Tobias Bolt | <a href=\"http:\/\/www.quietnoise.org\/\" target=\"_blank\">quietnoise<\/a><\/strong><\/p>\n<p>Ein weiteres Album mit Field Recordings auf Gruenrekorder, das sich mit nur dreiundzwanzig Minuten Spieldauer perfekt f\u00fcr eine erfrischende Klangdusche zwischendurch eignet. Die Aufnahmen wurden w\u00e4hrend eines zweiw\u00f6chigen Aufenthalts in der Mongolei get\u00e4tigt und Simon Whetham n\u00e4hert sich diesem trockenen, w\u00fcsten Land ausgerechnet und ausschlie\u00dflich \u00fcber solche, in denen Wasser die erkl\u00e4rte Hauptrolle spielt. Abfl\u00fcsse von Kraftwerken, Wetter und heilige Quellen \u2013 vom zur\u00fcckhaltenden Beginn \u00fcber verspielte Fragmente bis hin zu kr\u00e4ftigem Noise reicht die Palette der Klangereignisse, wobei die einzelnen Passagen recht kurz gehalten sind und sowohl subtil \u00fcberblendet wie auch harsch geschnitten ineinander \u00fcbergehen. Dieses pr\u00e4zise Editing verhilft jedenfalls zu einem sehr kontrastreichen H\u00f6rerlebnis, fantastisch vor allem mit Kopfh\u00f6rern, wenn um den Brennpunkt Wasser noch die jeweiligen Nebenger\u00e4usche eine Rolle spielen. \u00bbLandlocked\u00ab ist also weniger Portrait eines Landes \u2013 dazu ist sowohl die Zeit zu knapp bemessen wie auch der Fokus zu eng gesetzt \u2013 als ein faszinierender Blickwinkel auf dieses zwischen Russland und China eingeschlossene Gebiet. Ein eigenwilliger, ganz und gar nicht offensichtlicher, aber in jeglicher Hinsicht \u00fcberzeugender Zugang.<\/p>\n<p><a href=\"http:\/\/www.quietnoise.org\/main.php?mode=r&amp;id=121&amp;arc=curr#currid\" target=\"_blank\">link<\/a><\/p>\n","protected":false},"excerpt":{"rendered":"<p>&nbsp; landlocked | Simon Whetham Gr 056 | Gruen CD-R &gt; [Sold Out] MP3 &amp; FLAC &gt; [order] Reviews Mongolia 2006 &nbsp; \u2018landlocked\u2019 comprises various recordings of water sources, recorded on a visit to Mongolia in November 2006. The work features recordings of the holy spring in Dulaanhaan, a water run-off from a power station [&hellip;]<\/p>\n","protected":false},"author":3,"featured_media":0,"parent":0,"menu_order":0,"comment_status":"open","ping_status":"open","template":"","meta":{"ngg_post_thumbnail":0,"footnotes":""},"class_list":["post-285","page","type-page","status-publish","hentry"],"_links":{"self":[{"href":"https:\/\/www.gruenrekorder.de\/index.php?rest_route=\/wp\/v2\/pages\/285","targetHints":{"allow":["GET"]}}],"collection":[{"href":"https:\/\/www.gruenrekorder.de\/index.php?rest_route=\/wp\/v2\/pages"}],"about":[{"href":"https:\/\/www.gruenrekorder.de\/index.php?rest_route=\/wp\/v2\/types\/page"}],"author":[{"embeddable":true,"href":"https:\/\/www.gruenrekorder.de\/index.php?rest_route=\/wp\/v2\/users\/3"}],"replies":[{"embeddable":true,"href":"https:\/\/www.gruenrekorder.de\/index.php?rest_route=%2Fwp%2Fv2%2Fcomments&post=285"}],"version-history":[{"count":4,"href":"https:\/\/www.gruenrekorder.de\/index.php?rest_route=\/wp\/v2\/pages\/285\/revisions"}],"predecessor-version":[{"id":13308,"href":"https:\/\/www.gruenrekorder.de\/index.php?rest_route=\/wp\/v2\/pages\/285\/revisions\/13308"}],"wp:attachment":[{"href":"https:\/\/www.gruenrekorder.de\/index.php?rest_route=%2Fwp%2Fv2%2Fmedia&parent=285"}],"curies":[{"name":"wp","href":"https:\/\/api.w.org\/{rel}","templated":true}]}}