{"id":301,"date":"2008-08-06T09:05:45","date_gmt":"2008-08-06T07:05:45","guid":{"rendered":"http:\/\/www.gruenrekorder.de\/?page_id=301"},"modified":"2015-01-13T09:00:34","modified_gmt":"2015-01-13T09:00:34","slug":"landscape-in-metamorphoses-budhaditya-chattopadhyay","status":"publish","type":"page","link":"https:\/\/www.gruenrekorder.de\/?page_id=301","title":{"rendered":"landscape in metamorphoses | Budhaditya Chattopadhyay"},"content":{"rendered":"<p><img decoding=\"async\" title=\"Artwork: Lasse-Marc Riek\" src=\"https:\/\/www.gruenrekorder.de\/Photos\/landscape_in_metamorphoses.jpg\" alt=\"Artwork: Lasse-Marc Riek\" border=\"1\" \/><\/p>\n<p>&nbsp;<\/p>\n<p><strong>landscape in metamorphoses | <a href=\"https:\/\/www.gruenrekorder.de\/?page_id=12\">Budhaditya Chattopadhyay<\/a><\/strong><\/p>\n<p>Field Recordings of India<\/p>\n<p>Gr 057 | <a href=\"https:\/\/shop.gruenrekorder.de\/?info#grueneditions\" target=\"_blank\">Gruen CD-R<\/a> &gt; [<span style=\"color: #ff0000;\">Sold Out<\/span>]<\/p>\n<p>MP3 &amp; FLAC &gt; [<a href=\"https:\/\/shop.gruenrekorder.de\/?full#Gruen_057\" target=\"_blank\" >order<\/a>]<\/p>\n<p><a href=\"#Reviews\">Reviews<\/a><\/p>\n<p>&nbsp;<\/p>\n<p>Recorded at \u2018tumbani\u2019 between February and April 2007.<br \/>\nEquipment used: \u2018acoustic engine\u2019 MD recorder from Sony, OKM II binaural microphone from Soundman, and occasionally a KMR shotgun from Neumann.<\/p>\n<p>Recommended listening: by headphone<\/p>\n<p>&nbsp;<\/p>\n<p>Tumbani is a landscape in change; from a greener pasture transforming into one of the busiest industrial belts of Bengal-Bihar border in India. This work is based on an extensive phonographic journey made in this area during the spring of 2007.<\/p>\n<p>The area under attention is mostly inhabited by discreet tribal population who survived with cultivation of land, hunting and a deep-rooted community tradition for many years. In the last few years the area has been discovered of its stone resources, making way into foundation of small-scale industries for cement and concrete. People and land are used in the industrialization process initiating collective change in the landscape, which is quite a common phenomenon in this developing country. A fertile land of rapid change, tumbani is one of the sites which succumbed to the euphoria over industrial development, improving lifestyle and growth, creating lapses in cultural memory.<br \/>\nSound captures this transformation while the acoustic space slowly changes from a rich environmental variety into a monolithic industrial soundscape. As an audio essay the work studies the trajectory of metamorphoses in unprocessed field recording.<br \/>\nFrom a motivation of return and revisit, being spent my childhood here, I realized while going through the recording experience, the topography of my childhood already disappeared into nostalgia. Not merely a sonic representation of a transfigured landscape, this work is also a lamentation over my own personal loss of memory-associations.<\/p>\n<p>&nbsp;<\/p>\n<p>landscape in metamorphoses<br \/>\nexcerpt:<br \/>\n<a title=\"Scotland field recordings 04\" href=\"https:\/\/www.gruenrekorder.de\/mp3\/budhaditya_chattopadhyay-landscape_in_metamorphoses_(excerpt)-gruenrekorder057.mp3\" target=\"_blank\">MP3<\/a><\/p>\n<p>&nbsp;<\/p>\n<p>1 Track (26&#8217;02&#8220;)<br \/>\nCD-R (50 copies)<\/p>\n<p>&nbsp;<\/p>\n<p>Dedicated to my father<\/p>\n<p>&nbsp;<\/p>\n<p>Contact:<\/p>\n<p><a href=\"http:\/\/budhaditya.org\" target=\"_blank\">http:\/\/budhaditya.org<\/a><br \/>\n<a href=\"mailto:mail@budhaditya.org\">mail@budhaditya.org<\/a><\/p>\n<p>&nbsp;<\/p>\n<p>Field Recording Series by Gruenrekorder<br \/>\nGruenrekorder \/ Germany \/ 2008 \/ Gr 057 \/ LC 09488<\/p>\n<p>&nbsp;<\/p>\n<hr size=\"2\" width=\"100%\" \/>\n<p>&nbsp;<\/p>\n<p><a name=\"Reviews\"><\/a><strong>Reviews<\/strong><\/p>\n<p>&nbsp;<\/p>\n<p><strong>Stephen Fruitman<\/strong><strong> | <a href=\"http:\/\/sonomu.net\" target=\"_blank\">sonomu.net<\/a><br \/>\n<\/strong><\/p>\n<p>No other nation is as synonymous with \u201dmetamorphosis\u201d as India. While its civilization is ancient, its vast population is wildly heterogeneous, its landscape richly variegated, its gods innumerable and mercurial. Millions make pilgrimmages seeking one sort of enlightenment or another. Its musics are arguably more well-known and influential than those of any non-Western nation. And in the discourse on the transformation of the global economy, India\u00b4s name is a constant.<\/p>\n<p>\u201dAudio practitioner\u201d Budhaditya Chattopadhyay has chosen to illustrate the transformations of India in its most prosaic but palpable form, as he records the sound of Tumbani, the region in which he grew up and which is undergoing such a drastic modernization, he fears for the survival of the collective memory.<\/p>\n<p>Chattopadhyay deftly edits and manipulates the long road travelled into one, linked environment as it transforms from agricultural and pastoral to urban, overpopulated and industrialized. The journey begins with the farmyard idyll of little children and twittering baby chicks and ends surrounded by concrete. Along the way we pass through markets, construction sites, deforestation crews. Near the end, this audio essay turns whimsically lyrical, as a tribal drum and dance ceremony is caught up in an eddy of voice loops, proving Chattopadhyay has as much an ear for music as he does for documentary detail.<\/p>\n<p>(A gallery unreleated to Chattopadhyay featuring eloquent photographs of Tumbani can be visited at <a href=\"http:\/\/juliasmirnova.com\/tumbani\/1.html\" target=\"_blank\">http:\/\/juliasmirnova.com\/tumbani\/1.html<\/a>)<\/p>\n<p><a href=\"http:\/\/sonomu.net\/text\/~budhaditya-chatt\/\" target=\"_blank\">link<\/a><\/p>\n<p>&nbsp;<\/p>\n<p><strong>Tobias Fischer | <a href=\"http:\/\/www.tokafi.com\/\" target=\"_blank\">tokafi<\/a><\/strong><\/p>\n<p>Budhaditya Chattopadhyay: Documents a Landscape in Metamorphoses<\/p>\n<p>&#8222;Audio Practitioner&#8220; Budhaditya Chattopadhyay is drawing attention to the rapid social and geocultural transformation of his native India on his latest album. &#8222;Landscape in Metamorphoses&#8220;, a 26-minute collection of field recordings on German label Gruenrekorder, documents the stormy environmental changes taking place in Tumbani, &#8222;one of the busiest industrial belts at the Bengal-Bihar border&#8220;. Recorded between February and April of last year with little more than a simple MD recorder and a binaural microphone, &#8222;Landscape in Metamorphoses&#8220; aims at delivering both a vivid sonic snapshot and a strong political statement: &#8222;The area under attention is mostly inhabited by discreet tribal population who survived with cultivation of land, hunting and a deep-rooted community tradition for many years&#8220;, Budhaditya Chattopadhyay explained, &#8222;In the last few years the area has been discovered of its stone resources, making way into foundation of small-scale industries for cement and concrete. People and land are used in the industrialization process initiating collective change in the landscape, which is quite a common phenomenon in this developing country. A fertile land of rapid change, tumbani is one of the sites which succumbed to the euphoria over industrial development, improving lifestyle and growth, creating lapses in cultural memory.&#8220;<\/p>\n<p>&nbsp;<\/p>\n<p>To Budhaditya Chattopadhyay, sound is ideally suited for making these processes transparent. The richly detailed sonic exuberance has made way for a static and oppressive industrial noisescape. By presenting his recordings in their pure original state, Chattopadhyay emphasizes their political aspect, while leaving questions of exact interpretation to the listener.<br \/>\nDespite its analytical nature, &#8222;Landscape in Metamorphoses&#8220; also deals with feelings of helplessness at loosing one\u2019s most cherished memories &#8211; and is therefore ultimately a deeply personal work: &#8222;From a motivation of return and revisit, being spent my childhood here, I realized while going through the recording experience, the topography of my childhood already disappeared into nostalgia. Not merely a sonic representation of a transfigured landscape, this work is also a lamentation over my own personal loss of memory-associations.&#8220;<\/p>\n<p><a href=\"http:\/\/www.tokafi.com\/news\/budhaditya-chattopadhyay-documents-landscape\/\" target=\"_blank\">link<\/a><\/p>\n<p>&nbsp;<\/p>\n<p><strong>Frans de Waard | <a href=\"http:\/\/www.vitalweekly.net\/\" target=\"_blank\">VITAL WEEKLY<\/a><\/strong><\/p>\n<p>Its never easy to judge field recordings, but things might be more difficult if the place that is subject is unknown to the reviewer. Such is the case with a place called Tumbai, &#8218;a landscape in change; from a greener pasture transforming into one of the busiest industrial belts of Bengal-Bihar border in India&#8216;, so says Budhaditya Chattopadhyay on the cover of his piece &#8218;Landscape In Metamorphoses&#8216;. Had we not known this, could we have told after hearing this? Always a though question, since simply we know now and yes, we can tell now. It starts with what we could agrarian surround sounds, with animal sounds, people talking but over the course of the piece some mechanical, motor like sounds come in. That may be the &#8218;industrial belts&#8216; at work, but could be the engine of a motorboat. Its never easy, is it? I must say however that I quite enjoyed this release, simply for the story like way of putting the piece together and the excellent quality of the recordings, simply pass the political implications that this release also has. Excellent stuff. (FdW)<\/p>\n<p><a href=\"http:\/\/www.vitalweekly.net\/640.html\" target=\"_blank\">link<\/a><\/p>\n<p>&nbsp;<\/p>\n<p>&nbsp;<\/p>\n<p><strong>Tobias Bolt | <a href=\"http:\/\/www.quietnoise.org\/\" target=\"_blank\">quietnoise<\/a><\/strong><\/p>\n<p>Auf \u00bbLandscape in Metamorphoses\u00ab l\u00e4sst uns Budhaditya Chattopadhyay unbearbeitete Feldaufnahmen aus Tumbani, einer Ortschaft in Bengal, Indien, h\u00f6ren. Mit relativ einfachen Mitteln, einem MD-Recorder und binauralen Mikrophonen, aufgenommen, stellt er Kl\u00e4nge aus dem urspr\u00fcnglichen, traditionellen Leben den monotonen, \u00fcberm\u00e4chtigen Sounds der in dieser Gegend rapide vor sich gehenden Industrialisierungsprozesse gegen\u00fcber. Dynamische Klangbilder von Menschen, spielenden Kindern, Haustieren und allt\u00e4glichen Arbeiten werden dabei langsam aber unaufhaltsam von Maschinenl\u00e4rm, Verkehr, Technik zugedeckt und verflacht. So bietet das Album nicht nur ein sehr eindr\u00fcckliches H\u00f6rerlebnis, sondern ist selbstverst\u00e4ndlich auch als politisches Statement zu verstehen. Dass der K\u00fcnstler seine Kindheit in Tumbani verbracht hat und sich mit diesem Projekt auch auf die Suche nach einer l\u00e4ngst in Richtung Nostalgie entschwundenen Klangtopographie begeben hat, er\u00f6ffnet noch eine dritte, sehr pers\u00f6nliche und poetische Wirkungsebene. Ein wirklich gelungenes Album also und dar\u00fcber hinaus beeindruckendes Beispiel f\u00fcr die kraftvollen M\u00f6glichkeiten von Field Recordings.<\/p>\n<p><a href=\"http:\/\/www.quietnoise.org\/main.php?mode=r&amp;id=120&amp;arc=curr#currid\" target=\"_blank\">link<\/a><\/p>\n<p>&nbsp;<\/p>\n<p><strong>Ron Schepper | <a href=\"http:\/\/www.textura.org\/\" target=\"_blank\">textura<\/a><\/strong><br \/>\nSay the word \u201cGruenrekorder\u201d and field recordings come to mind. In that regard, Budhaditya Chattopadhyay&#8217;s Landscape in Metamorphoses\u2014in essence, field recordings of India\u2014is perfectly in keeping with the label&#8217;s reputation. Paradis Paysan, on the other hand, a recording by Tobias Fischer under the Feu Follet guise, surprises by being less a pure field outing and instead more of an ambient work.<\/p>\n<p>&nbsp;<\/p>\n<p>The Landscape in Metamorphoses title is pointedly chosen, as Chattopadhyay&#8217;s twenty-six-minute \u201cphonographic\u201d documentary was recorded in early 2007at Tumbani, a landscape undergoing transformation from a green pasture into an industrial belt along the Bengal-Bihar border. The area undergoing change was inhabited by a tribal population whose long-standing natural lifestyle (land cultivation, hunting) found itself subjected to rapid industrial change when the locale&#8217;s stone resources were discovered and then used to establish cement and concrete industries. Consequently, the rich tapestry of village life heard at the beginning\u2014voices of adults and children, the caw of roosters and snort of pigs\u2014is slowly supplanted by an impersonal industrial ambiance\u2014sounds of building and hammering and rapidly churning machinery\u2014that reduces the bustle of the original community life to a mere memory. During the closing minutes, the community&#8217;s multitude of voices and chanting returns, indicative perhaps of a community spirit that can&#8217;t be obliterated by industrial \u201cprogress.\u201d In this case, Chattopadhyay&#8217;s work distinguishes itself from an hypothetically \u201cpure\u201d field recording by its strongly delineated narrative trajectory. [&#8230;]<\/p>\n<p><a href=\"http:\/\/www.textura.org\/reviews\/chattopadhyay_feufollet.htm\" target=\"_blank\">link<\/a><\/p>\n<p>&nbsp;<\/p>\n<p><strong>Tina Manske | <a href=\"http:\/\/www.titel-magazin.de\/\" target=\"_blank\">Titel &#8211; Kulturmagazin<\/a><\/strong><\/p>\n<p>Das Label Gruenrekorder widmet sich ungew\u00f6hnlichen Feldaufnahmen und der Aufzeichnung von Sounds aller Art. [&#8230;]<\/p>\n<p>Auch Budhaditya Chattopadhyay dokumentiert in seinem Beitrag \u201eLandscape In Metamorphoses\u201c Ver\u00e4nderung, n\u00e4mlich die Ver\u00e4nderung, die sein Heimatland Indien und darin die Provinz Tumbani an der Grenze zu Bengalen gerade durchmacht. Von der traditionellen Landwirtschaft entwickelt man sich hier rasant zu einem schnell wachsenden Industrieg\u00fcrtel. Zu Beginn h\u00f6ren wir einen typischen Bauernhof: H\u00e4hne kr\u00e4hen, Kinder lachen, Schweine grunzen. Nach und nach mischen sich Motorenger\u00e4usche unter die Gespr\u00e4che der Menschen (die man gerne verstehen w\u00fcrde, worum mag es wohl gehen?), Metall durchschneidet das Vogelgezwitscher. Chattopadhyay arbeitet mit Echos und sampelt auch gerne, billige Gut\/Schlecht-Antagonismen findet man bei ihm allerdings nicht, auch die Arbeiter, die das Dorf umgraben und zubauen sollen, haben ihren Spa\u00df dabei. Allerdings wird einem schnell klar, dass es Ger\u00e4usche gibt, die wir bald nur noch in Archiven h\u00f6ren werden \u2013 wie zum Beispiel das Knarzen eines Seils, an dem ein Wassereimer hochgezogen wird.<\/p>\n<p>[&#8230;] Beide CDs sollte man unbedingt \u00fcber Kopfh\u00f6rer h\u00f6ren \u2013 ein faszinierendes Erlebnis.<\/p>\n<p><a href=\"http:\/\/www.titel-magazin.de\/modules.php?op=modload&amp;name=News&amp;file=article&amp;sid=8012\" target=\"_blank\">link<\/a><\/p>\n","protected":false},"excerpt":{"rendered":"<p>&nbsp; landscape in metamorphoses | Budhaditya Chattopadhyay Field Recordings of India Gr 057 | Gruen CD-R &gt; [Sold Out] MP3 &amp; FLAC &gt; [order] Reviews &nbsp; Recorded at \u2018tumbani\u2019 between February and April 2007. Equipment used: \u2018acoustic engine\u2019 MD recorder from Sony, OKM II binaural microphone from Soundman, and occasionally a KMR shotgun from Neumann. [&hellip;]<\/p>\n","protected":false},"author":3,"featured_media":0,"parent":0,"menu_order":0,"comment_status":"open","ping_status":"open","template":"","meta":{"ngg_post_thumbnail":0,"footnotes":""},"class_list":["post-301","page","type-page","status-publish","hentry"],"_links":{"self":[{"href":"https:\/\/www.gruenrekorder.de\/index.php?rest_route=\/wp\/v2\/pages\/301","targetHints":{"allow":["GET"]}}],"collection":[{"href":"https:\/\/www.gruenrekorder.de\/index.php?rest_route=\/wp\/v2\/pages"}],"about":[{"href":"https:\/\/www.gruenrekorder.de\/index.php?rest_route=\/wp\/v2\/types\/page"}],"author":[{"embeddable":true,"href":"https:\/\/www.gruenrekorder.de\/index.php?rest_route=\/wp\/v2\/users\/3"}],"replies":[{"embeddable":true,"href":"https:\/\/www.gruenrekorder.de\/index.php?rest_route=%2Fwp%2Fv2%2Fcomments&post=301"}],"version-history":[{"count":7,"href":"https:\/\/www.gruenrekorder.de\/index.php?rest_route=\/wp\/v2\/pages\/301\/revisions"}],"predecessor-version":[{"id":13317,"href":"https:\/\/www.gruenrekorder.de\/index.php?rest_route=\/wp\/v2\/pages\/301\/revisions\/13317"}],"wp:attachment":[{"href":"https:\/\/www.gruenrekorder.de\/index.php?rest_route=%2Fwp%2Fv2%2Fmedia&parent=301"}],"curies":[{"name":"wp","href":"https:\/\/api.w.org\/{rel}","templated":true}]}}