{"id":508,"date":"2009-08-09T19:07:36","date_gmt":"2009-08-09T17:07:36","guid":{"rendered":"http:\/\/www.gruenrekorder.de\/?page_id=508"},"modified":"2015-01-13T08:56:54","modified_gmt":"2015-01-13T08:56:54","slug":"recorded-in-china-thomas-andre","status":"publish","type":"page","link":"https:\/\/www.gruenrekorder.de\/?page_id=508","title":{"rendered":"Recorded in China | Thomas Andr\u00e9"},"content":{"rendered":"<p><strong><img decoding=\"async\" title=\"Recorded in China | Thomas Andr\u00e9\" src=\"https:\/\/www.gruenrekorder.de\/Photos\/gr069\/gr69.jpg\" alt=\"Recorded in China | Thomas Andr\u00e9\" border=\"1\" \/>\u00a0<\/strong><\/p>\n<p>&nbsp;<\/p>\n<p><strong>Recorded in China | <a href=\"https:\/\/www.gruenrekorder.de\/?page_id=296\">Thomas Andr\u00e9<\/a><\/strong><a href=\"https:\/\/www.gruenrekorder.de\/?page_id=296\"><br \/>\n<\/a> Gr 069 | <a href=\"https:\/\/shop.gruenrekorder.de\/?info#grueneditions\" target=\"_blank\">Gruen CD-R<\/a> &gt; [<span style=\"color: #ff0000;\">Sold Out<\/span>]<br \/>\nMP3 &amp; FLAC &gt; [<a href=\"https:\/\/shop.gruenrekorder.de\/?full#Gruen_069\" target=\"_blank\">order<\/a>]<\/p>\n<p><a href=\"#review\">Reviews<\/a><\/p>\n<p>&nbsp;<\/p>\n<p>These recordings were taken mostly in Beijing, in the spring 2007 \u2013 the Great Wall implied a four-hour bus drive. They show what I found and might have been looking for or expecting, and what I failed to find or notice or understand.<\/p>\n<p>They are the account of my wanderings in the city. I got lost, often.<\/p>\n<p>&nbsp;<\/p>\n<p>01. Airport 6AM<\/p>\n<p><a href=\"https:\/\/www.gruenrekorder.de\/mp3\/airport_6am.mp3\" target=\"_blank\">MP3<\/a><\/p>\n<p>02. Choir of the Temple of Heaven<\/p>\n<p>03. Great Wall<\/p>\n<p><a href=\"https:\/\/www.gruenrekorder.de\/mp3\/great_wall.mp3\" target=\"_blank\">MP3<\/a><\/p>\n<p>04. Roller Coaster<\/p>\n<p>05. Men Sing<\/p>\n<p>06 &amp; 07 &amp; 08. Tao Temple<\/p>\n<p><a href=\"https:\/\/www.gruenrekorder.de\/mp3\/tao_temple.mp3\" target=\"_blank\">MP3<\/a><\/p>\n<p>09. Women Sing<\/p>\n<p>10. Night in Beijing<\/p>\n<p>&nbsp;<\/p>\n<p><a href=\"https:\/\/www.gruenrekorder.de\/Photos\/gr069\/temple-of-heaven.jpg\" rel=\"lightbox\"><img decoding=\"async\" src=\"https:\/\/www.gruenrekorder.de\/Photos\/gr069\/temple-of-heaven.jpg\" alt=\"\" width=\"150\" border=\"1\" \/><\/a><\/p>\n<p>&nbsp;<\/p>\n<p><a href=\"https:\/\/www.gruenrekorder.de\/Photos\/gr069\/trafic.jpg\" rel=\"lightbox\"><img decoding=\"async\" src=\"https:\/\/www.gruenrekorder.de\/Photos\/gr069\/trafic.jpg\" alt=\"\" width=\"150\" border=\"1\" \/><\/a><\/p>\n<p>&nbsp;<\/p>\n<p><a href=\"https:\/\/www.gruenrekorder.de\/Photos\/gr069\/tree.jpg\" rel=\"lightbox\"><img decoding=\"async\" src=\"https:\/\/www.gruenrekorder.de\/Photos\/gr069\/tree.jpg\" alt=\"\" width=\"150\" border=\"1\" \/><\/a><\/p>\n<p>&nbsp;<\/p>\n<p><a href=\"https:\/\/www.gruenrekorder.de\/Photos\/gr069\/soldier-sitting.jpg\" rel=\"lightbox\"><img decoding=\"async\" src=\"https:\/\/www.gruenrekorder.de\/Photos\/gr069\/soldier-sitting.jpg\" alt=\"\" width=\"150\" border=\"1\" \/><\/a><\/p>\n<p>&nbsp;<\/p>\n<p><a href=\"https:\/\/www.gruenrekorder.de\/Photos\/gr069\/bicycles.jpg\" rel=\"lightbox\"><img decoding=\"async\" src=\"https:\/\/www.gruenrekorder.de\/Photos\/gr069\/bicycles.jpg\" alt=\"\" width=\"150\" border=\"1\" \/><\/a><\/p>\n<p>&nbsp;<\/p>\n<p>10 Tracks (49\u203217&#8243;)<br \/>\nCD-R (50 copies)<\/p>\n<p>(c) Artwork \/ Audio \/ Photos by Thomas Andr\u00e9<br \/>\nField Recording Series by Gruenrekorder<br \/>\nGruenrekorder \/ Germany \/ 2009 \/ Gr 069 \/ LC 09488<\/p>\n<p>&nbsp;<\/p>\n<hr size=\"2\" width=\"100%\" \/>\n<p>&nbsp;<\/p>\n<p><a name=\"review\"><\/a><strong>Reviews<\/strong><\/p>\n<p>&nbsp;<\/p>\n<p><strong>Guillermo Escudero | <a href=\"http:\/\/www.loop.cl\" target=\"_blank\">LOOP<\/a><\/strong><\/p>\n<p>Gruenrekorder is a German label founded in 2003 by Lasse-Marc Riek and Roland Etzin with more than 70 releases in the fields of experimental music and phonography.<br \/>\n&#8222;Recorded in China&#8220; consists in 10 tracks mostly taken in Beijing and in the Great Wall in Spring 2007.<br \/>\nThese are pure field recordings with no treatment that shows various passages of the China capital: airport, temples, Great Wall, parks. In these places we can hear people talking, smiling, singing and playing the Chinese violin and guitar.<br \/>\nThis CD-R in a limited run of 50 copies is a trip in itself that it feels very real.<br \/>\nAndr\u00e9 captures the essence of the environment, its people and landscapes.<\/p>\n<p><a href=\"http:\/\/www.loop.cl\/index.php?option=com_content&amp;task=view&amp;id=666&amp;Itemid=27\" target=\"_blank\">link<\/a><\/p>\n<p>&nbsp;<\/p>\n<p><strong>Frans de Waard | <a href=\"http:\/\/www.vitalweekly.net\/\" target=\"_blank\">VITAL WEEKLY<\/a><\/strong><\/p>\n<p>Today might be the hottest day of summer in The Netherlands. I can barely move between arm chair and computer, or perhaps even think about reviewing music. Listening to music is hardly a problem, switching a CD is a bit more dramatic. So its easier to press &#8218;play&#8216; again and listen to it again. I imagine China to be hot this time of the year too, but Thomas Andr\u00e9 made his recordings in spring 2007. Maybe the weather is better then? The title is as plain as you can get it; &#8218;Recorded In China&#8216; means ten tracks of sounds from that immense country. The cover describes every track in detail: &#8218;Sunny. People, Loners, familias, couples. Near the main temple, a choir gathered and started singing. They are smiling, having fun and making jokes. Leaning on a tree, in the shades&#8216;, is the description for &#8218;Choir Of The Temple Of Heaven&#8216;. I have never been to China. I would like to go, but not because I just heard &#8218;Recorded In China&#8216; twice. These recordings, untreated, unprocessed, as they are, are quite nice, and it just made me more curious about that country. Even when these recordings are quite nice, I sort of wonder who they are for? Maybe its all a bit too pure field recording for me and I rather would like to see something musical be done to them.<\/p>\n<p><a href=\"http:\/\/www.vitalweekly.net\/693.html\" target=\"_blank\">link<\/a><\/p>\n<p>&nbsp;<\/p>\n<p><strong>Tina Manske | <a href=\"http:\/\/www.titel-magazin.de\/\" target=\"_blank\">titel magazin<\/a><\/strong><\/p>\n<p><span class=\"print-normal\">Keine Mittel mehr? Noch nicht mal f\u00fcrs Mittelmeer? Wie w\u00e4r&#8217;s mit einer imagin\u00e4ren Reise in das Reich der Mitte, bequem daheim auf dem Sofa? In der Feldaufnahmen-Reihe des Gruenrekorder-Labels erscheint nun das Reiseportr\u00e4t von Thomas Andr\u00e9 aus dem Jahr 2007. Ein Chor am Himmelstempel, ersch\u00f6pfte Fu\u00dfg\u00e4nger auf der Chinesischen Mauer, zwei M\u00e4nner singend im Park. Andr\u00e9 hat die Zust\u00e4nde, in denen diese zehn Tracks entstanden, ausf\u00fchrlich im begleitenden Text beschrieben. Ganz leicht kann man sich fallen lassen in diese akustischen Ausfl\u00fcge, die seltsam minimalistisch anmuten und keinerlei Gef\u00fchl oder gar <em>message<\/em> vorgeben. Einfach mal hinh\u00f6ren, wenn ein Vogel singt oder ein M\u00f6nch vorbeischlappt, w\u00e4hrend im Hintergrund die Gro\u00dfstadt im Verkehrsrauschen versinkt.<\/span><\/p>\n<p><a href=\"http:\/\/www.titel-magazin.de\/print.php?sid=8426&amp;POSTNUKESID=5e42ca1b3f51ce155a5bd48bf62ec89a\" target=\"_blank\"><span class=\"print-normal\">link<\/span><\/a><\/p>\n<p>&nbsp;<\/p>\n<p><strong>Jez riley French | <a href=\"http:\/\/jezrileyfrench-inplace.blogspot.com\" target=\"_blank\">&#8218;IN PLACE&#8216;<\/a><\/strong><\/p>\n<p><span class=\"print-normal\">Let me begin by saying that track 8 &#8211; &#8217;night in Beijing&#8216; makes this a worthwhile purchase on it&#8217;s own. In fact for me it&#8217;s probably a track that is best heard in isolation from the others as it&#8217;s the only one that really goes beyond the audio postcard approach of this release.<\/span><\/p>\n<p><span class=\"print-normal\"><br \/>\nNow, I have been known to be critical of field recordings that are more or less &#8218;travelogue&#8216; &amp; my reasons ae simply to do with having listened to a lot of field recordings for a very long time. I don&#8217;t think it&#8217;s possible to capture anything emotive of a place by simply pointing a microphone at it and bunging the results onto a cd. That said, it&#8217;s usually always interesting to listen to location recordings.<\/span><\/p>\n<p><span class=\"print-normal\"><br \/>\nMany of the tracks on Thomas&#8217;s cd capture aspects of local folklore &#8211; music features heavily on 4. There are many, many excellent cd&#8217;s of Chinese traditional music recorded on location &amp; while I assume the intention behind this cd was to provide a representation of the artists trip to China, I was happy to skip these tracks.<\/span><\/p>\n<p><span class=\"print-normal\"><br \/>\nActually, if you program your cd player to just play tracks 2, 5 , 7, 8 &amp; 10 you have, in my opinion, the best of this cd &amp; it seems to hang together better like this. It makes it something &#8218;more&#8216;. These tracks feature various simple, and often quiet moments &#8211; often with a lot of activity somewhere in the landscape but somehow giving an impression that communicates something far more real and far more exciting.<\/span><\/p>\n<p><span class=\"print-normal\"><br \/>\nThe 20+ minute track (8) &#8218;Night in Beijing&#8216; is a recording made from a 10th floor apartment balcony window where Thomas was staying. In the distance one can hear the constant sound of thousands of cars &amp; indeed it&#8217;s a sound that will be familiar to us all. In fact it&#8217;s a recording of one of those sounds we all take for granted and that even can annoy us at times. It&#8217;s a way of recording that I know very well &amp; it&#8217;s this way of capturing a sound that we all take for granted and presenting it in a way that allows the listener to find a new way in, a new way to appreciate sound as something good and interesting rather than an aspect of our lives that just sits there, unnoticed or serving to annoy, that makes field recording such an exciting art form.<\/span><\/p>\n<p><span class=\"print-normal\"><br \/>\nSo, do get hold of this disc &#8211; but take my advice &amp; program your player as I mentioned above &#8211; those 5 tracks are the core of this release &#8211; they are the tracks that make this cd worth the entry price.<\/span><\/p>\n<p><a href=\"http:\/\/jezrileyfrench-inplace.blogspot.com\/2009\/08\/gruenrekorder-thomas-andre.html\" target=\"_blank\"><span class=\"print-normal\">link<\/span><\/a><\/p>\n","protected":false},"excerpt":{"rendered":"<p>\u00a0 &nbsp; Recorded in China | Thomas Andr\u00e9 Gr 069 | Gruen CD-R &gt; [Sold Out] MP3 &amp; FLAC &gt; [order] Reviews &nbsp; These recordings were taken mostly in Beijing, in the spring 2007 \u2013 the Great Wall implied a four-hour bus drive. They show what I found and might have been looking for or [&hellip;]<\/p>\n","protected":false},"author":3,"featured_media":0,"parent":0,"menu_order":0,"comment_status":"open","ping_status":"open","template":"","meta":{"ngg_post_thumbnail":0,"footnotes":""},"class_list":["post-508","page","type-page","status-publish","hentry"],"_links":{"self":[{"href":"https:\/\/www.gruenrekorder.de\/index.php?rest_route=\/wp\/v2\/pages\/508","targetHints":{"allow":["GET"]}}],"collection":[{"href":"https:\/\/www.gruenrekorder.de\/index.php?rest_route=\/wp\/v2\/pages"}],"about":[{"href":"https:\/\/www.gruenrekorder.de\/index.php?rest_route=\/wp\/v2\/types\/page"}],"author":[{"embeddable":true,"href":"https:\/\/www.gruenrekorder.de\/index.php?rest_route=\/wp\/v2\/users\/3"}],"replies":[{"embeddable":true,"href":"https:\/\/www.gruenrekorder.de\/index.php?rest_route=%2Fwp%2Fv2%2Fcomments&post=508"}],"version-history":[{"count":5,"href":"https:\/\/www.gruenrekorder.de\/index.php?rest_route=\/wp\/v2\/pages\/508\/revisions"}],"predecessor-version":[{"id":13312,"href":"https:\/\/www.gruenrekorder.de\/index.php?rest_route=\/wp\/v2\/pages\/508\/revisions\/13312"}],"wp:attachment":[{"href":"https:\/\/www.gruenrekorder.de\/index.php?rest_route=%2Fwp%2Fv2%2Fmedia&parent=508"}],"curies":[{"name":"wp","href":"https:\/\/api.w.org\/{rel}","templated":true}]}}