{"id":91,"date":"2007-02-21T15:35:15","date_gmt":"2007-02-21T13:35:15","guid":{"rendered":"http:\/\/www.fleischwurst.net\/?page_id=91"},"modified":"2026-01-27T11:50:16","modified_gmt":"2026-01-27T11:50:16","slug":"soundscapes","status":"publish","type":"page","link":"https:\/\/www.gruenrekorder.de\/?page_id=91","title":{"rendered":"Soundscapes"},"content":{"rendered":"<p>&nbsp;<\/p>\n<p><a href=\"https:\/\/www.gruenrekorder.de\/?page_id=20917\"><img loading=\"lazy\" decoding=\"async\" style=\"border: 1px solid black;\" src=\"https:\/\/www.gruenrekorder.de\/Photos\/mini\/_gruen_216_cassette_cover_25pix.jpeg\" alt=\"\" width=\"25\" height=\"25\" border=\"1\" \/><\/a><br \/>\n<a href=\"https:\/\/www.gruenrekorder.de\/?page_id=20917\">Gold Lines<\/a><br \/>\nBird &#038; Renoult<\/p>\n<p>&nbsp;<\/p>\n<p><a href=\"https:\/\/www.gruenrekorder.de\/?page_id=21098\"><img loading=\"lazy\" decoding=\"async\" style=\"border: 1px solid black;\" src=\"https:\/\/www.gruenrekorder.de\/Photos\/mini\/_gruen_216_cards_cover-25pix.jpg\" alt=\"\" width=\"25\" height=\"25\" border=\"1\" \/><\/a><br \/>\n<a href=\"https:\/\/www.gruenrekorder.de\/?page_id=21098\">I receive you<\/a><br \/>\nBird &#038; Renoult<\/p>\n<p>&nbsp;<\/p>\n<p><a href=\"https:\/\/www.gruenrekorder.de\/?page_id=20860\"><img loading=\"lazy\" decoding=\"async\" style=\"border: 1px solid black;\" src=\"https:\/\/www.gruenrekorder.de\/Photos\/mini\/_grdl_217_cover_25pix.jpg\" alt=\"\" width=\"25\" height=\"25\" border=\"1\" \/><\/a><br \/>\n<a href=\"https:\/\/www.gruenrekorder.de\/?page_id=20860\">Lopa<\/a><br \/>\nEnrico Coniglio<\/p>\n<p>&nbsp;<\/p>\n<p><a href=\"https:\/\/www.gruenrekorder.de\/?page_id=20966\"><img loading=\"lazy\" decoding=\"async\" style=\"border: 1px solid black;\" src=\"https:\/\/www.gruenrekorder.de\/Photos\/mini\/_gruen_219-25pix.jpg\" alt=\"\" width=\"25\" height=\"25\" border=\"1\" \/><\/a><br \/>\n<a href=\"https:\/\/www.gruenrekorder.de\/?page_id=20966\">Perifaerye<\/a><br \/>\nJorn Ebner<\/p>\n<p>&nbsp;<\/p>\n<p><a href=\"https:\/\/www.gruenrekorder.de\/?page_id=20507\"><img loading=\"lazy\" decoding=\"async\" style=\"border: 1px solid black;\" src=\"https:\/\/www.gruenrekorder.de\/Photos\/mini\/_grdl_218 _cover_25px.jpg\" alt=\"\" width=\"25\" height=\"25\" border=\"1\" \/><\/a><br \/>\n<a href=\"https:\/\/www.gruenrekorder.de\/?page_id=20507\">\u039c\u03b5\u03c3\u03c3\u03ae\u03bd\u03b7 (\u039c\u03b1\u03c5\u03c1\u03bf\u03bc\u03bc\u03ac\u03c4\u03b9)<\/a><br \/>\nBMB con.<\/p>\n<p>&nbsp;<\/p>\n<p><a href=\"https:\/\/www.gruenrekorder.de\/?page_id=18209\"><img loading=\"lazy\" decoding=\"async\" style=\"border: 1px solid black;\" src=\"https:\/\/www.gruenrekorder.de\/Photos\/mini\/_teredo_frontcover.jpg\" alt=\"\" width=\"25\" height=\"25\" border=\"1\" \/><\/a><br \/>\n<a href=\"https:\/\/www.gruenrekorder.de\/?page_id=18209\">TEREDO NAVALIS<\/a><br \/>\nEnrico Coniglio<\/p>\n<p>&nbsp;<\/p>\n<p><a href=\"https:\/\/www.gruenrekorder.de\/?page_id=18165\"><img loading=\"lazy\" decoding=\"async\" style=\"border: 1px solid black;\" src=\"https:\/\/www.gruenrekorder.de\/Photos\/mini\/_uts_cover.jpg\" alt=\"\" width=\"25\" height=\"25\" border=\"1\" \/><\/a><br \/>\n<a href=\"https:\/\/www.gruenrekorder.de\/?page_id=18165\">un|sounding the self \u2014 a portrait<\/a><br \/>\nChristoph Collenberg, Jakob Gengenbach &#038; Bernd Herzogenrath<\/p>\n<p>&nbsp;<\/p>\n<p><a href=\"https:\/\/www.gruenrekorder.de\/?page_id=16867\"><img loading=\"lazy\" decoding=\"async\" style=\"border: 1px solid black;\" src=\"https:\/\/www.gruenrekorder.de\/Photos\/mini\/_dance_of_the_elements.jpg\" alt=\"\" width=\"25\" height=\"25\" border=\"1\" \/><\/a><br \/>\n<a href=\"https:\/\/www.gruenrekorder.de\/?page_id=16867\">De Rerum Natura \/ Dance of the Elements<\/a><br \/>\nMerzouga<\/p>\n<p>&nbsp;<\/p>\n<p><a href=\"https:\/\/www.gruenrekorder.de\/?page_id=16292\"><img loading=\"lazy\" decoding=\"async\" style=\"border: 1px solid black;\" src=\"https:\/\/www.gruenrekorder.de\/Photos\/mini\/_gruen_178_25px.jpg\" alt=\"\" width=\"25\" height=\"25\" border=\"1\" \/><\/a><br \/>\n<a href=\"https:\/\/www.gruenrekorder.de\/?page_id=16292\">PARVENU<\/a><br \/>\nszmt<\/p>\n<p>&nbsp;<\/p>\n<p><a href=\"https:\/\/www.gruenrekorder.de\/?page_id=12032\"><img loading=\"lazy\" decoding=\"async\" style=\"border: 1px solid black;\" src=\"https:\/\/www.gruenrekorder.de\/Photos\/mini\/_SONG_FROM_THE_FOREST-THE_SOUNDTRACK.jpg\" alt=\"\" width=\"25\" height=\"25\" border=\"1\" \/><\/a><br \/>\n<a href=\"https:\/\/www.gruenrekorder.de\/?page_id=12032\">SONG FROM THE FOREST: THE SOUNDTRACK<\/a><br \/>\nSELECTED RECORDINGS OF BAYAKA MUSIC BY LOUIS SARNO<\/p>\n<p>&nbsp;<\/p>\n<p><a href=\"https:\/\/www.gruenrekorder.de\/?page_id=14340\"><img decoding=\"async\" style=\"border: 1px solid black;\" src=\"https:\/\/www.gruenrekorder.de\/Photos\/mini\/_unter_grund_cover_gruen_160.jpg\" alt=\"\" border=\"1\" \/><\/a><br \/>\n<a href=\"https:\/\/www.gruenrekorder.de\/?page_id=14340\">Unter Grund<\/a><br \/>\nChristina Kubisch &#038; Eckehard G\u00fcther<\/p>\n<p>&nbsp;<\/p>\n<p><a href=\"https:\/\/www.gruenrekorder.de\/?page_id=12019\"><img loading=\"lazy\" decoding=\"async\" style=\"border: 1px solid black;\" src=\"https:\/\/www.gruenrekorder.de\/Photos\/mini\/_the_sounding_museum_box_of_treasures-hein_schoer.jpg\" alt=\"\" width=\"25\" height=\"25\" border=\"1\" \/><\/a><br \/>\n<a href=\"https:\/\/www.gruenrekorder.de\/?page_id=12019\">The Sounding Museum: Box of Treasures<\/a><br \/>\nHein Schoer<\/p>\n<p>&nbsp;<\/p>\n<p><a href=\"https:\/\/www.gruenrekorder.de\/?page_id=11006\"><img loading=\"lazy\" decoding=\"async\" style=\"border: 1px solid black;\" src=\"https:\/\/www.gruenrekorder.de\/Photos\/mini\/_merzouga_cover.jpg\" alt=\"\" width=\"25\" height=\"25\" border=\"1\" \/><\/a><br \/>\n<a href=\"https:\/\/www.gruenrekorder.de\/?page_id=11006\">52\u00b046\u2019 North 13\u00b029\u2019 East \u2013 Music for Wax-Cylinders<\/a><br \/>\nMerzouga<\/p>\n<p>&nbsp;<\/p>\n<p><a href=\"https:\/\/www.gruenrekorder.de\/?page_id=10760\"><img loading=\"lazy\" decoding=\"async\" style=\"border: 1px solid black;\" src=\"https:\/\/www.gruenrekorder.de\/Photos\/mini\/_the_hebrides_suite-gruen_127.jpg\" alt=\"\" width=\"25\" height=\"25\" border=\"1\" \/><\/a><\/p>\n<p><a href=\"https:\/\/www.gruenrekorder.de\/?page_id=10760\">The Hebrides Suite<\/a><\/p>\n<p>Cathy Lane<\/p>\n<p>&nbsp;<\/p>\n<p><a href=\"https:\/\/gruenrekorder.de\/?page_id=9841\"><img loading=\"lazy\" decoding=\"async\" src=\"https:\/\/www.gruenrekorder.de\/Photos\/mini\/_blinkhorn_terra_subfonica_gruen117.jpg\" alt=\"\" width=\"25\" height=\"25\" border=\"1\" \/><\/a><\/p>\n<p><a href=\"https:\/\/gruenrekorder.de\/?page_id=9841\">Terra Subf\u00f3nica<\/a><\/p>\n<p>Daniel Blinkhorn<\/p>\n<p>&nbsp;<\/p>\n<p><a href=\"https:\/\/www.gruenrekorder.de\/?page_id=9517\"><img loading=\"lazy\" decoding=\"async\" style=\"border: 1px solid black;\" src=\"https:\/\/www.gruenrekorder.de\/Photos\/mini\/_budhaditya_chattopadhyay_gruen_108.jpg_cover.jpg\" alt=\"\" width=\"25\" height=\"25\" border=\"1\" \/><\/a><\/p>\n<p><a href=\"https:\/\/www.gruenrekorder.de\/?page_id=9517\">elegy for Bangalore<\/a><\/p>\n<p>Budhaditya Chattopadhyay<\/p>\n<p>&nbsp;<\/p>\n<p><a href=\"https:\/\/www.gruenrekorder.de\/?page_id=8213\"><img loading=\"lazy\" decoding=\"async\" src=\"https:\/\/www.gruenrekorder.de\/Photos\/mini\/_gruen-110_cover.jpg\" alt=\"\" width=\"25\" height=\"25\" border=\"1\" \/><\/a><\/p>\n<p><a href=\"https:\/\/www.gruenrekorder.de\/?page_id=8213\">ULTREALITH<\/a><\/p>\n<p>ARTIFICIAL MEMORY TRACE<\/p>\n<p>&nbsp;<\/p>\n<p><a href=\"https:\/\/www.gruenrekorder.de\/?page_id=7023\"><img loading=\"lazy\" decoding=\"async\" style=\"border: 1px solid black;\" src=\"https:\/\/www.gruenrekorder.de\/Photos\/mini\/_gruen-102_pietro_riparbell.jpg\" alt=\"\" width=\"25\" height=\"25\" border=\"1\" \/><\/a><\/p>\n<p><a href=\"https:\/\/www.gruenrekorder.de\/?page_id=7023\">Three Days of Silence<\/a><\/p>\n<p>Pietro Riparbelli<\/p>\n<p>&nbsp;<\/p>\n<p><a href=\"https:\/\/www.gruenrekorder.de\/?page_id=6205\"><img decoding=\"async\" style=\"border: 1px solid black;\" src=\"https:\/\/www.gruenrekorder.de\/Photos\/mini\/_gruen092_cover.jpg\" alt=\"\" border=\"1\" \/><\/a><\/p>\n<p><a href=\"https:\/\/www.gruenrekorder.de\/?page_id=6205\">Mekong Morning Glory<\/a><\/p>\n<p>Merzouga<\/p>\n<p>&nbsp;<\/p>\n<p><a href=\"https:\/\/www.gruenrekorder.de\/?page_id=3722\"><img decoding=\"async\" src=\"https:\/\/www.gruenrekorder.de\/Photos\/mini\/-wenzel_mumbai_cd-gruen86.jpg\" alt=\"\" border=\"1\" \/><\/a><\/p>\n<p><a href=\"https:\/\/www.gruenrekorder.de\/?page_id=3722\">Mumbai Diary<\/a><\/p>\n<p>Bettina Wenzel<\/p>\n<p>&nbsp;<\/p>\n<p><a href=\"https:\/\/gruenrekorder.de\/?page_id=3369\"><img loading=\"lazy\" decoding=\"async\" src=\"https:\/\/www.gruenrekorder.de\/Photos\/mini\/_covergruen_front1.jpg\" alt=\"\" width=\"25\" height=\"24\" border=\"1\" \/><\/a><\/p>\n<p><a href=\"https:\/\/gruenrekorder.de\/?page_id=3369\">Two Weeks in Alert Bay<\/a><\/p>\n<p>Hein Schoer<\/p>\n<p>&nbsp;<\/p>\n<p><a href=\"https:\/\/gruenrekorder.de\/?page_id=342\"><img decoding=\"async\" src=\"https:\/\/www.gruenrekorder.de\/Photos\/mini\/-sonic-antarctica-front.jpg\" alt=\"\" border=\"1\" \/><\/a><\/p>\n<p><a href=\"https:\/\/gruenrekorder.de\/?page_id=342\">Sonic Antarctica<\/a><\/p>\n<p>Andrea Polli<\/p>\n<p>&nbsp;<\/p>\n<hr size=\"2\" width=\"100%\" \/>\n<p>&nbsp;<\/p>\n<p><span style=\"color: #ff0000;\">Sold Out<\/span><\/p>\n<p>Records in this section may still be available from some of our <a href=\"https:\/\/shop.gruenrekorder.de\/?info#distributors\" target=\"_blank\" rel=\"noopener noreferrer\">distributors<\/a>\u00a0or as<\/p>\n<p><a href=\"https:\/\/www.gruenrekorder.de\/?page_id=4801\/\">Gruen Digital<\/a>.<\/p>\n<p>&nbsp;<\/p>\n<p><a title=\"Der Michel und der Dom\" href=\"https:\/\/www.gruenrekorder.de\/?page_id=44\"><img loading=\"lazy\" decoding=\"async\" src=\"https:\/\/www.gruenrekorder.de\/Photos\/mini\/-michel_und_dom.jpg\" alt=\"\" width=\"25\" height=\"24\" border=\"1\" \/> <\/a><br \/>\n<a title=\"Der Michel und der Dom\" href=\"https:\/\/www.gruenrekorder.de\/?page_id=44\">Der Michel und der Dom<\/a><br \/>\nPhilip Samartzis, Roland Etzin, Stefan Funck, Asmus Tietchens, Suspion Breeds Confidence, Gregory B\u00fcttner, Hans Sch\u00fcttler, Martin Moritz, Christoph Korn, Lasse-Marc Riek, Costa Gr\u00f6hn<\/p>\n<p>&nbsp;<\/p>\n<p><a href=\"https:\/\/www.gruenrekorder.de\/?page_id=10931\"><img loading=\"lazy\" decoding=\"async\" style=\"border: 1px solid black;\" src=\"https:\/\/www.gruenrekorder.de\/Photos\/mini\/_burmese_days.jpg\" alt=\"\" width=\"25\" height=\"25\" border=\"1\" \/><\/a><br \/>\n<a href=\"https:\/\/www.gruenrekorder.de\/?page_id=10931\">burmese days<\/a><br \/>\nPeter Kutin<\/p>\n<p>&nbsp;<\/p>\n<p><a href=\"https:\/\/www.gruenrekorder.de\/?page_id=16443\"><img loading=\"lazy\" decoding=\"async\" style=\"border: 1px solid black;\" src=\"https:\/\/www.gruenrekorder.de\/Photos\/mini\/_gruen_180.jpg\" alt=\"\" width=\"25\" height=\"25\" border=\"1\" \/><\/a><br \/>\n<a href=\"https:\/\/www.gruenrekorder.de\/?page_id=16443\">The secret life of the inaudible<\/a><br \/>\nChristina Kubisch &#038; Annea Lockwood<\/p>\n<p>&nbsp;<\/p>\n<p><a href=\"https:\/\/gruenrekorder.de\/?page_id=2301\"><img decoding=\"async\" src=\"https:\/\/www.gruenrekorder.de\/Photos\/mini\/-cover1.jpg\" alt=\"\" border=\"1\" \/><\/a><\/p>\n<p><a href=\"https:\/\/gruenrekorder.de\/?page_id=2301\">Les \u00e9coutis le caire<\/a><br \/>\nGilles Aubry &amp; St\u00e9phane Montavon<\/p>\n<p>&nbsp;<\/p>\n<p><a href=\"https:\/\/www.gruenrekorder.de\/?page_id=4548\"><img decoding=\"async\" src=\"https:\/\/www.gruenrekorder.de\/Photos\/mini\/_gr_080.jpg\" alt=\"\" border=\"1\" \/><\/a><\/p>\n<p><a href=\"https:\/\/www.gruenrekorder.de\/?page_id=4548\">Collection 5<\/a><\/p>\n<p>Slavek Kwi \/ Artificial Memory Trace<\/p>\n<p>&nbsp;<\/p>\n<p><a href=\"https:\/\/www.gruenrekorder.de\/?page_id=410\"><img loading=\"lazy\" decoding=\"async\" src=\"https:\/\/www.gruenrekorder.de\/Photos\/mini\/-magnet.jpg\" alt=\"\" width=\"25\" height=\"24\" border=\"1\" \/><\/a><\/p>\n<p><a href=\"https:\/\/www.gruenrekorder.de\/?page_id=410\">Magnet<\/a><\/p>\n<p>Jeremy Bible &amp; Jason Henry<\/p>\n<p>&nbsp;<\/p>\n<p><a href=\"https:\/\/gruenrekorder.de\/?page_id=360\"><img decoding=\"async\" src=\"https:\/\/www.gruenrekorder.de\/Photos\/mini\/-gr059_front.jpg\" alt=\"\" border=\"1\" \/><\/a><\/p>\n<p><a href=\"https:\/\/gruenrekorder.de\/?page_id=360\">Three field recording compositions<\/a><\/p>\n<p>Falter Bramnk<\/p>\n<p>&nbsp;<\/p>\n<p><a title=\"Defect\" href=\"https:\/\/www.gruenrekorder.de\/?page_id=53\"><img loading=\"lazy\" decoding=\"async\" src=\"https:\/\/www.gruenrekorder.de\/Photos\/mini\/-rasselland%20klein.jpg\" alt=\"\" width=\"25\" height=\"24\" border=\"1\" \/><\/a><\/p>\n<p><a title=\"Defect\" href=\"https:\/\/www.gruenrekorder.de\/?page_id=53\">Defekt<\/a><\/p>\n<p>Rasselland (Etzin\/Riek)<\/p>\n<p>&nbsp;<\/p>\n<p><a title=\"Fluxusfestspiele 2002 Hamburg\" href=\"https:\/\/www.gruenrekorder.de\/?page_id=56\"><img loading=\"lazy\" decoding=\"async\" src=\"https:\/\/www.gruenrekorder.de\/Photos\/mini\/-reflux%20cover%20vorne.jpg\" alt=\"\" width=\"25\" height=\"24\" border=\"1\" \/><\/a><\/p>\n<p><a title=\"Fluxusfestspiele 2002 Hamburg\" href=\"https:\/\/www.gruenrekorder.de\/?page_id=56\">Fluxusfestspiele 2002 Hamburg<\/a><\/p>\n<p>S. Kohmann, H. Sch\u00fcttler, L. M. Riek, C. Gr\u00f6hn, Martin Mross, G. Schaffner, Schnebel, J. Schiek<\/p>\n<p>Reflux (Gr\u00f6hn\/Riek)<\/p>\n<p>&nbsp;<\/p>\n<p><a title=\"Nachtruhe\" href=\"https:\/\/www.gruenrekorder.de\/?page_id=58\"><img loading=\"lazy\" decoding=\"async\" src=\"https:\/\/www.gruenrekorder.de\/Photos\/mini\/-nachtruhe.jpg\" alt=\"\" width=\"25\" height=\"24\" border=\"1\" \/><\/a><\/p>\n<p><a title=\"Nachtruhe\" href=\"https:\/\/www.gruenrekorder.de\/?page_id=58\">Nachtruhe<\/a><\/p>\n<p>Waldlust<\/p>\n<p>&nbsp;<\/p>\n<p><a href=\"https:\/\/gruenrekorder.de\/?page_id=305\"><img loading=\"lazy\" decoding=\"async\" src=\"https:\/\/www.gruenrekorder.de\/Photos\/mini\/-jbjh-marker-cover.jpg\" alt=\"\" width=\"25\" height=\"24\" border=\"1\" \/><\/a><\/p>\n<p><a href=\"https:\/\/gruenrekorder.de\/?page_id=305\">Marker<\/a><\/p>\n<p>Jeremy Bible &amp; Jason Henry<\/p>\n<p>&nbsp;<\/p>\n<p><a href=\"https:\/\/www.gruenrekorder.de\/?page_id=226\"><img loading=\"lazy\" decoding=\"async\" src=\"https:\/\/www.gruenrekorder.de\/Photos\/mini\/-cover_maikko.jpg\" alt=\"\" width=\"25\" height=\"24\" border=\"1\" \/><\/a><\/p>\n<p><a href=\"https:\/\/www.gruenrekorder.de\/?page_id=226\">TLAYACAPAN<\/a><\/p>\n<p>Maikko<\/p>\n<p>&nbsp;<\/p>\n<p><a title=\"Feeding Buzzes of European Bats\" href=\"https:\/\/www.gruenrekorder.de\/?page_id=48\"><img loading=\"lazy\" decoding=\"async\" src=\"https:\/\/www.gruenrekorder.de\/Photos\/mini\/-feeding_buzzes.jpg\" alt=\"\" width=\"25\" height=\"24\" border=\"1\" \/><\/a><\/p>\n<p><a title=\"Feeding Buzzes of European Bats\" href=\"https:\/\/www.gruenrekorder.de\/?page_id=48\">Feeding Buzzes of European Bats<\/a><\/p>\n<p>Lasse-Marc Riek<\/p>\n<p>&nbsp;<\/p>\n<p><a href=\"https:\/\/www.gruenrekorder.de\/?page_id=230\"><img decoding=\"async\" src=\"https:\/\/www.gruenrekorder.de\/Photos\/mini\/-island2.jpg\" alt=\"\" border=\"1\" \/><\/a><\/p>\n<p><a href=\"https:\/\/www.gruenrekorder.de\/?page_id=230\">One Story Told<\/a><\/p>\n<p>Raw Audio<\/p>\n<p>&nbsp;<\/p>\n<p><a title=\"In the Woods\" href=\"https:\/\/www.gruenrekorder.de\/?page_id=43\"><img loading=\"lazy\" decoding=\"async\" src=\"https:\/\/www.gruenrekorder.de\/Photos\/mini\/-im%20geholz%20cover.jpg\" alt=\"\" width=\"25\" height=\"24\" border=\"1\" \/><\/a><\/p>\n<p><a title=\"In the Woods\" href=\"https:\/\/www.gruenrekorder.de\/?page_id=43\">In the Woods<\/a><\/p>\n<p>Costa Gr\u00f6hn<\/p>\n<p>&nbsp;<\/p>\n<p><a href=\"https:\/\/www.gruenrekorder.de\/?page_id=46\"><img loading=\"lazy\" decoding=\"async\" src=\"https:\/\/www.gruenrekorder.de\/Photos\/mini\/-alajaervi%20klein.JPG\" alt=\"\" width=\"25\" height=\"24\" border=\"1\" \/><\/a><\/p>\n<p><a title=\"Alaj\u00e4rvi\u00b4s Voice\" href=\"https:\/\/www.gruenrekorder.de\/?page_id=46\">Alaj\u00e4rvi\u00b4s Voice<\/a><\/p>\n<p>Lasse-Marc Riek<\/p>\n<p>&nbsp;<\/p>\n<p><a title=\"Luminarskuu\" href=\"https:\/\/www.gruenrekorder.de\/?page_id=49\"><img loading=\"lazy\" decoding=\"async\" src=\"https:\/\/www.gruenrekorder.de\/Photos\/mini\/-luminarskuu%20klein.jpg\" alt=\"\" width=\"25\" height=\"24\" border=\"1\" \/><\/a><\/p>\n<p><a title=\"Luminarskuu\" href=\"https:\/\/www.gruenrekorder.de\/?page_id=49\">Luminarskuu<\/a><\/p>\n<p>Lasse-Marc Riek<\/p>\n<p>&nbsp;<\/p>\n<p><a title=\"locating signal\" href=\"https:\/\/www.gruenrekorder.de\/?page_id=50\"><img loading=\"lazy\" decoding=\"async\" src=\"https:\/\/www.gruenrekorder.de\/Photos\/mini\/-ortungssignal%20cover%20vorne.jpg\" alt=\"\" width=\"25\" height=\"24\" border=\"1\" \/><\/a><\/p>\n<p><a title=\"locating signal\" href=\"https:\/\/www.gruenrekorder.de\/?page_id=50\">locating signal<\/a><\/p>\n<p>Lasse-Marc Riek<\/p>\n<p>&nbsp;<\/p>\n<p><a title=\"Sarajevo\" href=\"https:\/\/www.gruenrekorder.de\/?page_id=51\"><img loading=\"lazy\" decoding=\"async\" src=\"https:\/\/www.gruenrekorder.de\/Photos\/mini\/-sarajevo%20cover%20vorne.jpg\" alt=\"\" width=\"25\" height=\"24\" border=\"1\" \/><\/a><\/p>\n<p><a title=\"Sarajevo\" href=\"https:\/\/www.gruenrekorder.de\/?page_id=51\">Sarajevo<\/a><\/p>\n<p>Lasse-Marc Riek<\/p>\n<p>&nbsp;<\/p>\n<p><a title=\"Fragment, Compress\" href=\"https:\/\/www.gruenrekorder.de\/?page_id=52\"><img loading=\"lazy\" decoding=\"async\" src=\"https:\/\/www.gruenrekorder.de\/Photos\/mini\/-cover_web_01.jpg\" alt=\"\" width=\"25\" height=\"24\" border=\"1\" \/><\/a><\/p>\n<p><a title=\"Fragment, Compress\" href=\"https:\/\/www.gruenrekorder.de\/?page_id=52\">Fragment, Compress<\/a><\/p>\n<p>Mystified<\/p>\n<p>&nbsp;<\/p>\n<p><a title=\"Island\" href=\"https:\/\/www.gruenrekorder.de\/?page_id=54\"><img loading=\"lazy\" decoding=\"async\" src=\"https:\/\/www.gruenrekorder.de\/Photos\/mini\/-island%20cover.jpg\" alt=\"\" width=\"25\" height=\"24\" border=\"1\" \/><\/a><\/p>\n<p><a title=\"Island\" href=\"https:\/\/www.gruenrekorder.de\/?page_id=54\">Island<\/a><\/p>\n<p>Raw Audio<\/p>\n<p>&nbsp;<\/p>\n<p><a title=\"Finnish Snow Walks and Dances\" href=\"https:\/\/www.gruenrekorder.de\/?page_id=55\"><img loading=\"lazy\" decoding=\"async\" src=\"https:\/\/www.gruenrekorder.de\/Photos\/mini\/-snow_walk.jpg\" alt=\"\" width=\"25\" height=\"24\" border=\"1\" \/><\/a><\/p>\n<p><a title=\"Finnish Snow Walks and Dances\" href=\"https:\/\/www.gruenrekorder.de\/?page_id=55\">Finnish Snow Walks and Dances<\/a><\/p>\n<p>Ben Galo, Frau Kraushaar, &amp;REW Krell, Martin Moritz, Lasse-Marc Riek, Jens R\u00f6hm, Gabi Schaffner, Tobias Schmitt, FX Schroeder, Hannu Elenius<\/p>\n<p>&nbsp;<\/p>\n<p><a title=\"Xylol\" href=\"https:\/\/www.gruenrekorder.de\/?page_id=57\"><img loading=\"lazy\" decoding=\"async\" src=\"https:\/\/www.gruenrekorder.de\/Photos\/mini\/-xylol_37_startcover.jpg\" alt=\"\" width=\"25\" height=\"24\" border=\"1\" \/><\/a><\/p>\n<p><a title=\"Xylol\" href=\"https:\/\/www.gruenrekorder.de\/?page_id=57\">Xylol<\/a><\/p>\n<p>Stefan Funck<\/p>\n","protected":false},"excerpt":{"rendered":"<p>&nbsp; Gold Lines Bird &#038; Renoult &nbsp; I receive you Bird &#038; Renoult &nbsp; Lopa Enrico Coniglio &nbsp; Perifaerye Jorn Ebner &nbsp; \u039c\u03b5\u03c3\u03c3\u03ae\u03bd\u03b7 (\u039c\u03b1\u03c5\u03c1\u03bf\u03bc\u03bc\u03ac\u03c4\u03b9) BMB con. &nbsp; TEREDO NAVALIS Enrico Coniglio &nbsp; un|sounding the self \u2014 a portrait Christoph Collenberg, Jakob Gengenbach &#038; Bernd Herzogenrath &nbsp; De Rerum Natura \/ Dance of the Elements Merzouga [&hellip;]<\/p>\n","protected":false},"author":3,"featured_media":0,"parent":0,"menu_order":0,"comment_status":"closed","ping_status":"closed","template":"","meta":{"ngg_post_thumbnail":0,"footnotes":""},"class_list":["post-91","page","type-page","status-publish","hentry"],"_links":{"self":[{"href":"https:\/\/www.gruenrekorder.de\/index.php?rest_route=\/wp\/v2\/pages\/91","targetHints":{"allow":["GET"]}}],"collection":[{"href":"https:\/\/www.gruenrekorder.de\/index.php?rest_route=\/wp\/v2\/pages"}],"about":[{"href":"https:\/\/www.gruenrekorder.de\/index.php?rest_route=\/wp\/v2\/types\/page"}],"author":[{"embeddable":true,"href":"https:\/\/www.gruenrekorder.de\/index.php?rest_route=\/wp\/v2\/users\/3"}],"replies":[{"embeddable":true,"href":"https:\/\/www.gruenrekorder.de\/index.php?rest_route=%2Fwp%2Fv2%2Fcomments&post=91"}],"version-history":[{"count":49,"href":"https:\/\/www.gruenrekorder.de\/index.php?rest_route=\/wp\/v2\/pages\/91\/revisions"}],"predecessor-version":[{"id":22169,"href":"https:\/\/www.gruenrekorder.de\/index.php?rest_route=\/wp\/v2\/pages\/91\/revisions\/22169"}],"wp:attachment":[{"href":"https:\/\/www.gruenrekorder.de\/index.php?rest_route=%2Fwp%2Fv2%2Fmedia&parent=91"}],"curies":[{"name":"wp","href":"https:\/\/api.w.org\/{rel}","templated":true}]}}